{"id":1521,"date":"2020-08-26T13:52:12","date_gmt":"2020-08-26T16:52:12","guid":{"rendered":"https:\/\/consultinggroupsa.com.ar\/?page_id=1521"},"modified":"2020-10-15T09:53:47","modified_gmt":"2020-10-15T12:53:47","slug":"salud","status":"publish","type":"page","link":"https:\/\/consultinggroupsa.com.ar\/en\/industries\/health\/","title":{"rendered":"Health"},"content":{"rendered":"<div data-elementor-type=\"wp-post\" data-elementor-id=\"1521\" class=\"elementor elementor-1521\" data-elementor-post-type=\"page\">\n\t\t\t\t\t\t<section class=\"elementor-section elementor-top-section elementor-element elementor-element-761c3b1 elementor-section-boxed elementor-section-height-default elementor-section-height-default\" data-id=\"761c3b1\" data-element_type=\"section\" data-settings=\"{&quot;background_background&quot;:&quot;classic&quot;}\">\n\t\t\t\t\t\t\t<div class=\"elementor-background-overlay\"><\/div>\n\t\t\t\t\t\t\t<div class=\"elementor-container elementor-column-gap-no\">\n\t\t\t\t\t<div class=\"elementor-column elementor-col-100 elementor-top-column elementor-element elementor-element-dcbabd2\" data-id=\"dcbabd2\" data-element_type=\"column\">\n\t\t\t<div class=\"elementor-widget-wrap elementor-element-populated\">\n\t\t\t\t\t\t<div class=\"elementor-element elementor-element-6ad5bf8 elementor-widget elementor-widget-heading\" data-id=\"6ad5bf8\" data-element_type=\"widget\" data-widget_type=\"heading.default\">\n\t\t\t\t<div class=\"elementor-widget-container\">\n\t\t\t<h1 class=\"elementor-heading-title elementor-size-default\">Health<\/h1>\t\t<\/div>\n\t\t\t\t<\/div>\n\t\t\t\t<div class=\"elementor-element elementor-element-2efbbb3 elementor-widget elementor-widget-text-editor\" data-id=\"2efbbb3\" data-element_type=\"widget\" data-widget_type=\"text-editor.default\">\n\t\t\t\t<div class=\"elementor-widget-container\">\n\t\t\t\t\t\t\t<p>Solutions for Health System organizations<\/p>\t\t\t\t\t\t<\/div>\n\t\t\t\t<\/div>\n\t\t\t\t\t<\/div>\n\t\t<\/div>\n\t\t\t\t\t<\/div>\n\t\t<\/section>\n\t\t\t\t<section class=\"elementor-section elementor-top-section elementor-element elementor-element-55401ce4 elementor-section-content-middle elementor-section-boxed elementor-section-height-default elementor-section-height-default\" data-id=\"55401ce4\" data-element_type=\"section\">\n\t\t\t\t\t\t<div class=\"elementor-container elementor-column-gap-no\">\n\t\t\t\t\t<div class=\"elementor-column elementor-col-50 elementor-top-column elementor-element elementor-element-6d9ec1d2\" data-id=\"6d9ec1d2\" data-element_type=\"column\">\n\t\t\t<div class=\"elementor-widget-wrap elementor-element-populated\">\n\t\t\t\t\t\t<div class=\"elementor-element elementor-element-273ee64b elementor-widget-divider--view-line elementor-widget elementor-widget-divider\" data-id=\"273ee64b\" data-element_type=\"widget\" data-widget_type=\"divider.default\">\n\t\t\t\t<div class=\"elementor-widget-container\">\n\t\t\t\t\t<div class=\"elementor-divider\">\n\t\t\t<span class=\"elementor-divider-separator\">\n\t\t\t\t\t\t<\/span>\n\t\t<\/div>\n\t\t\t\t<\/div>\n\t\t\t\t<\/div>\n\t\t\t\t<div class=\"elementor-element elementor-element-516c4463 elementor-widget elementor-widget-heading\" data-id=\"516c4463\" data-element_type=\"widget\" data-widget_type=\"heading.default\">\n\t\t\t\t<div class=\"elementor-widget-container\">\n\t\t\t<h4 class=\"elementor-heading-title elementor-size-default\">Health<\/h4>\t\t<\/div>\n\t\t\t\t<\/div>\n\t\t\t\t\t<\/div>\n\t\t<\/div>\n\t\t\t\t<div class=\"elementor-column elementor-col-50 elementor-top-column elementor-element elementor-element-5121d99b\" data-id=\"5121d99b\" data-element_type=\"column\">\n\t\t\t<div class=\"elementor-widget-wrap elementor-element-populated\">\n\t\t\t\t\t\t<div class=\"elementor-element elementor-element-505b1939 elementor-widget elementor-widget-text-editor\" data-id=\"505b1939\" data-element_type=\"widget\" data-widget_type=\"text-editor.default\">\n\t\t\t\t<div class=\"elementor-widget-container\">\n\t\t\t\t\t\t\t<p>In recent years,<b>\u00a0uncertainty\u00a0<\/b>and the <b>dynamism\u00a0<\/b>are a constant in our<b>\u00a0business reality.<\/b> In this context, organizations are in continuous transformation, so it is difficult to think that they will continue to operate indefinitely in the same way.<br \/>Thus, the strategic business vision, deep knowledge of the environment and a\u00a0<b>competitive advantage<\/b> based on resources and capacities that are difficult to imitate, are key elements to understand this constant and respond with opportunity.<\/p><p>Since our inception, we provide consulting and advice to:<\/p>\t\t\t\t\t\t<\/div>\n\t\t\t\t<\/div>\n\t\t\t\t<div class=\"elementor-element elementor-element-4834a596 elementor-widget elementor-widget-text-editor\" data-id=\"4834a596\" data-element_type=\"widget\" data-widget_type=\"text-editor.default\">\n\t\t\t\t<div class=\"elementor-widget-container\">\n\t\t\t\t\t\t\t<ul><li>Prepaid Medicine Companies<\/li><li>Union Social Works<\/li><li>Management Staff Social Works<\/li><li>Company Social Works.<\/li><li>Retirees and Pensioners Social Work.<\/li><li>Hospitals, Clinics and Private Sanatoriums.<\/li><li>Public hospitals.<\/li><li>Private Diagnosis and Treatment Centers.<\/li><li>Laboratories, chemical and pharmaceutical industry.<\/li><li>Pharmacy networks<\/li><li>National, provincial and municipal governments.<\/li><\/ul>\t\t\t\t\t\t<\/div>\n\t\t\t\t<\/div>\n\t\t\t\t\t<\/div>\n\t\t<\/div>\n\t\t\t\t\t<\/div>\n\t\t<\/section>\n\t\t\t\t<section class=\"elementor-section elementor-top-section elementor-element elementor-element-1090f54e elementor-section-content-middle elementor-section-boxed elementor-section-height-default elementor-section-height-default\" data-id=\"1090f54e\" data-element_type=\"section\" data-settings=\"{&quot;background_background&quot;:&quot;gradient&quot;,&quot;shape_divider_top&quot;:&quot;triangle&quot;}\">\n\t\t\t\t\t<div class=\"elementor-shape elementor-shape-top\" data-negative=\"false\">\n\t\t\t<svg xmlns=\"http:\/\/www.w3.org\/2000\/svg\" viewbox=\"0 0 1000 100\" preserveaspectratio=\"none\">\n\t<path class=\"elementor-shape-fill\" d=\"M500,98.9L0,6.1V0h1000v6.1L500,98.9z\"\/>\n<\/svg>\t\t<\/div>\n\t\t\t\t\t<div class=\"elementor-container elementor-column-gap-no\">\n\t\t\t\t\t<div class=\"elementor-column elementor-col-100 elementor-top-column elementor-element elementor-element-4983030f\" data-id=\"4983030f\" data-element_type=\"column\">\n\t\t\t<div class=\"elementor-widget-wrap elementor-element-populated\">\n\t\t\t\t\t\t<div class=\"elementor-element elementor-element-15e1ae0 elementor-invisible elementor-widget elementor-widget-heading\" data-id=\"15e1ae0\" data-element_type=\"widget\" data-settings=\"{&quot;_animation&quot;:&quot;fadeIn&quot;}\" data-widget_type=\"heading.default\">\n\t\t\t\t<div class=\"elementor-widget-container\">\n\t\t\t<h2 class=\"elementor-heading-title elementor-size-default\">What is Our Proposal for the Health Industry?<\/h2>\t\t<\/div>\n\t\t\t\t<\/div>\n\t\t\t\t<div class=\"elementor-element elementor-element-aaaa6a1 elementor-widget elementor-widget-text-editor\" data-id=\"aaaa6a1\" data-element_type=\"widget\" data-widget_type=\"text-editor.default\">\n\t\t\t\t<div class=\"elementor-widget-container\">\n\t\t\t\t\t\t\t<ul><li style=\"text-align: left;\">Analysis and evaluation of the strategy and organizational culture.<\/li><li style=\"text-align: left;\">Survey, diagnosis and measurement for executives:<ul><li>organizational climate.<\/li><li>of internal communication.<\/li><li>integration and intersectoral cooperation.<\/li><\/ul><\/li><li style=\"text-align: left;\">Design and implementation of continuous improvement processes.<\/li><li style=\"text-align: left;\">Design and implementation of quality assurance systems.<\/li><li style=\"text-align: left;\">E-Management: modern HR management technologies.<\/li><li style=\"text-align: left;\">E-Lerning: design and implementation of training and development plans for companies.<\/li><li style=\"text-align: left;\">Training of instructors and facilitators of high performance work groups.<\/li><li style=\"text-align: left;\">Environmental management to increase your profits.<\/li><li style=\"text-align: left;\">Picture and comunication:<ul><li style=\"text-align: left;\">Internal and external signage projects.<\/li><li style=\"text-align: left;\">Institutional image design.<\/li><li style=\"text-align: left;\">Image audits and customer service.<\/li><\/ul><\/li><\/ul>\t\t\t\t\t\t<\/div>\n\t\t\t\t<\/div>\n\t\t\t\t\t<\/div>\n\t\t<\/div>\n\t\t\t\t\t<\/div>\n\t\t<\/section>\n\t\t\t\t<section class=\"elementor-section elementor-top-section elementor-element elementor-element-7c394482 elementor-section-boxed elementor-section-height-default elementor-section-height-default\" data-id=\"7c394482\" data-element_type=\"section\">\n\t\t\t\t\t\t<div class=\"elementor-container elementor-column-gap-default\">\n\t\t\t\t\t<div class=\"elementor-column elementor-col-100 elementor-top-column elementor-element elementor-element-55607f39\" data-id=\"55607f39\" data-element_type=\"column\">\n\t\t\t<div class=\"elementor-widget-wrap elementor-element-populated\">\n\t\t\t\t\t\t<div class=\"elementor-element elementor-element-3df13386 elementor-widget elementor-widget-text-editor\" data-id=\"3df13386\" data-element_type=\"widget\" data-widget_type=\"text-editor.default\">\n\t\t\t\t<div class=\"elementor-widget-container\">\n\t\t\t\t\t\t\t<p>\t\t<div data-elementor-type=\"section\" data-elementor-id=\"2191\" class=\"elementor elementor-2191\" data-elementor-post-type=\"elementor_library\">\n\t\t\t\t\t<section class=\"elementor-section elementor-top-section elementor-element elementor-element-3c75307f elementor-section-content-middle elementor-section-boxed elementor-section-height-default elementor-section-height-default\" data-id=\"3c75307f\" data-element_type=\"section\" data-settings=\"{&quot;background_background&quot;:&quot;gradient&quot;}\">\n\t\t\t\t\t\t\t<div class=\"elementor-background-overlay\"><\/div>\n\t\t\t\t\t\t\t<div class=\"elementor-container elementor-column-gap-no\">\n\t\t\t\t\t<div class=\"elementor-column elementor-col-33 elementor-top-column elementor-element elementor-element-414ef55d\" data-id=\"414ef55d\" data-element_type=\"column\" data-settings=\"{&quot;background_background&quot;:&quot;classic&quot;}\">\n\t\t\t<div class=\"elementor-widget-wrap elementor-element-populated\">\n\t\t\t\t\t<div class=\"elementor-background-overlay\"><\/div>\n\t\t\t\t\t\t<div class=\"elementor-element elementor-element-4b5dfbea elementor-widget elementor-widget-image\" data-id=\"4b5dfbea\" data-element_type=\"widget\" data-widget_type=\"image.default\">\n\t\t\t\t<div class=\"elementor-widget-container\">\n\t\t\t\t\t\t\t\t\t\t\t\t\t<img fetchpriority=\"high\" decoding=\"async\" width=\"825\" height=\"510\" src=\"https:\/\/consultinggroupsa.com.ar\/wp-content\/uploads\/2020\/09\/centralita-virtual.jpg\" class=\"attachment-large size-large wp-image-2192\" alt=\"\" srcset=\"https:\/\/consultinggroupsa.com.ar\/wp-content\/uploads\/2020\/09\/centralita-virtual.jpg 825w, https:\/\/consultinggroupsa.com.ar\/wp-content\/uploads\/2020\/09\/centralita-virtual-300x185.jpg 300w, https:\/\/consultinggroupsa.com.ar\/wp-content\/uploads\/2020\/09\/centralita-virtual-768x475.jpg 768w, https:\/\/consultinggroupsa.com.ar\/wp-content\/uploads\/2020\/09\/centralita-virtual-24x15.jpg 24w, https:\/\/consultinggroupsa.com.ar\/wp-content\/uploads\/2020\/09\/centralita-virtual-36x22.jpg 36w, https:\/\/consultinggroupsa.com.ar\/wp-content\/uploads\/2020\/09\/centralita-virtual-48x30.jpg 48w\" sizes=\"(max-width: 825px) 100vw, 825px\" \/>\t\t\t\t\t\t\t\t\t\t\t\t\t<\/div>\n\t\t\t\t<\/div>\n\t\t\t\t\t<\/div>\n\t\t<\/div>\n\t\t\t\t<div class=\"elementor-column elementor-col-66 elementor-top-column elementor-element elementor-element-21a055e5\" data-id=\"21a055e5\" data-element_type=\"column\" data-settings=\"{&quot;background_background&quot;:&quot;classic&quot;}\">\n\t\t\t<div class=\"elementor-widget-wrap elementor-element-populated\">\n\t\t\t\t\t\t<div class=\"elementor-element elementor-element-5cf1a892 elementor-widget elementor-widget-heading\" data-id=\"5cf1a892\" data-element_type=\"widget\" data-widget_type=\"heading.default\">\n\t\t\t\t<div class=\"elementor-widget-container\">\n\t\t\t<h3 class=\"elementor-heading-title elementor-size-default\">Contact us<\/h3>\t\t<\/div>\n\t\t\t\t<\/div>\n\t\t\t\t<div class=\"elementor-element elementor-element-379f1507 elementor-widget elementor-widget-text-editor\" data-id=\"379f1507\" data-element_type=\"widget\" data-widget_type=\"text-editor.default\">\n\t\t\t\t<div class=\"elementor-widget-container\">\n\t\t\t\t\t\t\t<p>Together we will find the right way for your Organization<\/p>\t\t\t\t\t\t<\/div>\n\t\t\t\t<\/div>\n\t\t\t\t<div class=\"elementor-element elementor-element-163434b6 elementor-widget elementor-widget-button\" data-id=\"163434b6\" data-element_type=\"widget\" data-widget_type=\"button.default\">\n\t\t\t\t<div class=\"elementor-widget-container\">\n\t\t\t\t\t\t\t<div class=\"elementor-button-wrapper\">\n\t\t\t\t\t<a class=\"elementor-button elementor-button-link elementor-size-sm\" href=\"https:\/\/consultinggroupsa.com.ar\/en\/contacto\/\">\n\t\t\t\t\t\t<span class=\"elementor-button-content-wrapper\">\n\t\t\t\t\t\t<span class=\"elementor-button-icon\">\n\t\t\t\t<i aria-hidden=\"true\" class=\"fas fa-long-arrow-alt-right\"><\/i>\t\t\t<\/span>\n\t\t\t\t\t\t\t\t\t<span class=\"elementor-button-text\">Contact<\/span>\n\t\t\t\t\t<\/span>\n\t\t\t\t\t<\/a>\n\t\t\t\t<\/div>\n\t\t\t\t\t\t<\/div>\n\t\t\t\t<\/div>\n\t\t\t\t\t<\/div>\n\t\t<\/div>\n\t\t\t\t\t<\/div>\n\t\t<\/section>\n\t\t\t\t<\/div>\n\t\t<\/p>\t\t\t\t\t\t<\/div>\n\t\t\t\t<\/div>\n\t\t\t\t\t<\/div>\n\t\t<\/div>\n\t\t\t\t\t<\/div>\n\t\t<\/section>\n\t\t\t\t<\/div>","protected":false},"excerpt":{"rendered":"<p>Salud Soluciones para las organizaciones del Sistema de Salud Salud En los \u00faltimos a\u00f1os, la\u00a0incertidumbre\u00a0y el dinamismo\u00a0son una constante en nuestra\u00a0realidad empresarial. En este contexto las organizaciones se encuentran en continua transformaci\u00f3n, por lo que es dif\u00edcil pensar que seguir\u00e1n operando indefinidamente de la misma forma.Es as\u00ed que la visi\u00f3n estrat\u00e9gica de negocio, el conocimiento [&hellip;]<\/p>\n","protected":false},"author":1,"featured_media":0,"parent":1524,"menu_order":0,"comment_status":"closed","ping_status":"closed","template":"","meta":{"site-sidebar-layout":"no-sidebar","site-content-layout":"page-builder","ast-site-content-layout":"default","site-content-style":"default","site-sidebar-style":"default","ast-global-header-display":"","ast-banner-title-visibility":"","ast-main-header-display":"","ast-hfb-above-header-display":"","ast-hfb-below-header-display":"","ast-hfb-mobile-header-display":"","site-post-title":"disabled","ast-breadcrumbs-content":"","ast-featured-img":"disabled","footer-sml-layout":"","ast-disable-related-posts":"","theme-transparent-header-meta":"enabled","adv-header-id-meta":"","stick-header-meta":"default","header-above-stick-meta":"","header-main-stick-meta":"","header-below-stick-meta":"","astra-migrate-meta-layouts":"default","ast-page-background-enabled":"default","ast-page-background-meta":{"desktop":{"background-color":"var(--ast-global-color-4)","background-image":"","background-repeat":"repeat","background-position":"center center","background-size":"auto","background-attachment":"scroll","background-type":"","background-media":"","overlay-type":"","overlay-color":"","overlay-opacity":"","overlay-gradient":""},"tablet":{"background-color":"","background-image":"","background-repeat":"repeat","background-position":"center center","background-size":"auto","background-attachment":"scroll","background-type":"","background-media":"","overlay-type":"","overlay-color":"","overlay-opacity":"","overlay-gradient":""},"mobile":{"background-color":"","background-image":"","background-repeat":"repeat","background-position":"center center","background-size":"auto","background-attachment":"scroll","background-type":"","background-media":"","overlay-type":"","overlay-color":"","overlay-opacity":"","overlay-gradient":""}},"ast-content-background-meta":{"desktop":{"background-color":"var(--ast-global-color-5)","background-image":"","background-repeat":"repeat","background-position":"center center","background-size":"auto","background-attachment":"scroll","background-type":"","background-media":"","overlay-type":"","overlay-color":"","overlay-opacity":"","overlay-gradient":""},"tablet":{"background-color":"var(--ast-global-color-5)","background-image":"","background-repeat":"repeat","background-position":"center center","background-size":"auto","background-attachment":"scroll","background-type":"","background-media":"","overlay-type":"","overlay-color":"","overlay-opacity":"","overlay-gradient":""},"mobile":{"background-color":"var(--ast-global-color-5)","background-image":"","background-repeat":"repeat","background-position":"center center","background-size":"auto","background-attachment":"scroll","background-type":"","background-media":"","overlay-type":"","overlay-color":"","overlay-opacity":"","overlay-gradient":""}},"footnotes":""},"class_list":["post-1521","page","type-page","status-publish","hentry"],"yoast_head":"<!-- This site is optimized with the Yoast SEO plugin v27.4 - https:\/\/yoast.com\/product\/yoast-seo-wordpress\/ -->\n<title>Salud -<\/title>\n<meta name=\"description\" content=\"Salud Soluciones para las organizaciones del Sistema de Salud Salud En los \u00faltimos a\u00f1os, la\u00a0incertidumbre\u00a0y el dinamismo\u00a0son una constante en\" \/>\n<meta name=\"robots\" content=\"index, follow, max-snippet:-1, max-image-preview:large, max-video-preview:-1\" \/>\n<link rel=\"canonical\" href=\"https:\/\/consultinggroupsa.com.ar\/en\/industrias\/salud\/\" \/>\n<meta property=\"og:locale\" content=\"en_US\" \/>\n<meta property=\"og:type\" content=\"article\" \/>\n<meta property=\"og:title\" content=\"Salud -\" \/>\n<meta property=\"og:description\" content=\"Salud Soluciones para las organizaciones del Sistema de Salud Salud En los \u00faltimos a\u00f1os, la\u00a0incertidumbre\u00a0y el dinamismo\u00a0son una constante en\" \/>\n<meta property=\"og:url\" content=\"https:\/\/consultinggroupsa.com.ar\/en\/industrias\/salud\/\" \/>\n<meta property=\"article:modified_time\" content=\"2020-10-15T12:53:47+00:00\" \/>\n<meta name=\"twitter:card\" content=\"summary_large_image\" \/>\n<meta name=\"twitter:label1\" content=\"Est. reading time\" \/>\n\t<meta name=\"twitter:data1\" content=\"1 minute\" \/>\n<script type=\"application\/ld+json\" class=\"yoast-schema-graph\">{\"@context\":\"https:\\\/\\\/schema.org\",\"@graph\":[{\"@type\":\"WebPage\",\"@id\":\"https:\\\/\\\/consultinggroupsa.com.ar\\\/industrias\\\/salud\\\/\",\"url\":\"https:\\\/\\\/consultinggroupsa.com.ar\\\/industrias\\\/salud\\\/\",\"name\":\"Salud -\",\"isPartOf\":{\"@id\":\"https:\\\/\\\/consultinggroupsa.com.ar\\\/#website\"},\"datePublished\":\"2020-08-26T16:52:12+00:00\",\"dateModified\":\"2020-10-15T12:53:47+00:00\",\"description\":\"Salud Soluciones para las organizaciones del Sistema de Salud Salud En los \u00faltimos a\u00f1os, la\u00a0incertidumbre\u00a0y el dinamismo\u00a0son una constante en\",\"breadcrumb\":{\"@id\":\"https:\\\/\\\/consultinggroupsa.com.ar\\\/industrias\\\/salud\\\/#breadcrumb\"},\"inLanguage\":\"en-US\",\"potentialAction\":[{\"@type\":\"ReadAction\",\"target\":[\"https:\\\/\\\/consultinggroupsa.com.ar\\\/industrias\\\/salud\\\/\"]}]},{\"@type\":\"BreadcrumbList\",\"@id\":\"https:\\\/\\\/consultinggroupsa.com.ar\\\/industrias\\\/salud\\\/#breadcrumb\",\"itemListElement\":[{\"@type\":\"ListItem\",\"position\":1,\"name\":\"Home\",\"item\":\"https:\\\/\\\/consultinggroupsa.com.ar\\\/\"},{\"@type\":\"ListItem\",\"position\":2,\"name\":\"Industrias\",\"item\":\"https:\\\/\\\/consultinggroupsa.com.ar\\\/industrias\\\/\"},{\"@type\":\"ListItem\",\"position\":3,\"name\":\"Salud\"}]},{\"@type\":\"WebSite\",\"@id\":\"https:\\\/\\\/consultinggroupsa.com.ar\\\/#website\",\"url\":\"https:\\\/\\\/consultinggroupsa.com.ar\\\/\",\"name\":\"\",\"description\":\"Un mundo de servicios\",\"publisher\":{\"@id\":\"https:\\\/\\\/consultinggroupsa.com.ar\\\/#organization\"},\"potentialAction\":[{\"@type\":\"SearchAction\",\"target\":{\"@type\":\"EntryPoint\",\"urlTemplate\":\"https:\\\/\\\/consultinggroupsa.com.ar\\\/?s={search_term_string}\"},\"query-input\":{\"@type\":\"PropertyValueSpecification\",\"valueRequired\":true,\"valueName\":\"search_term_string\"}}],\"inLanguage\":\"en-US\"},{\"@type\":\"Organization\",\"@id\":\"https:\\\/\\\/consultinggroupsa.com.ar\\\/#organization\",\"name\":\"Consulting Group SA\",\"url\":\"https:\\\/\\\/consultinggroupsa.com.ar\\\/\",\"logo\":{\"@type\":\"ImageObject\",\"inLanguage\":\"en-US\",\"@id\":\"https:\\\/\\\/consultinggroupsa.com.ar\\\/#\\\/schema\\\/logo\\\/image\\\/\",\"url\":\"https:\\\/\\\/consultinggroupsa.com.ar\\\/wp-content\\\/uploads\\\/2024\\\/06\\\/cropped-CG-Horizontal-con-Slogan-sin-fondo-RGB-40Aniv.png\",\"contentUrl\":\"https:\\\/\\\/consultinggroupsa.com.ar\\\/wp-content\\\/uploads\\\/2024\\\/06\\\/cropped-CG-Horizontal-con-Slogan-sin-fondo-RGB-40Aniv.png\",\"width\":2976,\"height\":990,\"caption\":\"Consulting Group SA\"},\"image\":{\"@id\":\"https:\\\/\\\/consultinggroupsa.com.ar\\\/#\\\/schema\\\/logo\\\/image\\\/\"}}]}<\/script>\n<!-- \/ Yoast SEO plugin. -->","yoast_head_json":{"title":"Salud -","description":"Health Solutions for organizations of the Health System Health In recent years, uncertainty and dynamism are a constant in","robots":{"index":"index","follow":"follow","max-snippet":"max-snippet:-1","max-image-preview":"max-image-preview:large","max-video-preview":"max-video-preview:-1"},"canonical":"https:\/\/consultinggroupsa.com.ar\/en\/industrias\/salud\/","og_locale":"en_US","og_type":"article","og_title":"Salud -","og_description":"Salud Soluciones para las organizaciones del Sistema de Salud Salud En los \u00faltimos a\u00f1os, la\u00a0incertidumbre\u00a0y el dinamismo\u00a0son una constante en","og_url":"https:\/\/consultinggroupsa.com.ar\/en\/industrias\/salud\/","article_modified_time":"2020-10-15T12:53:47+00:00","twitter_card":"summary_large_image","twitter_misc":{"Est. reading time":"1 minute"},"schema":{"@context":"https:\/\/schema.org","@graph":[{"@type":"WebPage","@id":"https:\/\/consultinggroupsa.com.ar\/industrias\/salud\/","url":"https:\/\/consultinggroupsa.com.ar\/industrias\/salud\/","name":"Salud -","isPartOf":{"@id":"https:\/\/consultinggroupsa.com.ar\/#website"},"datePublished":"2020-08-26T16:52:12+00:00","dateModified":"2020-10-15T12:53:47+00:00","description":"Health Solutions for organizations of the Health System Health In recent years, uncertainty and dynamism are a constant in","breadcrumb":{"@id":"https:\/\/consultinggroupsa.com.ar\/industrias\/salud\/#breadcrumb"},"inLanguage":"en-US","potentialAction":[{"@type":"ReadAction","target":["https:\/\/consultinggroupsa.com.ar\/industrias\/salud\/"]}]},{"@type":"BreadcrumbList","@id":"https:\/\/consultinggroupsa.com.ar\/industrias\/salud\/#breadcrumb","itemListElement":[{"@type":"ListItem","position":1,"name":"Home","item":"https:\/\/consultinggroupsa.com.ar\/"},{"@type":"ListItem","position":2,"name":"Industrias","item":"https:\/\/consultinggroupsa.com.ar\/industrias\/"},{"@type":"ListItem","position":3,"name":"Salud"}]},{"@type":"WebSite","@id":"https:\/\/consultinggroupsa.com.ar\/#website","url":"https:\/\/consultinggroupsa.com.ar\/","name":"","description":"Un mundo de servicios","publisher":{"@id":"https:\/\/consultinggroupsa.com.ar\/#organization"},"potentialAction":[{"@type":"SearchAction","target":{"@type":"EntryPoint","urlTemplate":"https:\/\/consultinggroupsa.com.ar\/?s={search_term_string}"},"query-input":{"@type":"PropertyValueSpecification","valueRequired":true,"valueName":"search_term_string"}}],"inLanguage":"en-US"},{"@type":"Organization","@id":"https:\/\/consultinggroupsa.com.ar\/#organization","name":"Consulting Group SA","url":"https:\/\/consultinggroupsa.com.ar\/","logo":{"@type":"ImageObject","inLanguage":"en-US","@id":"https:\/\/consultinggroupsa.com.ar\/#\/schema\/logo\/image\/","url":"https:\/\/consultinggroupsa.com.ar\/wp-content\/uploads\/2024\/06\/cropped-CG-Horizontal-con-Slogan-sin-fondo-RGB-40Aniv.png","contentUrl":"https:\/\/consultinggroupsa.com.ar\/wp-content\/uploads\/2024\/06\/cropped-CG-Horizontal-con-Slogan-sin-fondo-RGB-40Aniv.png","width":2976,"height":990,"caption":"Consulting Group SA"},"image":{"@id":"https:\/\/consultinggroupsa.com.ar\/#\/schema\/logo\/image\/"}}]}},"_links":{"self":[{"href":"https:\/\/consultinggroupsa.com.ar\/en\/wp-json\/wp\/v2\/pages\/1521","targetHints":{"allow":["GET"]}}],"collection":[{"href":"https:\/\/consultinggroupsa.com.ar\/en\/wp-json\/wp\/v2\/pages"}],"about":[{"href":"https:\/\/consultinggroupsa.com.ar\/en\/wp-json\/wp\/v2\/types\/page"}],"author":[{"embeddable":true,"href":"https:\/\/consultinggroupsa.com.ar\/en\/wp-json\/wp\/v2\/users\/1"}],"replies":[{"embeddable":true,"href":"https:\/\/consultinggroupsa.com.ar\/en\/wp-json\/wp\/v2\/comments?post=1521"}],"version-history":[{"count":9,"href":"https:\/\/consultinggroupsa.com.ar\/en\/wp-json\/wp\/v2\/pages\/1521\/revisions"}],"predecessor-version":[{"id":2866,"href":"https:\/\/consultinggroupsa.com.ar\/en\/wp-json\/wp\/v2\/pages\/1521\/revisions\/2866"}],"up":[{"embeddable":true,"href":"https:\/\/consultinggroupsa.com.ar\/en\/wp-json\/wp\/v2\/pages\/1524"}],"wp:attachment":[{"href":"https:\/\/consultinggroupsa.com.ar\/en\/wp-json\/wp\/v2\/media?parent=1521"}],"curies":[{"name":"wp","href":"https:\/\/api.w.org\/{rel}","templated":true}]}}