{"id":1792,"date":"2020-08-30T09:12:53","date_gmt":"2020-08-30T12:12:53","guid":{"rendered":"https:\/\/consultinggroupsa.com.ar\/?page_id=1792"},"modified":"2020-10-08T11:14:40","modified_gmt":"2020-10-08T14:14:40","slug":"su-sistema-de-gestion-de-calidad-funciona-adecuadamente","status":"publish","type":"page","link":"https:\/\/consultinggroupsa.com.ar\/en\/your-quality-management-system-works-properly\/","title":{"rendered":"Is your quality management system working properly?"},"content":{"rendered":"<div data-elementor-type=\"wp-post\" data-elementor-id=\"1792\" class=\"elementor elementor-1792\" data-elementor-post-type=\"page\">\n\t\t\t\t          <div data-parallax-id=\"bdt_scene761c3b1\"\r\n               id=\"bdt_scene761c3b1\" class=\"parallax-scene\">\r\n              \r\n                  \r\n                <div data-depth=\"0.1\"\r\n                     class=\"bdt-scene-item\" style=\"background-position-x: 50%; background-position-y: 50%; background-size: cover;\"><\/div>\r\n\r\n                        <\/div>\r\n\r\n            \t\t<section class=\"has-bdt-parallax elementor-section elementor-top-section elementor-element elementor-element-761c3b1 elementor-section-boxed elementor-section-height-default elementor-section-height-default\" data-id=\"761c3b1\" data-element_type=\"section\" data-settings=\"{&quot;background_background&quot;:&quot;classic&quot;}\">\n\t\t\t\t\t\t\t<div class=\"elementor-background-overlay\"><\/div>\n\t\t\t\t\t\t\t<div class=\"elementor-container elementor-column-gap-no\">\n\t\t\t\t\t<div class=\"elementor-column elementor-col-100 elementor-top-column elementor-element elementor-element-dcbabd2\" data-id=\"dcbabd2\" data-element_type=\"column\">\n\t\t\t<div class=\"elementor-widget-wrap elementor-element-populated\">\n\t\t\t\t\t\t<div class=\"elementor-element elementor-element-6ad5bf8 elementor-widget elementor-widget-heading\" data-id=\"6ad5bf8\" data-element_type=\"widget\" data-widget_type=\"heading.default\">\n\t\t\t\t<div class=\"elementor-widget-container\">\n\t\t\t<h1 class=\"elementor-heading-title elementor-size-default\">Is your quality management system working properly?<\/h1>\t\t<\/div>\n\t\t\t\t<\/div>\n\t\t\t\t<div class=\"elementor-element elementor-element-2efbbb3 elementor-widget elementor-widget-text-editor\" data-id=\"2efbbb3\" data-element_type=\"widget\" data-widget_type=\"text-editor.default\">\n\t\t\t\t<div class=\"elementor-widget-container\">\n\t\t\t\t\t\t\t<p>We know how to make your Management System work throughout the organization<\/p>\t\t\t\t\t\t<\/div>\n\t\t\t\t<\/div>\n\t\t\t\t\t<\/div>\n\t\t<\/div>\n\t\t\t\t\t<\/div>\n\t\t<\/section>\n\t\t\t\t<section class=\"elementor-section elementor-top-section elementor-element elementor-element-1090f54e elementor-section-content-middle elementor-section-boxed elementor-section-height-default elementor-section-height-default\" data-id=\"1090f54e\" data-element_type=\"section\">\n\t\t\t\t\t\t<div class=\"elementor-container elementor-column-gap-no\">\n\t\t\t\t\t<div class=\"elementor-column elementor-col-100 elementor-top-column elementor-element elementor-element-4983030f\" data-id=\"4983030f\" data-element_type=\"column\">\n\t\t\t<div class=\"elementor-widget-wrap elementor-element-populated\">\n\t\t\t\t\t\t<div class=\"elementor-element elementor-element-15e1ae0 elementor-invisible elementor-widget elementor-widget-heading\" data-id=\"15e1ae0\" data-element_type=\"widget\" data-settings=\"{&quot;_animation&quot;:&quot;fadeIn&quot;}\" data-widget_type=\"heading.default\">\n\t\t\t\t<div class=\"elementor-widget-container\">\n\t\t\t<h2 class=\"elementor-heading-title elementor-size-default\">For you who must make a convenient decision\n<\/h2>\t\t<\/div>\n\t\t\t\t<\/div>\n\t\t\t\t<div class=\"elementor-element elementor-element-aaaa6a1 elementor-widget elementor-widget-text-editor\" data-id=\"aaaa6a1\" data-element_type=\"widget\" data-widget_type=\"text-editor.default\">\n\t\t\t\t<div class=\"elementor-widget-container\">\n\t\t\t\t\t\t\t<p style=\"text-align: left;\">His <b>Quality management system<\/b> works properly?<\/p><p style=\"text-align: left;\"><b>Its current management model is based on a philosophy that allows it to:<\/b><\/p><ul><li style=\"text-align: left;\">A significant degree of commitment from all members,<\/li><li style=\"text-align: left;\">A deep cultural change, which is a condition and effect of the management model,<\/li><li style=\"text-align: left;\">A teamwork, with decision-making power and autonomy, committed and self-controlled,<\/li><li style=\"text-align: left;\">A set of processes that add value and<\/li><li style=\"text-align: left;\">An improvement that can be measured in all areas.<\/li><\/ul><p style=\"text-align: left;\"><b>We know how to make your Management System work throughout the organization,<\/b> avoiding the repetition of known problems, based on preventing and correcting, in the worst case, quickly and definitively deviations.<\/p>\t\t\t\t\t\t<\/div>\n\t\t\t\t<\/div>\n\t\t\t\t\t<\/div>\n\t\t<\/div>\n\t\t\t\t\t<\/div>\n\t\t<\/section>\n\t\t\t\t<section class=\"elementor-section elementor-top-section elementor-element elementor-element-e49dfef elementor-section-content-middle elementor-section-boxed elementor-section-height-default elementor-section-height-default\" data-id=\"e49dfef\" data-element_type=\"section\" data-settings=\"{&quot;background_background&quot;:&quot;classic&quot;}\">\n\t\t\t\t\t\t<div class=\"elementor-container elementor-column-gap-no\">\n\t\t\t\t\t<div class=\"elementor-column elementor-col-100 elementor-top-column elementor-element elementor-element-3c4dda9\" data-id=\"3c4dda9\" data-element_type=\"column\">\n\t\t\t<div class=\"elementor-widget-wrap elementor-element-populated\">\n\t\t\t\t\t\t<div class=\"elementor-element elementor-element-4c10a45 elementor-widget elementor-widget-heading\" data-id=\"4c10a45\" data-element_type=\"widget\" data-widget_type=\"heading.default\">\n\t\t\t\t<div class=\"elementor-widget-container\">\n\t\t\t<h2 class=\"elementor-heading-title elementor-size-default\">We configure and execute a suitable solution to meet the needs of your organization<\/h2>\t\t<\/div>\n\t\t\t\t<\/div>\n\t\t\t\t<div class=\"elementor-element elementor-element-97023fe elementor-widget elementor-widget-heading\" data-id=\"97023fe\" data-element_type=\"widget\" data-widget_type=\"heading.default\">\n\t\t\t\t<div class=\"elementor-widget-container\">\n\t\t\t<h5 class=\"elementor-heading-title elementor-size-default\">Our services are provided with different modalities: Consulting, Training, High Performance Training, Coaching, Outsourcing, Audit. In-person and \/ or remote<\/h5>\t\t<\/div>\n\t\t\t\t<\/div>\n\t\t\t\t\t<\/div>\n\t\t<\/div>\n\t\t\t\t\t<\/div>\n\t\t<\/section>\n\t\t\t\t<section class=\"elementor-section elementor-top-section elementor-element elementor-element-883223f elementor-section-boxed elementor-section-height-default elementor-section-height-default\" data-id=\"883223f\" data-element_type=\"section\">\n\t\t\t\t\t\t<div class=\"elementor-container elementor-column-gap-default\">\n\t\t\t\t\t<div class=\"elementor-column elementor-col-100 elementor-top-column elementor-element elementor-element-f8c235f\" data-id=\"f8c235f\" data-element_type=\"column\">\n\t\t\t<div class=\"elementor-widget-wrap elementor-element-populated\">\n\t\t\t\t\t\t<div class=\"elementor-element elementor-element-adc7fdb elementor-widget elementor-widget-text-editor\" data-id=\"adc7fdb\" data-element_type=\"widget\" data-widget_type=\"text-editor.default\">\n\t\t\t\t<div class=\"elementor-widget-container\">\n\t\t\t\t\t\t\t<p>\t\t<div data-elementor-type=\"section\" data-elementor-id=\"2191\" class=\"elementor elementor-2191\" data-elementor-post-type=\"elementor_library\">\n\t\t\t\t\t<section class=\"elementor-section elementor-top-section elementor-element elementor-element-3c75307f elementor-section-content-middle elementor-section-boxed elementor-section-height-default elementor-section-height-default\" data-id=\"3c75307f\" data-element_type=\"section\" data-settings=\"{&quot;background_background&quot;:&quot;gradient&quot;}\">\n\t\t\t\t\t\t\t<div class=\"elementor-background-overlay\"><\/div>\n\t\t\t\t\t\t\t<div class=\"elementor-container elementor-column-gap-no\">\n\t\t\t\t\t<div class=\"elementor-column elementor-col-33 elementor-top-column elementor-element elementor-element-414ef55d\" data-id=\"414ef55d\" data-element_type=\"column\" data-settings=\"{&quot;background_background&quot;:&quot;classic&quot;}\">\n\t\t\t<div class=\"elementor-widget-wrap elementor-element-populated\">\n\t\t\t\t\t<div class=\"elementor-background-overlay\"><\/div>\n\t\t\t\t\t\t<div class=\"elementor-element elementor-element-4b5dfbea elementor-widget elementor-widget-image\" data-id=\"4b5dfbea\" data-element_type=\"widget\" data-widget_type=\"image.default\">\n\t\t\t\t<div class=\"elementor-widget-container\">\n\t\t\t\t\t\t\t\t\t\t\t\t\t<img fetchpriority=\"high\" decoding=\"async\" width=\"825\" height=\"510\" src=\"https:\/\/consultinggroupsa.com.ar\/wp-content\/uploads\/2020\/09\/centralita-virtual.jpg\" class=\"attachment-large size-large wp-image-2192\" alt=\"\" srcset=\"https:\/\/consultinggroupsa.com.ar\/wp-content\/uploads\/2020\/09\/centralita-virtual.jpg 825w, https:\/\/consultinggroupsa.com.ar\/wp-content\/uploads\/2020\/09\/centralita-virtual-300x185.jpg 300w, https:\/\/consultinggroupsa.com.ar\/wp-content\/uploads\/2020\/09\/centralita-virtual-768x475.jpg 768w, https:\/\/consultinggroupsa.com.ar\/wp-content\/uploads\/2020\/09\/centralita-virtual-24x15.jpg 24w, https:\/\/consultinggroupsa.com.ar\/wp-content\/uploads\/2020\/09\/centralita-virtual-36x22.jpg 36w, https:\/\/consultinggroupsa.com.ar\/wp-content\/uploads\/2020\/09\/centralita-virtual-48x30.jpg 48w\" sizes=\"(max-width: 825px) 100vw, 825px\" \/>\t\t\t\t\t\t\t\t\t\t\t\t\t<\/div>\n\t\t\t\t<\/div>\n\t\t\t\t\t<\/div>\n\t\t<\/div>\n\t\t\t\t<div class=\"elementor-column elementor-col-66 elementor-top-column elementor-element elementor-element-21a055e5\" data-id=\"21a055e5\" data-element_type=\"column\" data-settings=\"{&quot;background_background&quot;:&quot;classic&quot;}\">\n\t\t\t<div class=\"elementor-widget-wrap elementor-element-populated\">\n\t\t\t\t\t\t<div class=\"elementor-element elementor-element-5cf1a892 elementor-widget elementor-widget-heading\" data-id=\"5cf1a892\" data-element_type=\"widget\" data-widget_type=\"heading.default\">\n\t\t\t\t<div class=\"elementor-widget-container\">\n\t\t\t<h3 class=\"elementor-heading-title elementor-size-default\">Contact us<\/h3>\t\t<\/div>\n\t\t\t\t<\/div>\n\t\t\t\t<div class=\"elementor-element elementor-element-379f1507 elementor-widget elementor-widget-text-editor\" data-id=\"379f1507\" data-element_type=\"widget\" data-widget_type=\"text-editor.default\">\n\t\t\t\t<div class=\"elementor-widget-container\">\n\t\t\t\t\t\t\t<p>Together we will find the right way for your Organization<\/p>\t\t\t\t\t\t<\/div>\n\t\t\t\t<\/div>\n\t\t\t\t<div class=\"elementor-element elementor-element-163434b6 elementor-widget elementor-widget-button\" data-id=\"163434b6\" data-element_type=\"widget\" data-widget_type=\"button.default\">\n\t\t\t\t<div class=\"elementor-widget-container\">\n\t\t\t\t\t\t\t<div class=\"elementor-button-wrapper\">\n\t\t\t\t\t<a class=\"elementor-button elementor-button-link elementor-size-sm\" href=\"https:\/\/consultinggroupsa.com.ar\/en\/contacto\/\">\n\t\t\t\t\t\t<span class=\"elementor-button-content-wrapper\">\n\t\t\t\t\t\t<span class=\"elementor-button-icon\">\n\t\t\t\t<i aria-hidden=\"true\" class=\"fas fa-long-arrow-alt-right\"><\/i>\t\t\t<\/span>\n\t\t\t\t\t\t\t\t\t<span class=\"elementor-button-text\">Contact<\/span>\n\t\t\t\t\t<\/span>\n\t\t\t\t\t<\/a>\n\t\t\t\t<\/div>\n\t\t\t\t\t\t<\/div>\n\t\t\t\t<\/div>\n\t\t\t\t\t<\/div>\n\t\t<\/div>\n\t\t\t\t\t<\/div>\n\t\t<\/section>\n\t\t\t\t<\/div>\n\t\t<\/p>\t\t\t\t\t\t<\/div>\n\t\t\t\t<\/div>\n\t\t\t\t\t<\/div>\n\t\t<\/div>\n\t\t\t\t\t<\/div>\n\t\t<\/section>\n\t\t\t\t<\/div>","protected":false},"excerpt":{"rendered":"<p>\u00bfSu sistema de gesti\u00f3n de calidad funciona adecuadamente? Sabemos c\u00f3mo lograr que su\u00a0Sistema de Gesti\u00f3n funcione en toda la organizaci\u00f3n Para usted que debe tomar una decisi\u00f3n conveniente \u00bfSu Sistema de Gesti\u00f3n de la Calidad funciona adecuadamente? Su modelo de gesti\u00f3n actual , est\u00e1 basado en una filosof\u00eda que le permita: Un importante grado de [&hellip;]<\/p>\n","protected":false},"author":1,"featured_media":1795,"parent":0,"menu_order":0,"comment_status":"closed","ping_status":"closed","template":"","meta":{"site-sidebar-layout":"no-sidebar","site-content-layout":"page-builder","ast-site-content-layout":"default","site-content-style":"default","site-sidebar-style":"default","ast-global-header-display":"","ast-banner-title-visibility":"","ast-main-header-display":"","ast-hfb-above-header-display":"","ast-hfb-below-header-display":"","ast-hfb-mobile-header-display":"","site-post-title":"disabled","ast-breadcrumbs-content":"","ast-featured-img":"disabled","footer-sml-layout":"","ast-disable-related-posts":"","theme-transparent-header-meta":"enabled","adv-header-id-meta":"","stick-header-meta":"default","header-above-stick-meta":"","header-main-stick-meta":"","header-below-stick-meta":"","astra-migrate-meta-layouts":"default","ast-page-background-enabled":"default","ast-page-background-meta":{"desktop":{"background-color":"var(--ast-global-color-4)","background-image":"","background-repeat":"repeat","background-position":"center center","background-size":"auto","background-attachment":"scroll","background-type":"","background-media":"","overlay-type":"","overlay-color":"","overlay-opacity":"","overlay-gradient":""},"tablet":{"background-color":"","background-image":"","background-repeat":"repeat","background-position":"center center","background-size":"auto","background-attachment":"scroll","background-type":"","background-media":"","overlay-type":"","overlay-color":"","overlay-opacity":"","overlay-gradient":""},"mobile":{"background-color":"","background-image":"","background-repeat":"repeat","background-position":"center center","background-size":"auto","background-attachment":"scroll","background-type":"","background-media":"","overlay-type":"","overlay-color":"","overlay-opacity":"","overlay-gradient":""}},"ast-content-background-meta":{"desktop":{"background-color":"var(--ast-global-color-5)","background-image":"","background-repeat":"repeat","background-position":"center center","background-size":"auto","background-attachment":"scroll","background-type":"","background-media":"","overlay-type":"","overlay-color":"","overlay-opacity":"","overlay-gradient":""},"tablet":{"background-color":"var(--ast-global-color-5)","background-image":"","background-repeat":"repeat","background-position":"center center","background-size":"auto","background-attachment":"scroll","background-type":"","background-media":"","overlay-type":"","overlay-color":"","overlay-opacity":"","overlay-gradient":""},"mobile":{"background-color":"var(--ast-global-color-5)","background-image":"","background-repeat":"repeat","background-position":"center center","background-size":"auto","background-attachment":"scroll","background-type":"","background-media":"","overlay-type":"","overlay-color":"","overlay-opacity":"","overlay-gradient":""}},"footnotes":""},"class_list":["post-1792","page","type-page","status-publish","has-post-thumbnail","hentry"],"yoast_head":"<!-- This site is optimized with the Yoast SEO plugin v27.4 - https:\/\/yoast.com\/product\/yoast-seo-wordpress\/ -->\n<title>\u00bfSu sistema de gesti\u00f3n de calidad funciona adecuadamente? -<\/title>\n<meta name=\"description\" content=\"\u00bfSu sistema de gesti\u00f3n de calidad funciona adecuadamente? Sabemos c\u00f3mo lograr que su\u00a0Sistema de Gesti\u00f3n funcione en toda la organizaci\u00f3n Para usted que\" \/>\n<meta name=\"robots\" content=\"index, follow, max-snippet:-1, max-image-preview:large, max-video-preview:-1\" \/>\n<link rel=\"canonical\" href=\"https:\/\/consultinggroupsa.com.ar\/en\/su-sistema-de-gestion-de-calidad-funciona-adecuadamente\/\" \/>\n<meta property=\"og:locale\" content=\"en_US\" \/>\n<meta property=\"og:type\" content=\"article\" \/>\n<meta property=\"og:title\" content=\"\u00bfSu sistema de gesti\u00f3n de calidad funciona adecuadamente? -\" \/>\n<meta property=\"og:description\" content=\"\u00bfSu sistema de gesti\u00f3n de calidad funciona adecuadamente? Sabemos c\u00f3mo lograr que su\u00a0Sistema de Gesti\u00f3n funcione en toda la organizaci\u00f3n Para usted que\" \/>\n<meta property=\"og:url\" content=\"https:\/\/consultinggroupsa.com.ar\/en\/su-sistema-de-gestion-de-calidad-funciona-adecuadamente\/\" \/>\n<meta property=\"article:modified_time\" content=\"2020-10-08T14:14:40+00:00\" \/>\n<meta property=\"og:image\" content=\"https:\/\/consultinggroupsa.com.ar\/wp-content\/uploads\/2020\/08\/pexels-kateryna-babaieva-2760241.jpg\" \/>\n\t<meta property=\"og:image:width\" content=\"1280\" \/>\n\t<meta property=\"og:image:height\" content=\"853\" \/>\n\t<meta property=\"og:image:type\" content=\"image\/jpeg\" \/>\n<meta name=\"twitter:card\" content=\"summary_large_image\" \/>\n<meta name=\"twitter:label1\" content=\"Est. reading time\" \/>\n\t<meta name=\"twitter:data1\" content=\"1 minute\" \/>\n<script type=\"application\/ld+json\" class=\"yoast-schema-graph\">{\"@context\":\"https:\\\/\\\/schema.org\",\"@graph\":[{\"@type\":\"WebPage\",\"@id\":\"https:\\\/\\\/consultinggroupsa.com.ar\\\/su-sistema-de-gestion-de-calidad-funciona-adecuadamente\\\/\",\"url\":\"https:\\\/\\\/consultinggroupsa.com.ar\\\/su-sistema-de-gestion-de-calidad-funciona-adecuadamente\\\/\",\"name\":\"\u00bfSu sistema de gesti\u00f3n de calidad funciona adecuadamente? -\",\"isPartOf\":{\"@id\":\"https:\\\/\\\/consultinggroupsa.com.ar\\\/#website\"},\"primaryImageOfPage\":{\"@id\":\"https:\\\/\\\/consultinggroupsa.com.ar\\\/su-sistema-de-gestion-de-calidad-funciona-adecuadamente\\\/#primaryimage\"},\"image\":{\"@id\":\"https:\\\/\\\/consultinggroupsa.com.ar\\\/su-sistema-de-gestion-de-calidad-funciona-adecuadamente\\\/#primaryimage\"},\"thumbnailUrl\":\"https:\\\/\\\/consultinggroupsa.com.ar\\\/wp-content\\\/uploads\\\/2020\\\/08\\\/pexels-kateryna-babaieva-2760241.jpg\",\"datePublished\":\"2020-08-30T12:12:53+00:00\",\"dateModified\":\"2020-10-08T14:14:40+00:00\",\"description\":\"\u00bfSu sistema de gesti\u00f3n de calidad funciona adecuadamente? Sabemos c\u00f3mo lograr que su\u00a0Sistema de Gesti\u00f3n funcione en toda la organizaci\u00f3n Para usted que\",\"breadcrumb\":{\"@id\":\"https:\\\/\\\/consultinggroupsa.com.ar\\\/su-sistema-de-gestion-de-calidad-funciona-adecuadamente\\\/#breadcrumb\"},\"inLanguage\":\"en-US\",\"potentialAction\":[{\"@type\":\"ReadAction\",\"target\":[\"https:\\\/\\\/consultinggroupsa.com.ar\\\/su-sistema-de-gestion-de-calidad-funciona-adecuadamente\\\/\"]}]},{\"@type\":\"ImageObject\",\"inLanguage\":\"en-US\",\"@id\":\"https:\\\/\\\/consultinggroupsa.com.ar\\\/su-sistema-de-gestion-de-calidad-funciona-adecuadamente\\\/#primaryimage\",\"url\":\"https:\\\/\\\/consultinggroupsa.com.ar\\\/wp-content\\\/uploads\\\/2020\\\/08\\\/pexels-kateryna-babaieva-2760241.jpg\",\"contentUrl\":\"https:\\\/\\\/consultinggroupsa.com.ar\\\/wp-content\\\/uploads\\\/2020\\\/08\\\/pexels-kateryna-babaieva-2760241.jpg\",\"width\":1280,\"height\":853},{\"@type\":\"BreadcrumbList\",\"@id\":\"https:\\\/\\\/consultinggroupsa.com.ar\\\/su-sistema-de-gestion-de-calidad-funciona-adecuadamente\\\/#breadcrumb\",\"itemListElement\":[{\"@type\":\"ListItem\",\"position\":1,\"name\":\"Home\",\"item\":\"https:\\\/\\\/consultinggroupsa.com.ar\\\/\"},{\"@type\":\"ListItem\",\"position\":2,\"name\":\"\u00bfSu sistema de gesti\u00f3n de calidad funciona adecuadamente?\"}]},{\"@type\":\"WebSite\",\"@id\":\"https:\\\/\\\/consultinggroupsa.com.ar\\\/#website\",\"url\":\"https:\\\/\\\/consultinggroupsa.com.ar\\\/\",\"name\":\"\",\"description\":\"Un mundo de servicios\",\"publisher\":{\"@id\":\"https:\\\/\\\/consultinggroupsa.com.ar\\\/#organization\"},\"potentialAction\":[{\"@type\":\"SearchAction\",\"target\":{\"@type\":\"EntryPoint\",\"urlTemplate\":\"https:\\\/\\\/consultinggroupsa.com.ar\\\/?s={search_term_string}\"},\"query-input\":{\"@type\":\"PropertyValueSpecification\",\"valueRequired\":true,\"valueName\":\"search_term_string\"}}],\"inLanguage\":\"en-US\"},{\"@type\":\"Organization\",\"@id\":\"https:\\\/\\\/consultinggroupsa.com.ar\\\/#organization\",\"name\":\"Consulting Group SA\",\"url\":\"https:\\\/\\\/consultinggroupsa.com.ar\\\/\",\"logo\":{\"@type\":\"ImageObject\",\"inLanguage\":\"en-US\",\"@id\":\"https:\\\/\\\/consultinggroupsa.com.ar\\\/#\\\/schema\\\/logo\\\/image\\\/\",\"url\":\"https:\\\/\\\/consultinggroupsa.com.ar\\\/wp-content\\\/uploads\\\/2024\\\/06\\\/cropped-CG-Horizontal-con-Slogan-sin-fondo-RGB-40Aniv.png\",\"contentUrl\":\"https:\\\/\\\/consultinggroupsa.com.ar\\\/wp-content\\\/uploads\\\/2024\\\/06\\\/cropped-CG-Horizontal-con-Slogan-sin-fondo-RGB-40Aniv.png\",\"width\":2976,\"height\":990,\"caption\":\"Consulting Group SA\"},\"image\":{\"@id\":\"https:\\\/\\\/consultinggroupsa.com.ar\\\/#\\\/schema\\\/logo\\\/image\\\/\"}}]}<\/script>\n<!-- \/ Yoast SEO plugin. -->","yoast_head_json":{"title":"\u00bfSu sistema de gesti\u00f3n de calidad funciona adecuadamente? -","description":"Is your quality management system working properly? We know how to make your Management System work throughout the organization.","robots":{"index":"index","follow":"follow","max-snippet":"max-snippet:-1","max-image-preview":"max-image-preview:large","max-video-preview":"max-video-preview:-1"},"canonical":"https:\/\/consultinggroupsa.com.ar\/en\/su-sistema-de-gestion-de-calidad-funciona-adecuadamente\/","og_locale":"en_US","og_type":"article","og_title":"\u00bfSu sistema de gesti\u00f3n de calidad funciona adecuadamente? -","og_description":"\u00bfSu sistema de gesti\u00f3n de calidad funciona adecuadamente? Sabemos c\u00f3mo lograr que su\u00a0Sistema de Gesti\u00f3n funcione en toda la organizaci\u00f3n Para usted que","og_url":"https:\/\/consultinggroupsa.com.ar\/en\/su-sistema-de-gestion-de-calidad-funciona-adecuadamente\/","article_modified_time":"2020-10-08T14:14:40+00:00","og_image":[{"width":1280,"height":853,"url":"https:\/\/consultinggroupsa.com.ar\/wp-content\/uploads\/2020\/08\/pexels-kateryna-babaieva-2760241.jpg","type":"image\/jpeg"}],"twitter_card":"summary_large_image","twitter_misc":{"Est. reading time":"1 minute"},"schema":{"@context":"https:\/\/schema.org","@graph":[{"@type":"WebPage","@id":"https:\/\/consultinggroupsa.com.ar\/su-sistema-de-gestion-de-calidad-funciona-adecuadamente\/","url":"https:\/\/consultinggroupsa.com.ar\/su-sistema-de-gestion-de-calidad-funciona-adecuadamente\/","name":"\u00bfSu sistema de gesti\u00f3n de calidad funciona adecuadamente? -","isPartOf":{"@id":"https:\/\/consultinggroupsa.com.ar\/#website"},"primaryImageOfPage":{"@id":"https:\/\/consultinggroupsa.com.ar\/su-sistema-de-gestion-de-calidad-funciona-adecuadamente\/#primaryimage"},"image":{"@id":"https:\/\/consultinggroupsa.com.ar\/su-sistema-de-gestion-de-calidad-funciona-adecuadamente\/#primaryimage"},"thumbnailUrl":"https:\/\/consultinggroupsa.com.ar\/wp-content\/uploads\/2020\/08\/pexels-kateryna-babaieva-2760241.jpg","datePublished":"2020-08-30T12:12:53+00:00","dateModified":"2020-10-08T14:14:40+00:00","description":"Is your quality management system working properly? We know how to make your Management System work throughout the organization.","breadcrumb":{"@id":"https:\/\/consultinggroupsa.com.ar\/su-sistema-de-gestion-de-calidad-funciona-adecuadamente\/#breadcrumb"},"inLanguage":"en-US","potentialAction":[{"@type":"ReadAction","target":["https:\/\/consultinggroupsa.com.ar\/su-sistema-de-gestion-de-calidad-funciona-adecuadamente\/"]}]},{"@type":"ImageObject","inLanguage":"en-US","@id":"https:\/\/consultinggroupsa.com.ar\/su-sistema-de-gestion-de-calidad-funciona-adecuadamente\/#primaryimage","url":"https:\/\/consultinggroupsa.com.ar\/wp-content\/uploads\/2020\/08\/pexels-kateryna-babaieva-2760241.jpg","contentUrl":"https:\/\/consultinggroupsa.com.ar\/wp-content\/uploads\/2020\/08\/pexels-kateryna-babaieva-2760241.jpg","width":1280,"height":853},{"@type":"BreadcrumbList","@id":"https:\/\/consultinggroupsa.com.ar\/su-sistema-de-gestion-de-calidad-funciona-adecuadamente\/#breadcrumb","itemListElement":[{"@type":"ListItem","position":1,"name":"Home","item":"https:\/\/consultinggroupsa.com.ar\/"},{"@type":"ListItem","position":2,"name":"\u00bfSu sistema de gesti\u00f3n de calidad funciona adecuadamente?"}]},{"@type":"WebSite","@id":"https:\/\/consultinggroupsa.com.ar\/#website","url":"https:\/\/consultinggroupsa.com.ar\/","name":"","description":"Un mundo de servicios","publisher":{"@id":"https:\/\/consultinggroupsa.com.ar\/#organization"},"potentialAction":[{"@type":"SearchAction","target":{"@type":"EntryPoint","urlTemplate":"https:\/\/consultinggroupsa.com.ar\/?s={search_term_string}"},"query-input":{"@type":"PropertyValueSpecification","valueRequired":true,"valueName":"search_term_string"}}],"inLanguage":"en-US"},{"@type":"Organization","@id":"https:\/\/consultinggroupsa.com.ar\/#organization","name":"Consulting Group SA","url":"https:\/\/consultinggroupsa.com.ar\/","logo":{"@type":"ImageObject","inLanguage":"en-US","@id":"https:\/\/consultinggroupsa.com.ar\/#\/schema\/logo\/image\/","url":"https:\/\/consultinggroupsa.com.ar\/wp-content\/uploads\/2024\/06\/cropped-CG-Horizontal-con-Slogan-sin-fondo-RGB-40Aniv.png","contentUrl":"https:\/\/consultinggroupsa.com.ar\/wp-content\/uploads\/2024\/06\/cropped-CG-Horizontal-con-Slogan-sin-fondo-RGB-40Aniv.png","width":2976,"height":990,"caption":"Consulting Group SA"},"image":{"@id":"https:\/\/consultinggroupsa.com.ar\/#\/schema\/logo\/image\/"}}]}},"_links":{"self":[{"href":"https:\/\/consultinggroupsa.com.ar\/en\/wp-json\/wp\/v2\/pages\/1792","targetHints":{"allow":["GET"]}}],"collection":[{"href":"https:\/\/consultinggroupsa.com.ar\/en\/wp-json\/wp\/v2\/pages"}],"about":[{"href":"https:\/\/consultinggroupsa.com.ar\/en\/wp-json\/wp\/v2\/types\/page"}],"author":[{"embeddable":true,"href":"https:\/\/consultinggroupsa.com.ar\/en\/wp-json\/wp\/v2\/users\/1"}],"replies":[{"embeddable":true,"href":"https:\/\/consultinggroupsa.com.ar\/en\/wp-json\/wp\/v2\/comments?post=1792"}],"version-history":[{"count":5,"href":"https:\/\/consultinggroupsa.com.ar\/en\/wp-json\/wp\/v2\/pages\/1792\/revisions"}],"predecessor-version":[{"id":2819,"href":"https:\/\/consultinggroupsa.com.ar\/en\/wp-json\/wp\/v2\/pages\/1792\/revisions\/2819"}],"wp:featuredmedia":[{"embeddable":true,"href":"https:\/\/consultinggroupsa.com.ar\/en\/wp-json\/wp\/v2\/media\/1795"}],"wp:attachment":[{"href":"https:\/\/consultinggroupsa.com.ar\/en\/wp-json\/wp\/v2\/media?parent=1792"}],"curies":[{"name":"wp","href":"https:\/\/api.w.org\/{rel}","templated":true}]}}