{"id":1823,"date":"2020-08-30T16:15:24","date_gmt":"2020-08-30T19:15:24","guid":{"rendered":"https:\/\/consultinggroupsa.com.ar\/?page_id=1823"},"modified":"2020-10-13T07:03:43","modified_gmt":"2020-10-13T10:03:43","slug":"auditoria-eficaz-de-calidad-de-atencion","status":"publish","type":"page","link":"https:\/\/consultinggroupsa.com.ar\/en\/effective-quality-of-care-audit\/","title":{"rendered":"Effective Audit of Quality of Care"},"content":{"rendered":"<h1>Effective Audit of Quality of Care<\/h1>\n<p>Modern Audit of Quality of Attention<\/p>\n<h2>For you who must make a convenient decision<\/h2>\n<p style=\"text-align: left;\"><b>Consulting<\/b> <b>Group<\/b><b>&nbsp;<\/b>has developed the Modern Audit of Quality of Attention, for your safety. That, at all times, your Attention Strategy is what you want.<\/p>\n<p style=\"text-align: left;\">Gain objectivity by taking the appropriate measures to optimize your operation.<\/p>\n<ul style=\"text-align: left;\">\n<li>Save time by correcting recurring problems.<\/li>\n<li>Gain agility in service. Minimize wear and tear due to frequent conflicts with customers.<\/li>\n<li>Increase the Satisfaction of your Clients.<\/li>\n<li>Cut your losses.<\/li>\n<li>Reduce the cost of marketing and \/ or selling.<\/li>\n<li>In addition, you will train your staff to better and more efficiently resolve customer calls. Streamlining business processes, avoiding losses and enhancing your profits.<\/li>\n<\/ul>\n<p style=\"text-align: left;\">If you feel that all the effort to improve is being questioned by the way your customers are served, an Executive is waiting for your contact to transform his effort into valuation and loyalty of his customers.<\/p>\n<h2>We configure and execute a suitable solution to meet the needs of your organization<\/h2>\n<h5>Our services are provided with different modalities: Consulting, Training, High Performance Training, Coaching, Outsourcing, Audit. In-person and \/ or remote<\/h5>\n\t\t<div data-elementor-type=\"section\" data-elementor-id=\"2191\" class=\"elementor elementor-2191\" data-elementor-post-type=\"elementor_library\">\n\t\t\t\t\t<section class=\"elementor-section elementor-top-section elementor-element elementor-element-3c75307f elementor-section-content-middle elementor-section-boxed elementor-section-height-default elementor-section-height-default\" data-id=\"3c75307f\" data-element_type=\"section\" data-settings=\"{&quot;background_background&quot;:&quot;gradient&quot;}\">\n\t\t\t\t\t\t\t<div class=\"elementor-background-overlay\"><\/div>\n\t\t\t\t\t\t\t<div class=\"elementor-container elementor-column-gap-no\">\n\t\t\t\t\t<div class=\"elementor-column elementor-col-33 elementor-top-column elementor-element elementor-element-414ef55d\" data-id=\"414ef55d\" data-element_type=\"column\" data-settings=\"{&quot;background_background&quot;:&quot;classic&quot;}\">\n\t\t\t<div class=\"elementor-widget-wrap elementor-element-populated\">\n\t\t\t\t\t<div class=\"elementor-background-overlay\"><\/div>\n\t\t\t\t\t\t<div class=\"elementor-element elementor-element-4b5dfbea elementor-widget elementor-widget-image\" data-id=\"4b5dfbea\" data-element_type=\"widget\" data-widget_type=\"image.default\">\n\t\t\t\t<div class=\"elementor-widget-container\">\n\t\t\t\t\t\t\t\t\t\t\t\t\t<img fetchpriority=\"high\" decoding=\"async\" width=\"825\" height=\"510\" src=\"https:\/\/consultinggroupsa.com.ar\/wp-content\/uploads\/2020\/09\/centralita-virtual.jpg\" class=\"attachment-large size-large wp-image-2192\" alt=\"\" srcset=\"https:\/\/consultinggroupsa.com.ar\/wp-content\/uploads\/2020\/09\/centralita-virtual.jpg 825w, https:\/\/consultinggroupsa.com.ar\/wp-content\/uploads\/2020\/09\/centralita-virtual-300x185.jpg 300w, https:\/\/consultinggroupsa.com.ar\/wp-content\/uploads\/2020\/09\/centralita-virtual-768x475.jpg 768w, https:\/\/consultinggroupsa.com.ar\/wp-content\/uploads\/2020\/09\/centralita-virtual-24x15.jpg 24w, https:\/\/consultinggroupsa.com.ar\/wp-content\/uploads\/2020\/09\/centralita-virtual-36x22.jpg 36w, https:\/\/consultinggroupsa.com.ar\/wp-content\/uploads\/2020\/09\/centralita-virtual-48x30.jpg 48w\" sizes=\"(max-width: 825px) 100vw, 825px\" \/>\t\t\t\t\t\t\t\t\t\t\t\t\t<\/div>\n\t\t\t\t<\/div>\n\t\t\t\t\t<\/div>\n\t\t<\/div>\n\t\t\t\t<div class=\"elementor-column elementor-col-66 elementor-top-column elementor-element elementor-element-21a055e5\" data-id=\"21a055e5\" data-element_type=\"column\" data-settings=\"{&quot;background_background&quot;:&quot;classic&quot;}\">\n\t\t\t<div class=\"elementor-widget-wrap elementor-element-populated\">\n\t\t\t\t\t\t<div class=\"elementor-element elementor-element-5cf1a892 elementor-widget elementor-widget-heading\" data-id=\"5cf1a892\" data-element_type=\"widget\" data-widget_type=\"heading.default\">\n\t\t\t\t<div class=\"elementor-widget-container\">\n\t\t\t<h3 class=\"elementor-heading-title elementor-size-default\">Contact us<\/h3>\t\t<\/div>\n\t\t\t\t<\/div>\n\t\t\t\t<div class=\"elementor-element elementor-element-379f1507 elementor-widget elementor-widget-text-editor\" data-id=\"379f1507\" data-element_type=\"widget\" data-widget_type=\"text-editor.default\">\n\t\t\t\t<div class=\"elementor-widget-container\">\n\t\t\t\t\t\t\t<p>Together we will find the right way for your Organization<\/p>\t\t\t\t\t\t<\/div>\n\t\t\t\t<\/div>\n\t\t\t\t<div class=\"elementor-element elementor-element-163434b6 elementor-widget elementor-widget-button\" data-id=\"163434b6\" data-element_type=\"widget\" data-widget_type=\"button.default\">\n\t\t\t\t<div class=\"elementor-widget-container\">\n\t\t\t\t\t\t\t<div class=\"elementor-button-wrapper\">\n\t\t\t\t\t<a class=\"elementor-button elementor-button-link elementor-size-sm\" href=\"https:\/\/consultinggroupsa.com.ar\/en\/contacto\/\">\n\t\t\t\t\t\t<span class=\"elementor-button-content-wrapper\">\n\t\t\t\t\t\t<span class=\"elementor-button-icon\">\n\t\t\t\t<i aria-hidden=\"true\" class=\"fas fa-long-arrow-alt-right\"><\/i>\t\t\t<\/span>\n\t\t\t\t\t\t\t\t\t<span class=\"elementor-button-text\">Contact<\/span>\n\t\t\t\t\t<\/span>\n\t\t\t\t\t<\/a>\n\t\t\t\t<\/div>\n\t\t\t\t\t\t<\/div>\n\t\t\t\t<\/div>\n\t\t\t\t\t<\/div>\n\t\t<\/div>\n\t\t\t\t\t<\/div>\n\t\t<\/section>\n\t\t\t\t<\/div>","protected":false},"excerpt":{"rendered":"<p>Auditor\u00eda Eficaz de Calidad de Atenci\u00f3n Auditor\u00eda Moderna de Calidad de Atenci\u00f3n Para usted que debe tomar una decisi\u00f3n conveniente Consulting Group&nbsp;ha desarrollado la&nbsp;Auditor\u00eda Moderna de Calidad de Atenci\u00f3n,&nbsp;para su seguridad. De que, en todo momento, su Estrategia de Atenci\u00f3n es lo que usted desea . Gane objetividad al tomar las medidas adecuadas, para optimizar [&hellip;]<\/p>\n","protected":false},"author":1,"featured_media":1825,"parent":0,"menu_order":0,"comment_status":"closed","ping_status":"closed","template":"","meta":{"site-sidebar-layout":"no-sidebar","site-content-layout":"page-builder","ast-site-content-layout":"default","site-content-style":"default","site-sidebar-style":"default","ast-global-header-display":"","ast-banner-title-visibility":"","ast-main-header-display":"","ast-hfb-above-header-display":"","ast-hfb-below-header-display":"","ast-hfb-mobile-header-display":"","site-post-title":"disabled","ast-breadcrumbs-content":"","ast-featured-img":"disabled","footer-sml-layout":"","ast-disable-related-posts":"","theme-transparent-header-meta":"enabled","adv-header-id-meta":"","stick-header-meta":"default","header-above-stick-meta":"","header-main-stick-meta":"","header-below-stick-meta":"","astra-migrate-meta-layouts":"default","ast-page-background-enabled":"default","ast-page-background-meta":{"desktop":{"background-color":"var(--ast-global-color-4)","background-image":"","background-repeat":"repeat","background-position":"center center","background-size":"auto","background-attachment":"scroll","background-type":"","background-media":"","overlay-type":"","overlay-color":"","overlay-opacity":"","overlay-gradient":""},"tablet":{"background-color":"","background-image":"","background-repeat":"repeat","background-position":"center center","background-size":"auto","background-attachment":"scroll","background-type":"","background-media":"","overlay-type":"","overlay-color":"","overlay-opacity":"","overlay-gradient":""},"mobile":{"background-color":"","background-image":"","background-repeat":"repeat","background-position":"center center","background-size":"auto","background-attachment":"scroll","background-type":"","background-media":"","overlay-type":"","overlay-color":"","overlay-opacity":"","overlay-gradient":""}},"ast-content-background-meta":{"desktop":{"background-color":"var(--ast-global-color-5)","background-image":"","background-repeat":"repeat","background-position":"center center","background-size":"auto","background-attachment":"scroll","background-type":"","background-media":"","overlay-type":"","overlay-color":"","overlay-opacity":"","overlay-gradient":""},"tablet":{"background-color":"var(--ast-global-color-5)","background-image":"","background-repeat":"repeat","background-position":"center center","background-size":"auto","background-attachment":"scroll","background-type":"","background-media":"","overlay-type":"","overlay-color":"","overlay-opacity":"","overlay-gradient":""},"mobile":{"background-color":"var(--ast-global-color-5)","background-image":"","background-repeat":"repeat","background-position":"center center","background-size":"auto","background-attachment":"scroll","background-type":"","background-media":"","overlay-type":"","overlay-color":"","overlay-opacity":"","overlay-gradient":""}},"footnotes":""},"class_list":["post-1823","page","type-page","status-publish","has-post-thumbnail","hentry"],"yoast_head":"<!-- This site is optimized with the Yoast SEO plugin v27.4 - https:\/\/yoast.com\/product\/yoast-seo-wordpress\/ -->\n<title>Auditor\u00eda Eficaz de Calidad de Atenci\u00f3n -<\/title>\n<meta name=\"description\" content=\"Auditor\u00eda Eficaz de Calidad de Atenci\u00f3n Auditor\u00eda Moderna de Calidad de Atenci\u00f3n Para usted que debe tomar una decisi\u00f3n conveniente Consulting\" \/>\n<meta name=\"robots\" content=\"index, follow, max-snippet:-1, max-image-preview:large, max-video-preview:-1\" \/>\n<link rel=\"canonical\" href=\"https:\/\/consultinggroupsa.com.ar\/en\/auditoria-eficaz-de-calidad-de-atencion\/\" \/>\n<meta property=\"og:locale\" content=\"en_US\" \/>\n<meta property=\"og:type\" content=\"article\" \/>\n<meta property=\"og:title\" content=\"Auditor\u00eda Eficaz de Calidad de Atenci\u00f3n -\" \/>\n<meta property=\"og:description\" content=\"Auditor\u00eda Eficaz de Calidad de Atenci\u00f3n Auditor\u00eda Moderna de Calidad de Atenci\u00f3n Para usted que debe tomar una decisi\u00f3n conveniente Consulting\" \/>\n<meta property=\"og:url\" content=\"https:\/\/consultinggroupsa.com.ar\/en\/auditoria-eficaz-de-calidad-de-atencion\/\" \/>\n<meta property=\"article:modified_time\" content=\"2020-10-13T10:03:43+00:00\" \/>\n<meta property=\"og:image\" content=\"https:\/\/consultinggroupsa.com.ar\/wp-content\/uploads\/2020\/08\/pexels-picjumbocom-210647.jpg\" \/>\n\t<meta property=\"og:image:width\" content=\"1280\" \/>\n\t<meta property=\"og:image:height\" content=\"853\" \/>\n\t<meta property=\"og:image:type\" content=\"image\/jpeg\" \/>\n<meta name=\"twitter:card\" content=\"summary_large_image\" \/>\n<meta name=\"twitter:label1\" content=\"Est. reading time\" \/>\n\t<meta name=\"twitter:data1\" content=\"1 minute\" \/>\n<script type=\"application\/ld+json\" class=\"yoast-schema-graph\">{\"@context\":\"https:\\\/\\\/schema.org\",\"@graph\":[{\"@type\":\"WebPage\",\"@id\":\"https:\\\/\\\/consultinggroupsa.com.ar\\\/auditoria-eficaz-de-calidad-de-atencion\\\/\",\"url\":\"https:\\\/\\\/consultinggroupsa.com.ar\\\/auditoria-eficaz-de-calidad-de-atencion\\\/\",\"name\":\"Auditor\u00eda Eficaz de Calidad de Atenci\u00f3n -\",\"isPartOf\":{\"@id\":\"https:\\\/\\\/consultinggroupsa.com.ar\\\/#website\"},\"primaryImageOfPage\":{\"@id\":\"https:\\\/\\\/consultinggroupsa.com.ar\\\/auditoria-eficaz-de-calidad-de-atencion\\\/#primaryimage\"},\"image\":{\"@id\":\"https:\\\/\\\/consultinggroupsa.com.ar\\\/auditoria-eficaz-de-calidad-de-atencion\\\/#primaryimage\"},\"thumbnailUrl\":\"https:\\\/\\\/consultinggroupsa.com.ar\\\/wp-content\\\/uploads\\\/2020\\\/08\\\/pexels-picjumbocom-210647.jpg\",\"datePublished\":\"2020-08-30T19:15:24+00:00\",\"dateModified\":\"2020-10-13T10:03:43+00:00\",\"description\":\"Auditor\u00eda Eficaz de Calidad de Atenci\u00f3n Auditor\u00eda Moderna de Calidad de Atenci\u00f3n Para usted que debe tomar una decisi\u00f3n conveniente Consulting\",\"breadcrumb\":{\"@id\":\"https:\\\/\\\/consultinggroupsa.com.ar\\\/auditoria-eficaz-de-calidad-de-atencion\\\/#breadcrumb\"},\"inLanguage\":\"en-US\",\"potentialAction\":[{\"@type\":\"ReadAction\",\"target\":[\"https:\\\/\\\/consultinggroupsa.com.ar\\\/auditoria-eficaz-de-calidad-de-atencion\\\/\"]}]},{\"@type\":\"ImageObject\",\"inLanguage\":\"en-US\",\"@id\":\"https:\\\/\\\/consultinggroupsa.com.ar\\\/auditoria-eficaz-de-calidad-de-atencion\\\/#primaryimage\",\"url\":\"https:\\\/\\\/consultinggroupsa.com.ar\\\/wp-content\\\/uploads\\\/2020\\\/08\\\/pexels-picjumbocom-210647.jpg\",\"contentUrl\":\"https:\\\/\\\/consultinggroupsa.com.ar\\\/wp-content\\\/uploads\\\/2020\\\/08\\\/pexels-picjumbocom-210647.jpg\",\"width\":1280,\"height\":853},{\"@type\":\"BreadcrumbList\",\"@id\":\"https:\\\/\\\/consultinggroupsa.com.ar\\\/auditoria-eficaz-de-calidad-de-atencion\\\/#breadcrumb\",\"itemListElement\":[{\"@type\":\"ListItem\",\"position\":1,\"name\":\"Home\",\"item\":\"https:\\\/\\\/consultinggroupsa.com.ar\\\/\"},{\"@type\":\"ListItem\",\"position\":2,\"name\":\"Auditor\u00eda Eficaz de Calidad de Atenci\u00f3n\"}]},{\"@type\":\"WebSite\",\"@id\":\"https:\\\/\\\/consultinggroupsa.com.ar\\\/#website\",\"url\":\"https:\\\/\\\/consultinggroupsa.com.ar\\\/\",\"name\":\"\",\"description\":\"Un mundo de servicios\",\"publisher\":{\"@id\":\"https:\\\/\\\/consultinggroupsa.com.ar\\\/#organization\"},\"potentialAction\":[{\"@type\":\"SearchAction\",\"target\":{\"@type\":\"EntryPoint\",\"urlTemplate\":\"https:\\\/\\\/consultinggroupsa.com.ar\\\/?s={search_term_string}\"},\"query-input\":{\"@type\":\"PropertyValueSpecification\",\"valueRequired\":true,\"valueName\":\"search_term_string\"}}],\"inLanguage\":\"en-US\"},{\"@type\":\"Organization\",\"@id\":\"https:\\\/\\\/consultinggroupsa.com.ar\\\/#organization\",\"name\":\"Consulting Group SA\",\"url\":\"https:\\\/\\\/consultinggroupsa.com.ar\\\/\",\"logo\":{\"@type\":\"ImageObject\",\"inLanguage\":\"en-US\",\"@id\":\"https:\\\/\\\/consultinggroupsa.com.ar\\\/#\\\/schema\\\/logo\\\/image\\\/\",\"url\":\"https:\\\/\\\/consultinggroupsa.com.ar\\\/wp-content\\\/uploads\\\/2024\\\/06\\\/cropped-CG-Horizontal-con-Slogan-sin-fondo-RGB-40Aniv.png\",\"contentUrl\":\"https:\\\/\\\/consultinggroupsa.com.ar\\\/wp-content\\\/uploads\\\/2024\\\/06\\\/cropped-CG-Horizontal-con-Slogan-sin-fondo-RGB-40Aniv.png\",\"width\":2976,\"height\":990,\"caption\":\"Consulting Group SA\"},\"image\":{\"@id\":\"https:\\\/\\\/consultinggroupsa.com.ar\\\/#\\\/schema\\\/logo\\\/image\\\/\"}}]}<\/script>\n<!-- \/ Yoast SEO plugin. -->","yoast_head_json":{"title":"Auditor\u00eda Eficaz de Calidad de Atenci\u00f3n -","description":"Effective Audit of Quality of Attention Modern Audit of Quality of Attention For you who must make a convenient decision Consulting","robots":{"index":"index","follow":"follow","max-snippet":"max-snippet:-1","max-image-preview":"max-image-preview:large","max-video-preview":"max-video-preview:-1"},"canonical":"https:\/\/consultinggroupsa.com.ar\/en\/auditoria-eficaz-de-calidad-de-atencion\/","og_locale":"en_US","og_type":"article","og_title":"Auditor\u00eda Eficaz de Calidad de Atenci\u00f3n -","og_description":"Auditor\u00eda Eficaz de Calidad de Atenci\u00f3n Auditor\u00eda Moderna de Calidad de Atenci\u00f3n Para usted que debe tomar una decisi\u00f3n conveniente Consulting","og_url":"https:\/\/consultinggroupsa.com.ar\/en\/auditoria-eficaz-de-calidad-de-atencion\/","article_modified_time":"2020-10-13T10:03:43+00:00","og_image":[{"width":1280,"height":853,"url":"https:\/\/consultinggroupsa.com.ar\/wp-content\/uploads\/2020\/08\/pexels-picjumbocom-210647.jpg","type":"image\/jpeg"}],"twitter_card":"summary_large_image","twitter_misc":{"Est. reading time":"1 minute"},"schema":{"@context":"https:\/\/schema.org","@graph":[{"@type":"WebPage","@id":"https:\/\/consultinggroupsa.com.ar\/auditoria-eficaz-de-calidad-de-atencion\/","url":"https:\/\/consultinggroupsa.com.ar\/auditoria-eficaz-de-calidad-de-atencion\/","name":"Auditor\u00eda Eficaz de Calidad de Atenci\u00f3n -","isPartOf":{"@id":"https:\/\/consultinggroupsa.com.ar\/#website"},"primaryImageOfPage":{"@id":"https:\/\/consultinggroupsa.com.ar\/auditoria-eficaz-de-calidad-de-atencion\/#primaryimage"},"image":{"@id":"https:\/\/consultinggroupsa.com.ar\/auditoria-eficaz-de-calidad-de-atencion\/#primaryimage"},"thumbnailUrl":"https:\/\/consultinggroupsa.com.ar\/wp-content\/uploads\/2020\/08\/pexels-picjumbocom-210647.jpg","datePublished":"2020-08-30T19:15:24+00:00","dateModified":"2020-10-13T10:03:43+00:00","description":"Effective Audit of Quality of Attention Modern Audit of Quality of Attention For you who must make a convenient decision Consulting","breadcrumb":{"@id":"https:\/\/consultinggroupsa.com.ar\/auditoria-eficaz-de-calidad-de-atencion\/#breadcrumb"},"inLanguage":"en-US","potentialAction":[{"@type":"ReadAction","target":["https:\/\/consultinggroupsa.com.ar\/auditoria-eficaz-de-calidad-de-atencion\/"]}]},{"@type":"ImageObject","inLanguage":"en-US","@id":"https:\/\/consultinggroupsa.com.ar\/auditoria-eficaz-de-calidad-de-atencion\/#primaryimage","url":"https:\/\/consultinggroupsa.com.ar\/wp-content\/uploads\/2020\/08\/pexels-picjumbocom-210647.jpg","contentUrl":"https:\/\/consultinggroupsa.com.ar\/wp-content\/uploads\/2020\/08\/pexels-picjumbocom-210647.jpg","width":1280,"height":853},{"@type":"BreadcrumbList","@id":"https:\/\/consultinggroupsa.com.ar\/auditoria-eficaz-de-calidad-de-atencion\/#breadcrumb","itemListElement":[{"@type":"ListItem","position":1,"name":"Home","item":"https:\/\/consultinggroupsa.com.ar\/"},{"@type":"ListItem","position":2,"name":"Auditor\u00eda Eficaz de Calidad de Atenci\u00f3n"}]},{"@type":"WebSite","@id":"https:\/\/consultinggroupsa.com.ar\/#website","url":"https:\/\/consultinggroupsa.com.ar\/","name":"","description":"Un mundo de servicios","publisher":{"@id":"https:\/\/consultinggroupsa.com.ar\/#organization"},"potentialAction":[{"@type":"SearchAction","target":{"@type":"EntryPoint","urlTemplate":"https:\/\/consultinggroupsa.com.ar\/?s={search_term_string}"},"query-input":{"@type":"PropertyValueSpecification","valueRequired":true,"valueName":"search_term_string"}}],"inLanguage":"en-US"},{"@type":"Organization","@id":"https:\/\/consultinggroupsa.com.ar\/#organization","name":"Consulting Group SA","url":"https:\/\/consultinggroupsa.com.ar\/","logo":{"@type":"ImageObject","inLanguage":"en-US","@id":"https:\/\/consultinggroupsa.com.ar\/#\/schema\/logo\/image\/","url":"https:\/\/consultinggroupsa.com.ar\/wp-content\/uploads\/2024\/06\/cropped-CG-Horizontal-con-Slogan-sin-fondo-RGB-40Aniv.png","contentUrl":"https:\/\/consultinggroupsa.com.ar\/wp-content\/uploads\/2024\/06\/cropped-CG-Horizontal-con-Slogan-sin-fondo-RGB-40Aniv.png","width":2976,"height":990,"caption":"Consulting Group SA"},"image":{"@id":"https:\/\/consultinggroupsa.com.ar\/#\/schema\/logo\/image\/"}}]}},"_links":{"self":[{"href":"https:\/\/consultinggroupsa.com.ar\/en\/wp-json\/wp\/v2\/pages\/1823","targetHints":{"allow":["GET"]}}],"collection":[{"href":"https:\/\/consultinggroupsa.com.ar\/en\/wp-json\/wp\/v2\/pages"}],"about":[{"href":"https:\/\/consultinggroupsa.com.ar\/en\/wp-json\/wp\/v2\/types\/page"}],"author":[{"embeddable":true,"href":"https:\/\/consultinggroupsa.com.ar\/en\/wp-json\/wp\/v2\/users\/1"}],"replies":[{"embeddable":true,"href":"https:\/\/consultinggroupsa.com.ar\/en\/wp-json\/wp\/v2\/comments?post=1823"}],"version-history":[{"count":6,"href":"https:\/\/consultinggroupsa.com.ar\/en\/wp-json\/wp\/v2\/pages\/1823\/revisions"}],"predecessor-version":[{"id":2834,"href":"https:\/\/consultinggroupsa.com.ar\/en\/wp-json\/wp\/v2\/pages\/1823\/revisions\/2834"}],"wp:featuredmedia":[{"embeddable":true,"href":"https:\/\/consultinggroupsa.com.ar\/en\/wp-json\/wp\/v2\/media\/1825"}],"wp:attachment":[{"href":"https:\/\/consultinggroupsa.com.ar\/en\/wp-json\/wp\/v2\/media?parent=1823"}],"curies":[{"name":"wp","href":"https:\/\/api.w.org\/{rel}","templated":true}]}}