{"id":1583,"date":"2020-08-27T05:13:24","date_gmt":"2020-08-27T08:13:24","guid":{"rendered":"https:\/\/consultinggroupsa.com.ar\/?page_id=1583"},"modified":"2020-10-15T09:55:29","modified_gmt":"2020-10-15T12:55:29","slug":"supermercadismo-y-retail","status":"publish","type":"page","link":"https:\/\/consultinggroupsa.com.ar\/pt\/industrias\/supermercados-e-varejo\/","title":{"rendered":"Supermercados e varejo"},"content":{"rendered":"<div data-elementor-type=\"wp-post\" data-elementor-id=\"1583\" class=\"elementor elementor-1583\" data-elementor-post-type=\"page\">\n\t\t\t\t\t\t<section class=\"elementor-section elementor-top-section elementor-element elementor-element-761c3b1 elementor-section-boxed elementor-section-height-default elementor-section-height-default\" data-id=\"761c3b1\" data-element_type=\"section\" data-settings=\"{&quot;background_background&quot;:&quot;classic&quot;}\">\n\t\t\t\t\t\t\t<div class=\"elementor-background-overlay\"><\/div>\n\t\t\t\t\t\t\t<div class=\"elementor-container elementor-column-gap-no\">\n\t\t\t\t\t<div class=\"elementor-column elementor-col-100 elementor-top-column elementor-element elementor-element-dcbabd2\" data-id=\"dcbabd2\" data-element_type=\"column\">\n\t\t\t<div class=\"elementor-widget-wrap elementor-element-populated\">\n\t\t\t\t\t\t<div class=\"elementor-element elementor-element-6ad5bf8 elementor-widget elementor-widget-heading\" data-id=\"6ad5bf8\" data-element_type=\"widget\" data-widget_type=\"heading.default\">\n\t\t\t\t<div class=\"elementor-widget-container\">\n\t\t\t<h1 class=\"elementor-heading-title elementor-size-default\">Supermercados e varejo<\/h1>\t\t<\/div>\n\t\t\t\t<\/div>\n\t\t\t\t<div class=\"elementor-element elementor-element-2efbbb3 elementor-widget elementor-widget-text-editor\" data-id=\"2efbbb3\" data-element_type=\"widget\" data-widget_type=\"text-editor.default\">\n\t\t\t\t<div class=\"elementor-widget-container\">\n\t\t\t\t\t\t\t<p>Solu\u00e7\u00f5es para Supermercados e Varejo\u00a0<\/p>\t\t\t\t\t\t<\/div>\n\t\t\t\t<\/div>\n\t\t\t\t\t<\/div>\n\t\t<\/div>\n\t\t\t\t\t<\/div>\n\t\t<\/section>\n\t\t\t\t<section class=\"elementor-section elementor-top-section elementor-element elementor-element-55401ce4 elementor-section-content-middle elementor-section-boxed elementor-section-height-default elementor-section-height-default\" data-id=\"55401ce4\" data-element_type=\"section\">\n\t\t\t\t\t\t<div class=\"elementor-container elementor-column-gap-no\">\n\t\t\t\t\t<div class=\"elementor-column elementor-col-50 elementor-top-column elementor-element elementor-element-6d9ec1d2\" data-id=\"6d9ec1d2\" data-element_type=\"column\">\n\t\t\t<div class=\"elementor-widget-wrap elementor-element-populated\">\n\t\t\t\t\t\t<div class=\"elementor-element elementor-element-273ee64b elementor-widget-divider--view-line elementor-widget elementor-widget-divider\" data-id=\"273ee64b\" data-element_type=\"widget\" data-widget_type=\"divider.default\">\n\t\t\t\t<div class=\"elementor-widget-container\">\n\t\t\t\t\t<div class=\"elementor-divider\">\n\t\t\t<span class=\"elementor-divider-separator\">\n\t\t\t\t\t\t<\/span>\n\t\t<\/div>\n\t\t\t\t<\/div>\n\t\t\t\t<\/div>\n\t\t\t\t<div class=\"elementor-element elementor-element-516c4463 elementor-widget elementor-widget-heading\" data-id=\"516c4463\" data-element_type=\"widget\" data-widget_type=\"heading.default\">\n\t\t\t\t<div class=\"elementor-widget-container\">\n\t\t\t<h4 class=\"elementor-heading-title elementor-size-default\">Supermercados<br> e varejo<\/h4>\t\t<\/div>\n\t\t\t\t<\/div>\n\t\t\t\t\t<\/div>\n\t\t<\/div>\n\t\t\t\t<div class=\"elementor-column elementor-col-50 elementor-top-column elementor-element elementor-element-5121d99b\" data-id=\"5121d99b\" data-element_type=\"column\">\n\t\t\t<div class=\"elementor-widget-wrap elementor-element-populated\">\n\t\t\t\t\t\t<div class=\"elementor-element elementor-element-505b1939 elementor-widget elementor-widget-text-editor\" data-id=\"505b1939\" data-element_type=\"widget\" data-widget_type=\"text-editor.default\">\n\t\t\t\t<div class=\"elementor-widget-container\">\n\t\t\t\t\t\t\t<p>Nos \u00faltimos anos,<b>\u00a0incerteza\u00a0<\/b>e ele <b>dinamismo\u00a0<\/b>s\u00e3o uma constante em nosso<b>\u00a0realidade de neg\u00f3cios.<\/b> Nesse contexto, as organiza\u00e7\u00f5es est\u00e3o em cont\u00ednua transforma\u00e7\u00e3o, por isso \u00e9 dif\u00edcil pensar que continuar\u00e3o operando indefinidamente da mesma forma.<br \/>Assim, a vis\u00e3o estrat\u00e9gica do neg\u00f3cio, profundo conhecimento do meio ambiente e um\u00a0<b>vantagem competitiva<\/b> baseados em recursos e capacidades dif\u00edceis de imitar, s\u00e3o elementos-chave para compreender esta constante e responder com oportunidade.<\/p><p>Desde o nosso in\u00edcio, fornecemos consultoria e aconselhamento para:<\/p>\t\t\t\t\t\t<\/div>\n\t\t\t\t<\/div>\n\t\t\t\t<div class=\"elementor-element elementor-element-4834a596 elementor-widget elementor-widget-text-editor\" data-id=\"4834a596\" data-element_type=\"widget\" data-widget_type=\"text-editor.default\">\n\t\t\t\t<div class=\"elementor-widget-container\">\n\t\t\t\t\t\t\t<ul><li>Minimercados<\/li><li>Supermercados<\/li><li>Hipermercados<\/li><li>Shopping centers \/ shoppings<\/li><li>Cadeias de Marketing<\/li><\/ul>\t\t\t\t\t\t<\/div>\n\t\t\t\t<\/div>\n\t\t\t\t\t<\/div>\n\t\t<\/div>\n\t\t\t\t\t<\/div>\n\t\t<\/section>\n\t\t\t\t<section class=\"elementor-section elementor-top-section elementor-element elementor-element-1090f54e elementor-section-content-middle elementor-section-boxed elementor-section-height-default elementor-section-height-default\" data-id=\"1090f54e\" data-element_type=\"section\" data-settings=\"{&quot;background_background&quot;:&quot;gradient&quot;,&quot;shape_divider_top&quot;:&quot;triangle&quot;}\">\n\t\t\t\t\t<div class=\"elementor-shape elementor-shape-top\" data-negative=\"false\">\n\t\t\t<svg xmlns=\"http:\/\/www.w3.org\/2000\/svg\" viewbox=\"0 0 1000 100\" preserveaspectratio=\"none\">\n\t<path class=\"elementor-shape-fill\" d=\"M500,98.9L0,6.1V0h1000v6.1L500,98.9z\"\/>\n<\/svg>\t\t<\/div>\n\t\t\t\t\t<div class=\"elementor-container elementor-column-gap-no\">\n\t\t\t\t\t<div class=\"elementor-column elementor-col-100 elementor-top-column elementor-element elementor-element-4983030f\" data-id=\"4983030f\" data-element_type=\"column\">\n\t\t\t<div class=\"elementor-widget-wrap elementor-element-populated\">\n\t\t\t\t\t\t<div class=\"elementor-element elementor-element-15e1ae0 elementor-invisible elementor-widget elementor-widget-heading\" data-id=\"15e1ae0\" data-element_type=\"widget\" data-settings=\"{&quot;_animation&quot;:&quot;fadeIn&quot;}\" data-widget_type=\"heading.default\">\n\t\t\t\t<div class=\"elementor-widget-container\">\n\t\t\t<h2 class=\"elementor-heading-title elementor-size-default\">Qual \u00e9 a nossa proposta para o setor de supermercados e varejo?<\/h2>\t\t<\/div>\n\t\t\t\t<\/div>\n\t\t\t\t<div class=\"elementor-element elementor-element-aaaa6a1 elementor-widget elementor-widget-text-editor\" data-id=\"aaaa6a1\" data-element_type=\"widget\" data-widget_type=\"text-editor.default\">\n\t\t\t\t<div class=\"elementor-widget-container\">\n\t\t\t\t\t\t\t<ul><li style=\"text-align: left;\">An\u00e1lise e avalia\u00e7\u00e3o da estrat\u00e9gia e cultura organizacional.<\/li><li style=\"text-align: left;\">Pesquisa, diagn\u00f3stico e medi\u00e7\u00e3o para executivos:<ul><li>Do clima organizacional.<\/li><li>De comunica\u00e7\u00e3o interna.<\/li><li>De integra\u00e7\u00e3o e coopera\u00e7\u00e3o intersetorial.<\/li><\/ul><\/li><li style=\"text-align: left;\">Desenho e implementa\u00e7\u00e3o de processos de melhoria cont\u00ednua.<\/li><li style=\"text-align: left;\">Assessoria na Avalia\u00e7\u00e3o e Desenvolvimento de seus Fornecedores.<\/li><li style=\"text-align: left;\">Defini\u00e7\u00e3o da Estrat\u00e9gia Comercial a N\u00edvel Regional e Benchmarking de servi\u00e7os complementares.<\/li><li style=\"text-align: left;\">Negocia\u00e7\u00e3o com Sindicatos e Fornecedores.<\/li><li style=\"text-align: left;\">Treinamento e Desenvolvimento: Instalamos um sistema de detec\u00e7\u00e3o remota e satisfa\u00e7\u00e3o das necessidades de treinamento.<\/li><li style=\"text-align: left;\">Detec\u00e7\u00e3o de oportunidades de terceiriza\u00e7\u00e3o na gest\u00e3o integral do neg\u00f3cio.<\/li><li style=\"text-align: left;\">Projeto e implementa\u00e7\u00e3o de Sistemas de Gest\u00e3o da Qualidade que inclui:<ul><li>Melhora cont\u00ednua<\/li><li>Garantia da Qualidade<\/li><li>Indicadores de gest\u00e3o<\/li><li>Multifuncionalidade da equipe<\/li><li>Custos de qualidade, etc<\/li><\/ul><\/li><li style=\"text-align: left;\">Pesquisa para levantamento de opini\u00e3o de clientes e colaboradores.<\/li><li style=\"text-align: left;\">Pesquisa de mercado.<\/li><li style=\"text-align: left;\">Busca e Sele\u00e7\u00e3o de Pessoal.<\/li><li style=\"text-align: left;\">Elabora\u00e7\u00e3o de plano de melhorias para os treinamentos necess\u00e1rios.<\/li><li style=\"text-align: left;\">Desenho e implementa\u00e7\u00e3o de um Sistema Integral de Sa\u00fade e Seguran\u00e7a.<\/li><li style=\"text-align: left;\">Estudo dos riscos e perigos para a sa\u00fade.<\/li><li style=\"text-align: left;\">Preven\u00e7\u00e3o de inc\u00eandio.<\/li><li style=\"text-align: left;\">Gerenciamento de crise.<\/li><li style=\"text-align: left;\">Projeto de imagem organizacional.<\/li><li style=\"text-align: left;\">Planos e estrat\u00e9gias de comunica\u00e7\u00e3o.<\/li><li style=\"text-align: left;\">Campanhas de promo\u00e7\u00e3o e eventos em geral.<\/li><li style=\"text-align: left;\">Auditorias inovadoras n\u00e3o tradicionais.<\/li><\/ul>\t\t\t\t\t\t<\/div>\n\t\t\t\t<\/div>\n\t\t\t\t\t<\/div>\n\t\t<\/div>\n\t\t\t\t\t<\/div>\n\t\t<\/section>\n\t\t\t\t<section class=\"elementor-section elementor-top-section elementor-element elementor-element-6f4d64a elementor-section-boxed elementor-section-height-default elementor-section-height-default\" data-id=\"6f4d64a\" data-element_type=\"section\">\n\t\t\t\t\t\t<div class=\"elementor-container elementor-column-gap-default\">\n\t\t\t\t\t<div class=\"elementor-column elementor-col-100 elementor-top-column elementor-element elementor-element-507e747b\" data-id=\"507e747b\" data-element_type=\"column\">\n\t\t\t<div class=\"elementor-widget-wrap elementor-element-populated\">\n\t\t\t\t\t\t<div class=\"elementor-element elementor-element-1b773e23 elementor-widget elementor-widget-text-editor\" data-id=\"1b773e23\" data-element_type=\"widget\" data-widget_type=\"text-editor.default\">\n\t\t\t\t<div class=\"elementor-widget-container\">\n\t\t\t\t\t\t\t<p>\t\t<div data-elementor-type=\"section\" data-elementor-id=\"2191\" class=\"elementor elementor-2191\" data-elementor-post-type=\"elementor_library\">\n\t\t\t\t\t<section class=\"elementor-section elementor-top-section elementor-element elementor-element-3c75307f elementor-section-content-middle elementor-section-boxed elementor-section-height-default elementor-section-height-default\" data-id=\"3c75307f\" data-element_type=\"section\" data-settings=\"{&quot;background_background&quot;:&quot;gradient&quot;}\">\n\t\t\t\t\t\t\t<div class=\"elementor-background-overlay\"><\/div>\n\t\t\t\t\t\t\t<div class=\"elementor-container elementor-column-gap-no\">\n\t\t\t\t\t<div class=\"elementor-column elementor-col-33 elementor-top-column elementor-element elementor-element-414ef55d\" data-id=\"414ef55d\" data-element_type=\"column\" data-settings=\"{&quot;background_background&quot;:&quot;classic&quot;}\">\n\t\t\t<div class=\"elementor-widget-wrap elementor-element-populated\">\n\t\t\t\t\t<div class=\"elementor-background-overlay\"><\/div>\n\t\t\t\t\t\t<div class=\"elementor-element elementor-element-4b5dfbea elementor-widget elementor-widget-image\" data-id=\"4b5dfbea\" data-element_type=\"widget\" data-widget_type=\"image.default\">\n\t\t\t\t<div class=\"elementor-widget-container\">\n\t\t\t\t\t\t\t\t\t\t\t\t\t<img fetchpriority=\"high\" decoding=\"async\" width=\"825\" height=\"510\" src=\"https:\/\/consultinggroupsa.com.ar\/wp-content\/uploads\/2020\/09\/centralita-virtual.jpg\" class=\"attachment-large size-large wp-image-2192\" alt=\"\" srcset=\"https:\/\/consultinggroupsa.com.ar\/wp-content\/uploads\/2020\/09\/centralita-virtual.jpg 825w, https:\/\/consultinggroupsa.com.ar\/wp-content\/uploads\/2020\/09\/centralita-virtual-300x185.jpg 300w, https:\/\/consultinggroupsa.com.ar\/wp-content\/uploads\/2020\/09\/centralita-virtual-768x475.jpg 768w, https:\/\/consultinggroupsa.com.ar\/wp-content\/uploads\/2020\/09\/centralita-virtual-24x15.jpg 24w, https:\/\/consultinggroupsa.com.ar\/wp-content\/uploads\/2020\/09\/centralita-virtual-36x22.jpg 36w, https:\/\/consultinggroupsa.com.ar\/wp-content\/uploads\/2020\/09\/centralita-virtual-48x30.jpg 48w\" sizes=\"(max-width: 825px) 100vw, 825px\" \/>\t\t\t\t\t\t\t\t\t\t\t\t\t<\/div>\n\t\t\t\t<\/div>\n\t\t\t\t\t<\/div>\n\t\t<\/div>\n\t\t\t\t<div class=\"elementor-column elementor-col-66 elementor-top-column elementor-element elementor-element-21a055e5\" data-id=\"21a055e5\" data-element_type=\"column\" data-settings=\"{&quot;background_background&quot;:&quot;classic&quot;}\">\n\t\t\t<div class=\"elementor-widget-wrap elementor-element-populated\">\n\t\t\t\t\t\t<div class=\"elementor-element elementor-element-5cf1a892 elementor-widget elementor-widget-heading\" data-id=\"5cf1a892\" data-element_type=\"widget\" data-widget_type=\"heading.default\">\n\t\t\t\t<div class=\"elementor-widget-container\">\n\t\t\t<h3 class=\"elementor-heading-title elementor-size-default\">Contate-Nos<\/h3>\t\t<\/div>\n\t\t\t\t<\/div>\n\t\t\t\t<div class=\"elementor-element elementor-element-379f1507 elementor-widget elementor-widget-text-editor\" data-id=\"379f1507\" data-element_type=\"widget\" data-widget_type=\"text-editor.default\">\n\t\t\t\t<div class=\"elementor-widget-container\">\n\t\t\t\t\t\t\t<p>Juntos encontraremos o caminho certo para sua organiza\u00e7\u00e3o<\/p>\t\t\t\t\t\t<\/div>\n\t\t\t\t<\/div>\n\t\t\t\t<div class=\"elementor-element elementor-element-163434b6 elementor-widget elementor-widget-button\" data-id=\"163434b6\" data-element_type=\"widget\" data-widget_type=\"button.default\">\n\t\t\t\t<div class=\"elementor-widget-container\">\n\t\t\t\t\t\t\t<div class=\"elementor-button-wrapper\">\n\t\t\t\t\t<a class=\"elementor-button elementor-button-link elementor-size-sm\" href=\"https:\/\/consultinggroupsa.com.ar\/pt\/contacto\/\">\n\t\t\t\t\t\t<span class=\"elementor-button-content-wrapper\">\n\t\t\t\t\t\t<span class=\"elementor-button-icon\">\n\t\t\t\t<i aria-hidden=\"true\" class=\"fas fa-long-arrow-alt-right\"><\/i>\t\t\t<\/span>\n\t\t\t\t\t\t\t\t\t<span class=\"elementor-button-text\">Contato<\/span>\n\t\t\t\t\t<\/span>\n\t\t\t\t\t<\/a>\n\t\t\t\t<\/div>\n\t\t\t\t\t\t<\/div>\n\t\t\t\t<\/div>\n\t\t\t\t\t<\/div>\n\t\t<\/div>\n\t\t\t\t\t<\/div>\n\t\t<\/section>\n\t\t\t\t<\/div>\n\t\t<\/p>\t\t\t\t\t\t<\/div>\n\t\t\t\t<\/div>\n\t\t\t\t\t<\/div>\n\t\t<\/div>\n\t\t\t\t\t<\/div>\n\t\t<\/section>\n\t\t\t\t<\/div>","protected":false},"excerpt":{"rendered":"<p>Supermercadismo y Retail Soluciones para Supermercadismo y Retail\u00a0 Supermercadismo y Retail En los \u00faltimos a\u00f1os, la\u00a0incertidumbre\u00a0y el dinamismo\u00a0son una constante en nuestra\u00a0realidad empresarial. En este contexto las organizaciones se encuentran en continua transformaci\u00f3n, por lo que es dif\u00edcil pensar que seguir\u00e1n operando indefinidamente de la misma forma.Es as\u00ed que la visi\u00f3n estrat\u00e9gica de negocio, el [&hellip;]<\/p>\n","protected":false},"author":1,"featured_media":0,"parent":1524,"menu_order":0,"comment_status":"closed","ping_status":"closed","template":"","meta":{"site-sidebar-layout":"no-sidebar","site-content-layout":"page-builder","ast-site-content-layout":"default","site-content-style":"default","site-sidebar-style":"default","ast-global-header-display":"","ast-banner-title-visibility":"","ast-main-header-display":"","ast-hfb-above-header-display":"","ast-hfb-below-header-display":"","ast-hfb-mobile-header-display":"","site-post-title":"disabled","ast-breadcrumbs-content":"","ast-featured-img":"disabled","footer-sml-layout":"","ast-disable-related-posts":"","theme-transparent-header-meta":"enabled","adv-header-id-meta":"","stick-header-meta":"default","header-above-stick-meta":"","header-main-stick-meta":"","header-below-stick-meta":"","astra-migrate-meta-layouts":"default","ast-page-background-enabled":"default","ast-page-background-meta":{"desktop":{"background-color":"var(--ast-global-color-4)","background-image":"","background-repeat":"repeat","background-position":"center center","background-size":"auto","background-attachment":"scroll","background-type":"","background-media":"","overlay-type":"","overlay-color":"","overlay-opacity":"","overlay-gradient":""},"tablet":{"background-color":"","background-image":"","background-repeat":"repeat","background-position":"center center","background-size":"auto","background-attachment":"scroll","background-type":"","background-media":"","overlay-type":"","overlay-color":"","overlay-opacity":"","overlay-gradient":""},"mobile":{"background-color":"","background-image":"","background-repeat":"repeat","background-position":"center center","background-size":"auto","background-attachment":"scroll","background-type":"","background-media":"","overlay-type":"","overlay-color":"","overlay-opacity":"","overlay-gradient":""}},"ast-content-background-meta":{"desktop":{"background-color":"var(--ast-global-color-5)","background-image":"","background-repeat":"repeat","background-position":"center center","background-size":"auto","background-attachment":"scroll","background-type":"","background-media":"","overlay-type":"","overlay-color":"","overlay-opacity":"","overlay-gradient":""},"tablet":{"background-color":"var(--ast-global-color-5)","background-image":"","background-repeat":"repeat","background-position":"center center","background-size":"auto","background-attachment":"scroll","background-type":"","background-media":"","overlay-type":"","overlay-color":"","overlay-opacity":"","overlay-gradient":""},"mobile":{"background-color":"var(--ast-global-color-5)","background-image":"","background-repeat":"repeat","background-position":"center center","background-size":"auto","background-attachment":"scroll","background-type":"","background-media":"","overlay-type":"","overlay-color":"","overlay-opacity":"","overlay-gradient":""}},"footnotes":""},"class_list":["post-1583","page","type-page","status-publish","hentry"],"yoast_head":"<!-- This site is optimized with the Yoast SEO plugin v27.6 - https:\/\/yoast.com\/product\/yoast-seo-wordpress\/ -->\n<title>Supermercadismo y retail -<\/title>\n<meta name=\"description\" content=\"Supermercadismo y Retail Soluciones para Supermercadismo y Retail\u00a0 Supermercadismo y Retail En los \u00faltimos a\u00f1os, la\u00a0incertidumbre\u00a0y el dinamismo\u00a0son una\" \/>\n<meta name=\"robots\" content=\"index, follow, max-snippet:-1, max-image-preview:large, max-video-preview:-1\" \/>\n<link rel=\"canonical\" href=\"https:\/\/consultinggroupsa.com.ar\/pt\/industrias\/supermercadismo-y-retail\/\" \/>\n<meta property=\"og:locale\" content=\"pt_BR\" \/>\n<meta property=\"og:type\" content=\"article\" \/>\n<meta property=\"og:title\" content=\"Supermercadismo y retail -\" \/>\n<meta property=\"og:description\" content=\"Supermercadismo y Retail Soluciones para Supermercadismo y Retail\u00a0 Supermercadismo y Retail En los \u00faltimos a\u00f1os, la\u00a0incertidumbre\u00a0y el dinamismo\u00a0son una\" \/>\n<meta property=\"og:url\" content=\"https:\/\/consultinggroupsa.com.ar\/pt\/industrias\/supermercadismo-y-retail\/\" \/>\n<meta property=\"article:modified_time\" content=\"2020-10-15T12:55:29+00:00\" \/>\n<meta name=\"twitter:card\" content=\"summary_large_image\" \/>\n<meta name=\"twitter:label1\" content=\"Est. tempo de leitura\" \/>\n\t<meta name=\"twitter:data1\" content=\"2 minutos\" \/>\n<script type=\"application\/ld+json\" class=\"yoast-schema-graph\">{\"@context\":\"https:\\\/\\\/schema.org\",\"@graph\":[{\"@type\":\"WebPage\",\"@id\":\"https:\\\/\\\/consultinggroupsa.com.ar\\\/industrias\\\/supermercadismo-y-retail\\\/\",\"url\":\"https:\\\/\\\/consultinggroupsa.com.ar\\\/industrias\\\/supermercadismo-y-retail\\\/\",\"name\":\"Supermercadismo y retail -\",\"isPartOf\":{\"@id\":\"https:\\\/\\\/consultinggroupsa.com.ar\\\/#website\"},\"datePublished\":\"2020-08-27T08:13:24+00:00\",\"dateModified\":\"2020-10-15T12:55:29+00:00\",\"description\":\"Supermercadismo y Retail Soluciones para Supermercadismo y Retail\u00a0 Supermercadismo y Retail En los \u00faltimos a\u00f1os, la\u00a0incertidumbre\u00a0y el dinamismo\u00a0son una\",\"breadcrumb\":{\"@id\":\"https:\\\/\\\/consultinggroupsa.com.ar\\\/industrias\\\/supermercadismo-y-retail\\\/#breadcrumb\"},\"inLanguage\":\"pt-BR\",\"potentialAction\":[{\"@type\":\"ReadAction\",\"target\":[\"https:\\\/\\\/consultinggroupsa.com.ar\\\/industrias\\\/supermercadismo-y-retail\\\/\"]}]},{\"@type\":\"BreadcrumbList\",\"@id\":\"https:\\\/\\\/consultinggroupsa.com.ar\\\/industrias\\\/supermercadismo-y-retail\\\/#breadcrumb\",\"itemListElement\":[{\"@type\":\"ListItem\",\"position\":1,\"name\":\"Home\",\"item\":\"https:\\\/\\\/consultinggroupsa.com.ar\\\/\"},{\"@type\":\"ListItem\",\"position\":2,\"name\":\"Industrias\",\"item\":\"https:\\\/\\\/consultinggroupsa.com.ar\\\/industrias\\\/\"},{\"@type\":\"ListItem\",\"position\":3,\"name\":\"Supermercadismo y retail\"}]},{\"@type\":\"WebSite\",\"@id\":\"https:\\\/\\\/consultinggroupsa.com.ar\\\/#website\",\"url\":\"https:\\\/\\\/consultinggroupsa.com.ar\\\/\",\"name\":\"\",\"description\":\"Un mundo de servicios\",\"publisher\":{\"@id\":\"https:\\\/\\\/consultinggroupsa.com.ar\\\/#organization\"},\"potentialAction\":[{\"@type\":\"SearchAction\",\"target\":{\"@type\":\"EntryPoint\",\"urlTemplate\":\"https:\\\/\\\/consultinggroupsa.com.ar\\\/?s={search_term_string}\"},\"query-input\":{\"@type\":\"PropertyValueSpecification\",\"valueRequired\":true,\"valueName\":\"search_term_string\"}}],\"inLanguage\":\"pt-BR\"},{\"@type\":\"Organization\",\"@id\":\"https:\\\/\\\/consultinggroupsa.com.ar\\\/#organization\",\"name\":\"Consulting Group SA\",\"url\":\"https:\\\/\\\/consultinggroupsa.com.ar\\\/\",\"logo\":{\"@type\":\"ImageObject\",\"inLanguage\":\"pt-BR\",\"@id\":\"https:\\\/\\\/consultinggroupsa.com.ar\\\/#\\\/schema\\\/logo\\\/image\\\/\",\"url\":\"https:\\\/\\\/consultinggroupsa.com.ar\\\/wp-content\\\/uploads\\\/2024\\\/06\\\/cropped-CG-Horizontal-con-Slogan-sin-fondo-RGB-40Aniv.png\",\"contentUrl\":\"https:\\\/\\\/consultinggroupsa.com.ar\\\/wp-content\\\/uploads\\\/2024\\\/06\\\/cropped-CG-Horizontal-con-Slogan-sin-fondo-RGB-40Aniv.png\",\"width\":2976,\"height\":990,\"caption\":\"Consulting Group SA\"},\"image\":{\"@id\":\"https:\\\/\\\/consultinggroupsa.com.ar\\\/#\\\/schema\\\/logo\\\/image\\\/\"}}]}<\/script>\n<!-- \/ Yoast SEO plugin. -->","yoast_head_json":{"title":"Supermercadismo y retail -","description":"Supermercados e Solu\u00e7\u00f5es de Varejo para Supermercados e Varejo Supermercados e Varejo Nos \u00faltimos anos, a incerteza e o dinamismo s\u00e3o um","robots":{"index":"index","follow":"follow","max-snippet":"max-snippet:-1","max-image-preview":"max-image-preview:large","max-video-preview":"max-video-preview:-1"},"canonical":"https:\/\/consultinggroupsa.com.ar\/pt\/industrias\/supermercadismo-y-retail\/","og_locale":"pt_BR","og_type":"article","og_title":"Supermercadismo y retail -","og_description":"Supermercadismo y Retail Soluciones para Supermercadismo y Retail\u00a0 Supermercadismo y Retail En los \u00faltimos a\u00f1os, la\u00a0incertidumbre\u00a0y el dinamismo\u00a0son una","og_url":"https:\/\/consultinggroupsa.com.ar\/pt\/industrias\/supermercadismo-y-retail\/","article_modified_time":"2020-10-15T12:55:29+00:00","twitter_card":"summary_large_image","twitter_misc":{"Est. tempo de leitura":"2 minutos"},"schema":{"@context":"https:\/\/schema.org","@graph":[{"@type":"WebPage","@id":"https:\/\/consultinggroupsa.com.ar\/industrias\/supermercadismo-y-retail\/","url":"https:\/\/consultinggroupsa.com.ar\/industrias\/supermercadismo-y-retail\/","name":"Supermercadismo y retail -","isPartOf":{"@id":"https:\/\/consultinggroupsa.com.ar\/#website"},"datePublished":"2020-08-27T08:13:24+00:00","dateModified":"2020-10-15T12:55:29+00:00","description":"Supermercados e Solu\u00e7\u00f5es de Varejo para Supermercados e Varejo Supermercados e Varejo Nos \u00faltimos anos, a incerteza e o dinamismo s\u00e3o um","breadcrumb":{"@id":"https:\/\/consultinggroupsa.com.ar\/industrias\/supermercadismo-y-retail\/#breadcrumb"},"inLanguage":"pt-BR","potentialAction":[{"@type":"ReadAction","target":["https:\/\/consultinggroupsa.com.ar\/industrias\/supermercadismo-y-retail\/"]}]},{"@type":"BreadcrumbList","@id":"https:\/\/consultinggroupsa.com.ar\/industrias\/supermercadismo-y-retail\/#breadcrumb","itemListElement":[{"@type":"ListItem","position":1,"name":"Home","item":"https:\/\/consultinggroupsa.com.ar\/"},{"@type":"ListItem","position":2,"name":"Industrias","item":"https:\/\/consultinggroupsa.com.ar\/industrias\/"},{"@type":"ListItem","position":3,"name":"Supermercadismo y retail"}]},{"@type":"WebSite","@id":"https:\/\/consultinggroupsa.com.ar\/#website","url":"https:\/\/consultinggroupsa.com.ar\/","name":"","description":"Un mundo de servicios","publisher":{"@id":"https:\/\/consultinggroupsa.com.ar\/#organization"},"potentialAction":[{"@type":"SearchAction","target":{"@type":"EntryPoint","urlTemplate":"https:\/\/consultinggroupsa.com.ar\/?s={search_term_string}"},"query-input":{"@type":"PropertyValueSpecification","valueRequired":true,"valueName":"search_term_string"}}],"inLanguage":"pt-BR"},{"@type":"Organization","@id":"https:\/\/consultinggroupsa.com.ar\/#organization","name":"Consulting Group SA","url":"https:\/\/consultinggroupsa.com.ar\/","logo":{"@type":"ImageObject","inLanguage":"pt-BR","@id":"https:\/\/consultinggroupsa.com.ar\/#\/schema\/logo\/image\/","url":"https:\/\/consultinggroupsa.com.ar\/wp-content\/uploads\/2024\/06\/cropped-CG-Horizontal-con-Slogan-sin-fondo-RGB-40Aniv.png","contentUrl":"https:\/\/consultinggroupsa.com.ar\/wp-content\/uploads\/2024\/06\/cropped-CG-Horizontal-con-Slogan-sin-fondo-RGB-40Aniv.png","width":2976,"height":990,"caption":"Consulting Group SA"},"image":{"@id":"https:\/\/consultinggroupsa.com.ar\/#\/schema\/logo\/image\/"}}]}},"_links":{"self":[{"href":"https:\/\/consultinggroupsa.com.ar\/pt\/wp-json\/wp\/v2\/pages\/1583","targetHints":{"allow":["GET"]}}],"collection":[{"href":"https:\/\/consultinggroupsa.com.ar\/pt\/wp-json\/wp\/v2\/pages"}],"about":[{"href":"https:\/\/consultinggroupsa.com.ar\/pt\/wp-json\/wp\/v2\/types\/page"}],"author":[{"embeddable":true,"href":"https:\/\/consultinggroupsa.com.ar\/pt\/wp-json\/wp\/v2\/users\/1"}],"replies":[{"embeddable":true,"href":"https:\/\/consultinggroupsa.com.ar\/pt\/wp-json\/wp\/v2\/comments?post=1583"}],"version-history":[{"count":9,"href":"https:\/\/consultinggroupsa.com.ar\/pt\/wp-json\/wp\/v2\/pages\/1583\/revisions"}],"predecessor-version":[{"id":2868,"href":"https:\/\/consultinggroupsa.com.ar\/pt\/wp-json\/wp\/v2\/pages\/1583\/revisions\/2868"}],"up":[{"embeddable":true,"href":"https:\/\/consultinggroupsa.com.ar\/pt\/wp-json\/wp\/v2\/pages\/1524"}],"wp:attachment":[{"href":"https:\/\/consultinggroupsa.com.ar\/pt\/wp-json\/wp\/v2\/media?parent=1583"}],"curies":[{"name":"wp","href":"https:\/\/api.w.org\/{rel}","templated":true}]}}