{"id":1755,"date":"2020-08-28T08:08:04","date_gmt":"2020-08-28T11:08:04","guid":{"rendered":"https:\/\/consultinggroupsa.com.ar\/?page_id=1755"},"modified":"2025-10-20T15:07:43","modified_gmt":"2025-10-20T18:07:43","slug":"blog","status":"publish","type":"page","link":"https:\/\/consultinggroupsa.com.ar\/pt\/blog\/","title":{"rendered":"Blog"},"content":{"rendered":"<h1>Blog<\/h1>\n<p>Nossos artigos de interesse e not\u00edcias<\/p>\n<p>\t\t\t\t\t\t\t\t<a href=\"https:\/\/consultinggroupsa.com.ar\/pt\/newsletter-enero\/\" title=\"Newsletter Enero\"><br \/>\n\t\t\t\t  \t\t\t\t\t<img decoding=\"async\" src=\"https:\/\/consultinggroupsa.com.ar\/wp-content\/uploads\/2021\/01\/Portada-Newsletter-Enero-New-1024x548.jpg\" alt=\"Newsletter Enero\"><br \/>\n\t\t\t\t  \t\t\t\t<\/a><\/p>\n<h4>\n\t\t\t\t\t\t\t\t\t\t<a href=\"https:\/\/consultinggroupsa.com.ar\/pt\/newsletter-enero\/\" title=\"Newsletter Enero\">Newsletter Enero<\/a><br \/>\n\t\t\t\t\t\t\t\t\t<\/h4>\n<p>            \t\t\t\t\t\t\t            \t\t\t\t\t\t\t\t28\/01\/2021<br \/>\n            \t\t\t\t\t\t\t            \t\t\t\t\t\t\t\t<a href=\"https:\/\/consultinggroupsa.com.ar\/pt\/category\/uncategorized\/\" rel=\"category tag\">Uncategorized<\/a>            \t\t\t\t\t\t\t            \t\t\t\t\t\t\t<\/p>\n<p>En este n\u00famero: 1.Para Reflexionar. Problemas de Comunicaci\u00f3n 2.Galer\u00eda de Soluciones: Soluci\u00f3n Especial 3.\u00bfQui\u00e9nes somos?<\/p>\n<p>\t\t\t\t\t\t\t\t\t\t\t\t\t\t\t\t\t<a href=\"https:\/\/consultinggroupsa.com.ar\/pt\/newsletter-enero\/\">ler mais<br \/>\n\t\t\t\t\t\t\t\t\t\t\t\t\t\t\t\t\t\t\t<\/a><br \/>\n\t\t\t\t  \t\t ul > .bdt-post-block-item; delay: 350;&#8221;><\/p>\n<ul>\n<li>\n\t\t\t\t  \t\t\t\t\t<a href=\"https:\/\/consultinggroupsa.com.ar\/pt\/smart-working\/\" title=\"Trabalho inteligente. Pontos a favor e contra\"><br \/>\n\t\t\t\t\t  \t\t\t\t\t<img decoding=\"async\" src=\"https:\/\/consultinggroupsa.com.ar\/wp-content\/uploads\/2020\/08\/smartworkinghome-a09a71fa25acc6c0ec00f65eba9bc869-1200x800-1-150x150.jpg\" alt=\"Trabalho inteligente. Pontos a favor e contra\"><br \/>\n\t\t\t\t\t  \t\t\t\t<\/a><\/p>\n<h4>\n\t\t\t\t\t\t\t\t\t\t\t<a href=\"https:\/\/consultinggroupsa.com.ar\/pt\/smart-working\/\" title=\"Trabalho inteligente. Pontos a favor e contra\">Trabalho inteligente. Pontos a favor e contra<\/a><br \/>\n\t\t\t\t\t\t\t\t\t\t<\/h4>\n<p>\t\t\t\t\t\t\t\t\t\t\t\t\t\t\t\t\t\t\t\t\t\t\t26\/08\/2020<br \/>\n\t\t\t\t\t\t\t\t\t\t\t\t\t\t\t\t\t\t\t\t\t\t\t<a href=\"https:\/\/consultinggroupsa.com.ar\/pt\/category\/productividad\/\" rel=\"category tag\">Produtividade<\/a>\n\t\t\t\t\t\t<\/li>\n<li>\n\t\t\t\t  \t\t\t\t\t<a href=\"https:\/\/consultinggroupsa.com.ar\/pt\/mejora-continua-que-es\/\" title=\"Melhoria cont\u00ednua: o que \u00e9 e como implement\u00e1-la\"><br \/>\n\t\t\t\t\t  \t\t\t\t\t<img decoding=\"async\" src=\"https:\/\/consultinggroupsa.com.ar\/wp-content\/uploads\/2020\/08\/pexels-bich-tran-669996-150x150.jpg\" alt=\"Melhoria cont\u00ednua: o que \u00e9 e como implement\u00e1-la\"><br \/>\n\t\t\t\t\t  \t\t\t\t<\/a><\/p>\n<h4>\n\t\t\t\t\t\t\t\t\t\t\t<a href=\"https:\/\/consultinggroupsa.com.ar\/pt\/mejora-continua-que-es\/\" title=\"Melhoria cont\u00ednua: o que \u00e9 e como implement\u00e1-la\">Melhoria cont\u00ednua: o que \u00e9 e como implement\u00e1-la<\/a><br \/>\n\t\t\t\t\t\t\t\t\t\t<\/h4>\n<p>\t\t\t\t\t\t\t\t\t\t\t\t\t\t\t\t\t\t\t\t\t\t\t26\/08\/2020<br \/>\n\t\t\t\t\t\t\t\t\t\t\t\t\t\t\t\t\t\t\t\t\t\t\t<a href=\"https:\/\/consultinggroupsa.com.ar\/pt\/category\/productividad\/\" rel=\"category tag\">Produtividade<\/a>\n\t\t\t\t\t\t<\/li>\n<li>\n\t\t\t\t  \t\t\t\t\t<a href=\"https:\/\/consultinggroupsa.com.ar\/pt\/que-es-la-responsabilidad-social-empresarial-rse\/\" title=\"O que \u00e9 Responsabilidade Social Corporativa (RSC)?\"><br \/>\n\t\t\t\t\t  \t\t\t\t\t<img decoding=\"async\" src=\"https:\/\/consultinggroupsa.com.ar\/wp-content\/uploads\/2020\/08\/pexels-akil-mazumder-1072824-150x150.jpg\" alt=\"O que \u00e9 Responsabilidade Social Corporativa (RSC)?\"><br \/>\n\t\t\t\t\t  \t\t\t\t<\/a><\/p>\n<h4>\n\t\t\t\t\t\t\t\t\t\t\t<a href=\"https:\/\/consultinggroupsa.com.ar\/pt\/que-es-la-responsabilidad-social-empresarial-rse\/\" title=\"O que \u00e9 Responsabilidade Social Corporativa (RSC)?\">O que \u00e9 Responsabilidade Social Corporativa (RSC)?<\/a><br \/>\n\t\t\t\t\t\t\t\t\t\t<\/h4>\n<p>\t\t\t\t\t\t\t\t\t\t\t\t\t\t\t\t\t\t\t\t\t\t\t26\/08\/2020<br \/>\n\t\t\t\t\t\t\t\t\t\t\t\t\t\t\t\t\t\t\t\t\t\t\t<a href=\"https:\/\/consultinggroupsa.com.ar\/pt\/category\/rse\/\" rel=\"category tag\">CSR<\/a>\n\t\t\t\t\t\t<\/li>\n<\/ul>\n<h4>Assine a nossa newsletter<\/h4>","protected":false},"excerpt":{"rendered":"<p>Blog Nuestros art\u00edculos de inter\u00e9s y actualidad Newsletter Enero 28\/01\/2021 Uncategorized En este n\u00famero: 1.Para Reflexionar. Problemas de Comunicaci\u00f3n 2.Galer\u00eda de Soluciones: Soluci\u00f3n Especial 3.\u00bfQui\u00e9nes somos? Leer m\u00e1s ul > .bdt-post-block-item; delay: 350;&#8221;> Smart Working. Puntos a favor y en contra 26\/08\/2020 Productividad Mejora continua: Qu\u00e9 es y c\u00f3mo implementarlo 26\/08\/2020 Productividad \u00bfQu\u00e9 es la [&hellip;]<\/p>\n","protected":false},"author":1,"featured_media":0,"parent":0,"menu_order":0,"comment_status":"closed","ping_status":"closed","template":"","meta":{"site-sidebar-layout":"no-sidebar","site-content-layout":"page-builder","ast-site-content-layout":"full-width-container","site-content-style":"unboxed","site-sidebar-style":"unboxed","ast-global-header-display":"","ast-banner-title-visibility":"","ast-main-header-display":"","ast-hfb-above-header-display":"","ast-hfb-below-header-display":"","ast-hfb-mobile-header-display":"","site-post-title":"disabled","ast-breadcrumbs-content":"","ast-featured-img":"disabled","footer-sml-layout":"","ast-disable-related-posts":"","theme-transparent-header-meta":"enabled","adv-header-id-meta":"","stick-header-meta":"default","header-above-stick-meta":"","header-main-stick-meta":"","header-below-stick-meta":"","astra-migrate-meta-layouts":"set","ast-page-background-enabled":"default","ast-page-background-meta":{"desktop":{"background-color":"var(--ast-global-color-4)","background-image":"","background-repeat":"repeat","background-position":"center center","background-size":"auto","background-attachment":"scroll","background-type":"","background-media":"","overlay-type":"","overlay-color":"","overlay-opacity":"","overlay-gradient":""},"tablet":{"background-color":"","background-image":"","background-repeat":"repeat","background-position":"center center","background-size":"auto","background-attachment":"scroll","background-type":"","background-media":"","overlay-type":"","overlay-color":"","overlay-opacity":"","overlay-gradient":""},"mobile":{"background-color":"","background-image":"","background-repeat":"repeat","background-position":"center center","background-size":"auto","background-attachment":"scroll","background-type":"","background-media":"","overlay-type":"","overlay-color":"","overlay-opacity":"","overlay-gradient":""}},"ast-content-background-meta":{"desktop":{"background-color":"var(--ast-global-color-5)","background-image":"","background-repeat":"repeat","background-position":"center center","background-size":"auto","background-attachment":"scroll","background-type":"","background-media":"","overlay-type":"","overlay-color":"","overlay-opacity":"","overlay-gradient":""},"tablet":{"background-color":"var(--ast-global-color-5)","background-image":"","background-repeat":"repeat","background-position":"center center","background-size":"auto","background-attachment":"scroll","background-type":"","background-media":"","overlay-type":"","overlay-color":"","overlay-opacity":"","overlay-gradient":""},"mobile":{"background-color":"var(--ast-global-color-5)","background-image":"","background-repeat":"repeat","background-position":"center center","background-size":"auto","background-attachment":"scroll","background-type":"","background-media":"","overlay-type":"","overlay-color":"","overlay-opacity":"","overlay-gradient":""}},"footnotes":""},"class_list":["post-1755","page","type-page","status-publish","hentry"],"yoast_head":"<!-- This site is optimized with the Yoast SEO plugin v27.4 - https:\/\/yoast.com\/product\/yoast-seo-wordpress\/ -->\n<title>Blog -<\/title>\n<meta name=\"description\" content=\"Blog Nuestros art\u00edculos de inter\u00e9s y actualidad Newsletter Enero 28\/01\/2021 Uncategorized En este n\u00famero: 1.Para Reflexionar. Problemas de Comunicaci\u00f3n\" \/>\n<meta name=\"robots\" content=\"index, follow, max-snippet:-1, max-image-preview:large, max-video-preview:-1\" \/>\n<link rel=\"canonical\" href=\"https:\/\/consultinggroupsa.com.ar\/pt\/blog\/\" \/>\n<meta property=\"og:locale\" content=\"pt_BR\" \/>\n<meta property=\"og:type\" content=\"article\" \/>\n<meta property=\"og:title\" content=\"Blog -\" \/>\n<meta property=\"og:description\" content=\"Blog Nuestros art\u00edculos de inter\u00e9s y actualidad Newsletter Enero 28\/01\/2021 Uncategorized En este n\u00famero: 1.Para Reflexionar. Problemas de Comunicaci\u00f3n\" \/>\n<meta property=\"og:url\" content=\"https:\/\/consultinggroupsa.com.ar\/pt\/blog\/\" \/>\n<meta property=\"article:modified_time\" content=\"2025-10-20T18:07:43+00:00\" \/>\n<meta property=\"og:image\" content=\"https:\/\/consultinggroupsa.com.ar\/wp-content\/uploads\/2021\/01\/Portada-Newsletter-Enero-New-1024x548.jpg\" \/>\n<meta name=\"twitter:card\" content=\"summary_large_image\" \/>\n<meta name=\"twitter:label1\" content=\"Est. tempo de leitura\" \/>\n\t<meta name=\"twitter:data1\" content=\"2 minutos\" \/>\n<script type=\"application\/ld+json\" class=\"yoast-schema-graph\">{\"@context\":\"https:\\\/\\\/schema.org\",\"@graph\":[{\"@type\":\"WebPage\",\"@id\":\"https:\\\/\\\/consultinggroupsa.com.ar\\\/blog\\\/\",\"url\":\"https:\\\/\\\/consultinggroupsa.com.ar\\\/blog\\\/\",\"name\":\"Blog -\",\"isPartOf\":{\"@id\":\"https:\\\/\\\/consultinggroupsa.com.ar\\\/#website\"},\"primaryImageOfPage\":{\"@id\":\"https:\\\/\\\/consultinggroupsa.com.ar\\\/blog\\\/#primaryimage\"},\"image\":{\"@id\":\"https:\\\/\\\/consultinggroupsa.com.ar\\\/blog\\\/#primaryimage\"},\"thumbnailUrl\":\"https:\\\/\\\/consultinggroupsa.com.ar\\\/wp-content\\\/uploads\\\/2021\\\/01\\\/Portada-Newsletter-Enero-New-1024x548.jpg\",\"datePublished\":\"2020-08-28T11:08:04+00:00\",\"dateModified\":\"2025-10-20T18:07:43+00:00\",\"description\":\"Blog Nuestros art\u00edculos de inter\u00e9s y actualidad Newsletter Enero 28\\\/01\\\/2021 Uncategorized En este n\u00famero: 1.Para Reflexionar. Problemas de Comunicaci\u00f3n\",\"breadcrumb\":{\"@id\":\"https:\\\/\\\/consultinggroupsa.com.ar\\\/blog\\\/#breadcrumb\"},\"inLanguage\":\"pt-BR\",\"potentialAction\":[{\"@type\":\"ReadAction\",\"target\":[\"https:\\\/\\\/consultinggroupsa.com.ar\\\/blog\\\/\"]}]},{\"@type\":\"ImageObject\",\"inLanguage\":\"pt-BR\",\"@id\":\"https:\\\/\\\/consultinggroupsa.com.ar\\\/blog\\\/#primaryimage\",\"url\":\"https:\\\/\\\/consultinggroupsa.com.ar\\\/wp-content\\\/uploads\\\/2021\\\/01\\\/Portada-Newsletter-Enero-New-1024x548.jpg\",\"contentUrl\":\"https:\\\/\\\/consultinggroupsa.com.ar\\\/wp-content\\\/uploads\\\/2021\\\/01\\\/Portada-Newsletter-Enero-New-1024x548.jpg\"},{\"@type\":\"BreadcrumbList\",\"@id\":\"https:\\\/\\\/consultinggroupsa.com.ar\\\/blog\\\/#breadcrumb\",\"itemListElement\":[{\"@type\":\"ListItem\",\"position\":1,\"name\":\"Home\",\"item\":\"https:\\\/\\\/consultinggroupsa.com.ar\\\/\"},{\"@type\":\"ListItem\",\"position\":2,\"name\":\"Blog\"}]},{\"@type\":\"WebSite\",\"@id\":\"https:\\\/\\\/consultinggroupsa.com.ar\\\/#website\",\"url\":\"https:\\\/\\\/consultinggroupsa.com.ar\\\/\",\"name\":\"\",\"description\":\"Un mundo de servicios\",\"publisher\":{\"@id\":\"https:\\\/\\\/consultinggroupsa.com.ar\\\/#organization\"},\"potentialAction\":[{\"@type\":\"SearchAction\",\"target\":{\"@type\":\"EntryPoint\",\"urlTemplate\":\"https:\\\/\\\/consultinggroupsa.com.ar\\\/?s={search_term_string}\"},\"query-input\":{\"@type\":\"PropertyValueSpecification\",\"valueRequired\":true,\"valueName\":\"search_term_string\"}}],\"inLanguage\":\"pt-BR\"},{\"@type\":\"Organization\",\"@id\":\"https:\\\/\\\/consultinggroupsa.com.ar\\\/#organization\",\"name\":\"Consulting Group SA\",\"url\":\"https:\\\/\\\/consultinggroupsa.com.ar\\\/\",\"logo\":{\"@type\":\"ImageObject\",\"inLanguage\":\"pt-BR\",\"@id\":\"https:\\\/\\\/consultinggroupsa.com.ar\\\/#\\\/schema\\\/logo\\\/image\\\/\",\"url\":\"https:\\\/\\\/consultinggroupsa.com.ar\\\/wp-content\\\/uploads\\\/2024\\\/06\\\/cropped-CG-Horizontal-con-Slogan-sin-fondo-RGB-40Aniv.png\",\"contentUrl\":\"https:\\\/\\\/consultinggroupsa.com.ar\\\/wp-content\\\/uploads\\\/2024\\\/06\\\/cropped-CG-Horizontal-con-Slogan-sin-fondo-RGB-40Aniv.png\",\"width\":2976,\"height\":990,\"caption\":\"Consulting Group SA\"},\"image\":{\"@id\":\"https:\\\/\\\/consultinggroupsa.com.ar\\\/#\\\/schema\\\/logo\\\/image\\\/\"}}]}<\/script>\n<!-- \/ Yoast SEO plugin. -->","yoast_head_json":{"title":"Blog -","description":"Blog Nuestros art\u00edculos de inter\u00e9s y actualidad Newsletter Enero 28\/01\/2021 Uncategorized En este n\u00famero: 1.Para Reflexionar. Problemas de Comunicaci\u00f3n","robots":{"index":"index","follow":"follow","max-snippet":"max-snippet:-1","max-image-preview":"max-image-preview:large","max-video-preview":"max-video-preview:-1"},"canonical":"https:\/\/consultinggroupsa.com.ar\/pt\/blog\/","og_locale":"pt_BR","og_type":"article","og_title":"Blog -","og_description":"Blog Nuestros art\u00edculos de inter\u00e9s y actualidad Newsletter Enero 28\/01\/2021 Uncategorized En este n\u00famero: 1.Para Reflexionar. Problemas de Comunicaci\u00f3n","og_url":"https:\/\/consultinggroupsa.com.ar\/pt\/blog\/","article_modified_time":"2025-10-20T18:07:43+00:00","og_image":[{"url":"https:\/\/consultinggroupsa.com.ar\/wp-content\/uploads\/2021\/01\/Portada-Newsletter-Enero-New-1024x548.jpg","type":"","width":"","height":""}],"twitter_card":"summary_large_image","twitter_misc":{"Est. tempo de leitura":"2 minutos"},"schema":{"@context":"https:\/\/schema.org","@graph":[{"@type":"WebPage","@id":"https:\/\/consultinggroupsa.com.ar\/blog\/","url":"https:\/\/consultinggroupsa.com.ar\/blog\/","name":"Blog -","isPartOf":{"@id":"https:\/\/consultinggroupsa.com.ar\/#website"},"primaryImageOfPage":{"@id":"https:\/\/consultinggroupsa.com.ar\/blog\/#primaryimage"},"image":{"@id":"https:\/\/consultinggroupsa.com.ar\/blog\/#primaryimage"},"thumbnailUrl":"https:\/\/consultinggroupsa.com.ar\/wp-content\/uploads\/2021\/01\/Portada-Newsletter-Enero-New-1024x548.jpg","datePublished":"2020-08-28T11:08:04+00:00","dateModified":"2025-10-20T18:07:43+00:00","description":"Blog Nuestros art\u00edculos de inter\u00e9s y actualidad Newsletter Enero 28\/01\/2021 Uncategorized En este n\u00famero: 1.Para Reflexionar. Problemas de Comunicaci\u00f3n","breadcrumb":{"@id":"https:\/\/consultinggroupsa.com.ar\/blog\/#breadcrumb"},"inLanguage":"pt-BR","potentialAction":[{"@type":"ReadAction","target":["https:\/\/consultinggroupsa.com.ar\/blog\/"]}]},{"@type":"ImageObject","inLanguage":"pt-BR","@id":"https:\/\/consultinggroupsa.com.ar\/blog\/#primaryimage","url":"https:\/\/consultinggroupsa.com.ar\/wp-content\/uploads\/2021\/01\/Portada-Newsletter-Enero-New-1024x548.jpg","contentUrl":"https:\/\/consultinggroupsa.com.ar\/wp-content\/uploads\/2021\/01\/Portada-Newsletter-Enero-New-1024x548.jpg"},{"@type":"BreadcrumbList","@id":"https:\/\/consultinggroupsa.com.ar\/blog\/#breadcrumb","itemListElement":[{"@type":"ListItem","position":1,"name":"Home","item":"https:\/\/consultinggroupsa.com.ar\/"},{"@type":"ListItem","position":2,"name":"Blog"}]},{"@type":"WebSite","@id":"https:\/\/consultinggroupsa.com.ar\/#website","url":"https:\/\/consultinggroupsa.com.ar\/","name":"","description":"Un mundo de servicios","publisher":{"@id":"https:\/\/consultinggroupsa.com.ar\/#organization"},"potentialAction":[{"@type":"SearchAction","target":{"@type":"EntryPoint","urlTemplate":"https:\/\/consultinggroupsa.com.ar\/?s={search_term_string}"},"query-input":{"@type":"PropertyValueSpecification","valueRequired":true,"valueName":"search_term_string"}}],"inLanguage":"pt-BR"},{"@type":"Organization","@id":"https:\/\/consultinggroupsa.com.ar\/#organization","name":"Consulting Group SA","url":"https:\/\/consultinggroupsa.com.ar\/","logo":{"@type":"ImageObject","inLanguage":"pt-BR","@id":"https:\/\/consultinggroupsa.com.ar\/#\/schema\/logo\/image\/","url":"https:\/\/consultinggroupsa.com.ar\/wp-content\/uploads\/2024\/06\/cropped-CG-Horizontal-con-Slogan-sin-fondo-RGB-40Aniv.png","contentUrl":"https:\/\/consultinggroupsa.com.ar\/wp-content\/uploads\/2024\/06\/cropped-CG-Horizontal-con-Slogan-sin-fondo-RGB-40Aniv.png","width":2976,"height":990,"caption":"Consulting Group SA"},"image":{"@id":"https:\/\/consultinggroupsa.com.ar\/#\/schema\/logo\/image\/"}}]}},"_links":{"self":[{"href":"https:\/\/consultinggroupsa.com.ar\/pt\/wp-json\/wp\/v2\/pages\/1755","targetHints":{"allow":["GET"]}}],"collection":[{"href":"https:\/\/consultinggroupsa.com.ar\/pt\/wp-json\/wp\/v2\/pages"}],"about":[{"href":"https:\/\/consultinggroupsa.com.ar\/pt\/wp-json\/wp\/v2\/types\/page"}],"author":[{"embeddable":true,"href":"https:\/\/consultinggroupsa.com.ar\/pt\/wp-json\/wp\/v2\/users\/1"}],"replies":[{"embeddable":true,"href":"https:\/\/consultinggroupsa.com.ar\/pt\/wp-json\/wp\/v2\/comments?post=1755"}],"version-history":[{"count":12,"href":"https:\/\/consultinggroupsa.com.ar\/pt\/wp-json\/wp\/v2\/pages\/1755\/revisions"}],"predecessor-version":[{"id":3497,"href":"https:\/\/consultinggroupsa.com.ar\/pt\/wp-json\/wp\/v2\/pages\/1755\/revisions\/3497"}],"wp:attachment":[{"href":"https:\/\/consultinggroupsa.com.ar\/pt\/wp-json\/wp\/v2\/media?parent=1755"}],"curies":[{"name":"wp","href":"https:\/\/api.w.org\/{rel}","templated":true}]}}