{"id":1799,"date":"2020-08-30T14:54:21","date_gmt":"2020-08-30T17:54:21","guid":{"rendered":"https:\/\/consultinggroupsa.com.ar\/?page_id=1799"},"modified":"2020-10-08T11:21:15","modified_gmt":"2020-10-08T14:21:15","slug":"auditorias-integradas-de-calidad","status":"publish","type":"page","link":"https:\/\/consultinggroupsa.com.ar\/pt\/auditorias-de-qualidade-integradas\/","title":{"rendered":"Auditorias Integradas de Qualidade, Meio Ambiente e Sa\u00fade, Seguran\u00e7a Ocupacional"},"content":{"rendered":"<div data-elementor-type=\"wp-post\" data-elementor-id=\"1799\" class=\"elementor elementor-1799\" data-elementor-post-type=\"page\">\n\t\t\t\t          <div data-parallax-id=\"bdt_scene761c3b1\"\r\n               id=\"bdt_scene761c3b1\" class=\"parallax-scene\">\r\n              \r\n                  \r\n                <div data-depth=\"0.1\"\r\n                     class=\"bdt-scene-item\" style=\"background-position-x: 50%; background-position-y: 50%; background-size: cover;\"><\/div>\r\n\r\n                        <\/div>\r\n\r\n            \t\t<section class=\"has-bdt-parallax elementor-section elementor-top-section elementor-element elementor-element-761c3b1 elementor-section-boxed elementor-section-height-default elementor-section-height-default\" data-id=\"761c3b1\" data-element_type=\"section\" data-settings=\"{&quot;background_background&quot;:&quot;classic&quot;}\">\n\t\t\t\t\t\t\t<div class=\"elementor-background-overlay\"><\/div>\n\t\t\t\t\t\t\t<div class=\"elementor-container elementor-column-gap-no\">\n\t\t\t\t\t<div class=\"elementor-column elementor-col-100 elementor-top-column elementor-element elementor-element-dcbabd2\" data-id=\"dcbabd2\" data-element_type=\"column\">\n\t\t\t<div class=\"elementor-widget-wrap elementor-element-populated\">\n\t\t\t\t\t\t<div class=\"elementor-element elementor-element-6ad5bf8 elementor-widget elementor-widget-heading\" data-id=\"6ad5bf8\" data-element_type=\"widget\" data-widget_type=\"heading.default\">\n\t\t\t\t<div class=\"elementor-widget-container\">\n\t\t\t<h1 class=\"elementor-heading-title elementor-size-default\">Auditorias Integradas de Qualidade, Meio Ambiente e Sa\u00fade, Seguran\u00e7a Ocupacional<\/h1>\t\t<\/div>\n\t\t\t\t<\/div>\n\t\t\t\t<div class=\"elementor-element elementor-element-2efbbb3 elementor-widget elementor-widget-text-editor\" data-id=\"2efbbb3\" data-element_type=\"widget\" data-widget_type=\"text-editor.default\">\n\t\t\t\t<div class=\"elementor-widget-container\">\n\t\t\t\t\t\t\t<p>Inova\u00e7\u00e3o, Compromisso, Objetividade e Especializa\u00e7\u00e3o<\/p>\t\t\t\t\t\t<\/div>\n\t\t\t\t<\/div>\n\t\t\t\t\t<\/div>\n\t\t<\/div>\n\t\t\t\t\t<\/div>\n\t\t<\/section>\n\t\t\t\t<section class=\"elementor-section elementor-top-section elementor-element elementor-element-1090f54e elementor-section-content-middle elementor-section-boxed elementor-section-height-default elementor-section-height-default\" data-id=\"1090f54e\" data-element_type=\"section\">\n\t\t\t\t\t\t<div class=\"elementor-container elementor-column-gap-no\">\n\t\t\t\t\t<div class=\"elementor-column elementor-col-100 elementor-top-column elementor-element elementor-element-4983030f\" data-id=\"4983030f\" data-element_type=\"column\">\n\t\t\t<div class=\"elementor-widget-wrap elementor-element-populated\">\n\t\t\t\t\t\t<div class=\"elementor-element elementor-element-15e1ae0 elementor-invisible elementor-widget elementor-widget-heading\" data-id=\"15e1ae0\" data-element_type=\"widget\" data-settings=\"{&quot;_animation&quot;:&quot;fadeIn&quot;}\" data-widget_type=\"heading.default\">\n\t\t\t\t<div class=\"elementor-widget-container\">\n\t\t\t<h2 class=\"elementor-heading-title elementor-size-default\">Para voc\u00ea que deve tomar uma decis\u00e3o conveniente\n<\/h2>\t\t<\/div>\n\t\t\t\t<\/div>\n\t\t\t\t<div class=\"elementor-element elementor-element-aaaa6a1 elementor-widget elementor-widget-text-editor\" data-id=\"aaaa6a1\" data-element_type=\"widget\" data-widget_type=\"text-editor.default\">\n\t\t\t\t<div class=\"elementor-widget-container\">\n\t\t\t\t\t\t\t<p>Nossa proposta de valor um <b>op\u00e7\u00e3o verdadeiramente diferente no Mercado Regional<\/b>.<b>\u00a0<\/b><\/p><p style=\"text-align: left;\"><b>5 tipos de servi\u00e7os muito diferentes,\u00a0<\/b>de acordo com o seu perfil de necessidade:<\/p><ul><li style=\"text-align: left;\">Avalia\u00e7\u00f5es de sistemas<\/li><li style=\"text-align: left;\">Pr\u00e9-Auditorias<\/li><li style=\"text-align: left;\">Aconselhamento e supervis\u00e3o de auditorias externas<\/li><li style=\"text-align: left;\">Consultoria p\u00f3s-auditoria externa<\/li><li style=\"text-align: left;\">Management Coaching A\u00e7\u00f5es corretivas e oportunidades de melhoria.<\/li><\/ul><p><b>\u00a0<\/b><\/p><p style=\"text-align: left;\">Voc\u00ea pode escolher combin\u00e1-lo com qualquer um destes 8\u00a0<b>Objetivos ou necessidades\u00a0 <\/b>o que voc\u00ea gosta<b>\u00a0 <\/b>A dire\u00e7\u00e3o ou sua gest\u00e3o decidem:<\/p><p style=\"text-align: left;\"><b>Procedimentos e metodologias\u00a0<\/b>valida\u00e7\u00e3o de pr\u00e1ticas de trabalho na preven\u00e7\u00e3o de<b>\u00a0COVID 19,\u00a0<\/b>Padr\u00f5es internacionais<b>\u00a0<\/b>ISO - QS - OHSAS - IATF, Padr\u00f5es de Produtividade<b>\u00a0<\/b>5S - Qualidade de Atendimento - Efici\u00eancia de Processo - Ambiente de Trabalho,\u00a0<b>Sistemas Integrados de Gest\u00e3o, Transpar\u00eancia<\/b>\u00a0Responsabilidade social corporativa, antissuborno, anticorrup\u00e7\u00e3o (ISO 37001), Servi\u00e7o de plataforma de m\u00eddia de TI,<b>Terceiriza\u00e7\u00e3o de Controle de Componentes, Assessoria para Controle em\u00a0<\/b>Sistema Toyota de Produ\u00e7\u00e3o (TPS)<\/p>\t\t\t\t\t\t<\/div>\n\t\t\t\t<\/div>\n\t\t\t\t\t<\/div>\n\t\t<\/div>\n\t\t\t\t\t<\/div>\n\t\t<\/section>\n\t\t\t\t<section class=\"elementor-section elementor-top-section elementor-element elementor-element-e49dfef elementor-section-content-middle elementor-section-boxed elementor-section-height-default elementor-section-height-default\" data-id=\"e49dfef\" data-element_type=\"section\" data-settings=\"{&quot;background_background&quot;:&quot;classic&quot;}\">\n\t\t\t\t\t\t<div class=\"elementor-container elementor-column-gap-no\">\n\t\t\t\t\t<div class=\"elementor-column elementor-col-100 elementor-top-column elementor-element elementor-element-3c4dda9\" data-id=\"3c4dda9\" data-element_type=\"column\">\n\t\t\t<div class=\"elementor-widget-wrap elementor-element-populated\">\n\t\t\t\t\t\t<div class=\"elementor-element elementor-element-4c10a45 elementor-widget elementor-widget-heading\" data-id=\"4c10a45\" data-element_type=\"widget\" data-widget_type=\"heading.default\">\n\t\t\t\t<div class=\"elementor-widget-container\">\n\t\t\t<h2 class=\"elementor-heading-title elementor-size-default\">Configuramos e executamos uma solu\u00e7\u00e3o adequada para atender as necessidades de sua organiza\u00e7\u00e3o<\/h2>\t\t<\/div>\n\t\t\t\t<\/div>\n\t\t\t\t<div class=\"elementor-element elementor-element-97023fe elementor-widget elementor-widget-heading\" data-id=\"97023fe\" data-element_type=\"widget\" data-widget_type=\"heading.default\">\n\t\t\t\t<div class=\"elementor-widget-container\">\n\t\t\t<h5 class=\"elementor-heading-title elementor-size-default\">Nossos servi\u00e7os s\u00e3o prestados em diferentes modalidades: Consultoria, Treinamento, Treinamento de Alta Performance, Coaching, Outsourcing, Auditoria. Presencial e \/ ou remoto<\/h5>\t\t<\/div>\n\t\t\t\t<\/div>\n\t\t\t\t\t<\/div>\n\t\t<\/div>\n\t\t\t\t\t<\/div>\n\t\t<\/section>\n\t\t\t\t<section class=\"elementor-section elementor-top-section elementor-element elementor-element-1d60f1b elementor-section-boxed elementor-section-height-default elementor-section-height-default\" data-id=\"1d60f1b\" data-element_type=\"section\">\n\t\t\t\t\t\t<div class=\"elementor-container elementor-column-gap-default\">\n\t\t\t\t\t<div class=\"elementor-column elementor-col-100 elementor-top-column elementor-element elementor-element-4d4ea38\" data-id=\"4d4ea38\" data-element_type=\"column\">\n\t\t\t<div class=\"elementor-widget-wrap elementor-element-populated\">\n\t\t\t\t\t\t<div class=\"elementor-element elementor-element-44b7d42 elementor-widget elementor-widget-text-editor\" data-id=\"44b7d42\" data-element_type=\"widget\" data-widget_type=\"text-editor.default\">\n\t\t\t\t<div class=\"elementor-widget-container\">\n\t\t\t\t\t\t\t<p>\t\t<div data-elementor-type=\"section\" data-elementor-id=\"2191\" class=\"elementor elementor-2191\" data-elementor-post-type=\"elementor_library\">\n\t\t\t\t\t<section class=\"elementor-section elementor-top-section elementor-element elementor-element-3c75307f elementor-section-content-middle elementor-section-boxed elementor-section-height-default elementor-section-height-default\" data-id=\"3c75307f\" data-element_type=\"section\" data-settings=\"{&quot;background_background&quot;:&quot;gradient&quot;}\">\n\t\t\t\t\t\t\t<div class=\"elementor-background-overlay\"><\/div>\n\t\t\t\t\t\t\t<div class=\"elementor-container elementor-column-gap-no\">\n\t\t\t\t\t<div class=\"elementor-column elementor-col-33 elementor-top-column elementor-element elementor-element-414ef55d\" data-id=\"414ef55d\" data-element_type=\"column\" data-settings=\"{&quot;background_background&quot;:&quot;classic&quot;}\">\n\t\t\t<div class=\"elementor-widget-wrap elementor-element-populated\">\n\t\t\t\t\t<div class=\"elementor-background-overlay\"><\/div>\n\t\t\t\t\t\t<div class=\"elementor-element elementor-element-4b5dfbea elementor-widget elementor-widget-image\" data-id=\"4b5dfbea\" data-element_type=\"widget\" data-widget_type=\"image.default\">\n\t\t\t\t<div class=\"elementor-widget-container\">\n\t\t\t\t\t\t\t\t\t\t\t\t\t<img fetchpriority=\"high\" decoding=\"async\" width=\"825\" height=\"510\" src=\"https:\/\/consultinggroupsa.com.ar\/wp-content\/uploads\/2020\/09\/centralita-virtual.jpg\" class=\"attachment-large size-large wp-image-2192\" alt=\"\" srcset=\"https:\/\/consultinggroupsa.com.ar\/wp-content\/uploads\/2020\/09\/centralita-virtual.jpg 825w, https:\/\/consultinggroupsa.com.ar\/wp-content\/uploads\/2020\/09\/centralita-virtual-300x185.jpg 300w, https:\/\/consultinggroupsa.com.ar\/wp-content\/uploads\/2020\/09\/centralita-virtual-768x475.jpg 768w, https:\/\/consultinggroupsa.com.ar\/wp-content\/uploads\/2020\/09\/centralita-virtual-24x15.jpg 24w, https:\/\/consultinggroupsa.com.ar\/wp-content\/uploads\/2020\/09\/centralita-virtual-36x22.jpg 36w, https:\/\/consultinggroupsa.com.ar\/wp-content\/uploads\/2020\/09\/centralita-virtual-48x30.jpg 48w\" sizes=\"(max-width: 825px) 100vw, 825px\" \/>\t\t\t\t\t\t\t\t\t\t\t\t\t<\/div>\n\t\t\t\t<\/div>\n\t\t\t\t\t<\/div>\n\t\t<\/div>\n\t\t\t\t<div class=\"elementor-column elementor-col-66 elementor-top-column elementor-element elementor-element-21a055e5\" data-id=\"21a055e5\" data-element_type=\"column\" data-settings=\"{&quot;background_background&quot;:&quot;classic&quot;}\">\n\t\t\t<div class=\"elementor-widget-wrap elementor-element-populated\">\n\t\t\t\t\t\t<div class=\"elementor-element elementor-element-5cf1a892 elementor-widget elementor-widget-heading\" data-id=\"5cf1a892\" data-element_type=\"widget\" data-widget_type=\"heading.default\">\n\t\t\t\t<div class=\"elementor-widget-container\">\n\t\t\t<h3 class=\"elementor-heading-title elementor-size-default\">Contate-Nos<\/h3>\t\t<\/div>\n\t\t\t\t<\/div>\n\t\t\t\t<div class=\"elementor-element elementor-element-379f1507 elementor-widget elementor-widget-text-editor\" data-id=\"379f1507\" data-element_type=\"widget\" data-widget_type=\"text-editor.default\">\n\t\t\t\t<div class=\"elementor-widget-container\">\n\t\t\t\t\t\t\t<p>Juntos encontraremos o caminho certo para sua organiza\u00e7\u00e3o<\/p>\t\t\t\t\t\t<\/div>\n\t\t\t\t<\/div>\n\t\t\t\t<div class=\"elementor-element elementor-element-163434b6 elementor-widget elementor-widget-button\" data-id=\"163434b6\" data-element_type=\"widget\" data-widget_type=\"button.default\">\n\t\t\t\t<div class=\"elementor-widget-container\">\n\t\t\t\t\t\t\t<div class=\"elementor-button-wrapper\">\n\t\t\t\t\t<a class=\"elementor-button elementor-button-link elementor-size-sm\" href=\"https:\/\/consultinggroupsa.com.ar\/pt\/contacto\/\">\n\t\t\t\t\t\t<span class=\"elementor-button-content-wrapper\">\n\t\t\t\t\t\t<span class=\"elementor-button-icon\">\n\t\t\t\t<i aria-hidden=\"true\" class=\"fas fa-long-arrow-alt-right\"><\/i>\t\t\t<\/span>\n\t\t\t\t\t\t\t\t\t<span class=\"elementor-button-text\">Contato<\/span>\n\t\t\t\t\t<\/span>\n\t\t\t\t\t<\/a>\n\t\t\t\t<\/div>\n\t\t\t\t\t\t<\/div>\n\t\t\t\t<\/div>\n\t\t\t\t\t<\/div>\n\t\t<\/div>\n\t\t\t\t\t<\/div>\n\t\t<\/section>\n\t\t\t\t<\/div>\n\t\t<\/p>\t\t\t\t\t\t<\/div>\n\t\t\t\t<\/div>\n\t\t\t\t\t<\/div>\n\t\t<\/div>\n\t\t\t\t\t<\/div>\n\t\t<\/section>\n\t\t\t\t<\/div>","protected":false},"excerpt":{"rendered":"<p>Auditorias Integradas de Calidad, Medio Ambiente y Salud, Seguridad Ocupacional Innovaci\u00f3n , Compromiso, Objetividad\u00a0y\u00a0Especializaci\u00f3n Para usted que debe tomar una decisi\u00f3n conveniente Nuestra Propuesta de Valor una opci\u00f3n verdaderamente diferente en el Mercado Regional.\u00a0 5 Tipos bien diferentes de Servicios,\u00a0seg\u00fan su perfil de necesidad : Evaluaciones de Sistemas Pre Auditor\u00edas Asesoramientos &amp; Supervisi\u00f3n de Auditor\u00edas [&hellip;]<\/p>\n","protected":false},"author":1,"featured_media":1801,"parent":0,"menu_order":0,"comment_status":"closed","ping_status":"closed","template":"","meta":{"site-sidebar-layout":"no-sidebar","site-content-layout":"page-builder","ast-site-content-layout":"default","site-content-style":"default","site-sidebar-style":"default","ast-global-header-display":"","ast-banner-title-visibility":"","ast-main-header-display":"","ast-hfb-above-header-display":"","ast-hfb-below-header-display":"","ast-hfb-mobile-header-display":"","site-post-title":"disabled","ast-breadcrumbs-content":"","ast-featured-img":"disabled","footer-sml-layout":"","ast-disable-related-posts":"","theme-transparent-header-meta":"enabled","adv-header-id-meta":"","stick-header-meta":"default","header-above-stick-meta":"","header-main-stick-meta":"","header-below-stick-meta":"","astra-migrate-meta-layouts":"default","ast-page-background-enabled":"default","ast-page-background-meta":{"desktop":{"background-color":"var(--ast-global-color-4)","background-image":"","background-repeat":"repeat","background-position":"center center","background-size":"auto","background-attachment":"scroll","background-type":"","background-media":"","overlay-type":"","overlay-color":"","overlay-opacity":"","overlay-gradient":""},"tablet":{"background-color":"","background-image":"","background-repeat":"repeat","background-position":"center center","background-size":"auto","background-attachment":"scroll","background-type":"","background-media":"","overlay-type":"","overlay-color":"","overlay-opacity":"","overlay-gradient":""},"mobile":{"background-color":"","background-image":"","background-repeat":"repeat","background-position":"center center","background-size":"auto","background-attachment":"scroll","background-type":"","background-media":"","overlay-type":"","overlay-color":"","overlay-opacity":"","overlay-gradient":""}},"ast-content-background-meta":{"desktop":{"background-color":"var(--ast-global-color-5)","background-image":"","background-repeat":"repeat","background-position":"center center","background-size":"auto","background-attachment":"scroll","background-type":"","background-media":"","overlay-type":"","overlay-color":"","overlay-opacity":"","overlay-gradient":""},"tablet":{"background-color":"var(--ast-global-color-5)","background-image":"","background-repeat":"repeat","background-position":"center center","background-size":"auto","background-attachment":"scroll","background-type":"","background-media":"","overlay-type":"","overlay-color":"","overlay-opacity":"","overlay-gradient":""},"mobile":{"background-color":"var(--ast-global-color-5)","background-image":"","background-repeat":"repeat","background-position":"center center","background-size":"auto","background-attachment":"scroll","background-type":"","background-media":"","overlay-type":"","overlay-color":"","overlay-opacity":"","overlay-gradient":""}},"footnotes":""},"class_list":["post-1799","page","type-page","status-publish","has-post-thumbnail","hentry"],"yoast_head":"<!-- This site is optimized with the Yoast SEO plugin v27.6 - https:\/\/yoast.com\/product\/yoast-seo-wordpress\/ -->\n<title>Auditorias Integradas de Calidad, Medio Ambiente y Salud, Seguridad Ocupacional -<\/title>\n<meta name=\"description\" content=\"Auditorias Integradas de Calidad, Medio Ambiente y Salud, Seguridad Ocupacional Innovaci\u00f3n , Compromiso, Objetividad\u00a0y\u00a0Especializaci\u00f3n Para usted que debe\" \/>\n<meta name=\"robots\" content=\"index, follow, max-snippet:-1, max-image-preview:large, max-video-preview:-1\" \/>\n<link rel=\"canonical\" href=\"https:\/\/consultinggroupsa.com.ar\/pt\/integrated-quality-audits\/\" \/>\n<meta property=\"og:locale\" content=\"pt_BR\" \/>\n<meta property=\"og:type\" content=\"article\" \/>\n<meta property=\"og:title\" content=\"Auditorias Integradas de Calidad, Medio Ambiente y Salud, Seguridad Ocupacional -\" \/>\n<meta property=\"og:description\" content=\"Auditorias Integradas de Calidad, Medio Ambiente y Salud, Seguridad Ocupacional Innovaci\u00f3n , Compromiso, Objetividad\u00a0y\u00a0Especializaci\u00f3n Para usted que debe\" \/>\n<meta property=\"og:url\" content=\"https:\/\/consultinggroupsa.com.ar\/pt\/integrated-quality-audits\/\" \/>\n<meta property=\"article:modified_time\" content=\"2020-10-08T14:21:15+00:00\" \/>\n<meta property=\"og:image\" content=\"https:\/\/consultinggroupsa.com.ar\/wp-content\/uploads\/2020\/08\/pexels-thisisengineering-3862603.jpg\" \/>\n\t<meta property=\"og:image:width\" content=\"1280\" \/>\n\t<meta property=\"og:image:height\" content=\"853\" \/>\n\t<meta property=\"og:image:type\" content=\"image\/jpeg\" \/>\n<meta name=\"twitter:card\" content=\"summary_large_image\" \/>\n<meta name=\"twitter:label1\" content=\"Est. tempo de leitura\" \/>\n\t<meta name=\"twitter:data1\" content=\"1 minuto\" \/>\n<script type=\"application\/ld+json\" class=\"yoast-schema-graph\">{\"@context\":\"https:\\\/\\\/schema.org\",\"@graph\":[{\"@type\":\"WebPage\",\"@id\":\"https:\\\/\\\/consultinggroupsa.com.ar\\\/en\\\/integrated-quality-audits\\\/\",\"url\":\"https:\\\/\\\/consultinggroupsa.com.ar\\\/en\\\/integrated-quality-audits\\\/\",\"name\":\"Auditorias Integradas de Calidad, Medio Ambiente y Salud, Seguridad Ocupacional -\",\"isPartOf\":{\"@id\":\"https:\\\/\\\/consultinggroupsa.com.ar\\\/#website\"},\"primaryImageOfPage\":{\"@id\":\"https:\\\/\\\/consultinggroupsa.com.ar\\\/en\\\/integrated-quality-audits\\\/#primaryimage\"},\"image\":{\"@id\":\"https:\\\/\\\/consultinggroupsa.com.ar\\\/en\\\/integrated-quality-audits\\\/#primaryimage\"},\"thumbnailUrl\":\"https:\\\/\\\/consultinggroupsa.com.ar\\\/wp-content\\\/uploads\\\/2020\\\/08\\\/pexels-thisisengineering-3862603.jpg\",\"datePublished\":\"2020-08-30T17:54:21+00:00\",\"dateModified\":\"2020-10-08T14:21:15+00:00\",\"description\":\"Auditorias Integradas de Calidad, Medio Ambiente y Salud, Seguridad Ocupacional Innovaci\u00f3n , Compromiso, Objetividad\u00a0y\u00a0Especializaci\u00f3n Para usted que debe\",\"breadcrumb\":{\"@id\":\"https:\\\/\\\/consultinggroupsa.com.ar\\\/en\\\/integrated-quality-audits\\\/#breadcrumb\"},\"inLanguage\":\"pt-BR\",\"potentialAction\":[{\"@type\":\"ReadAction\",\"target\":[\"https:\\\/\\\/consultinggroupsa.com.ar\\\/en\\\/integrated-quality-audits\\\/\"]}]},{\"@type\":\"ImageObject\",\"inLanguage\":\"pt-BR\",\"@id\":\"https:\\\/\\\/consultinggroupsa.com.ar\\\/en\\\/integrated-quality-audits\\\/#primaryimage\",\"url\":\"https:\\\/\\\/consultinggroupsa.com.ar\\\/wp-content\\\/uploads\\\/2020\\\/08\\\/pexels-thisisengineering-3862603.jpg\",\"contentUrl\":\"https:\\\/\\\/consultinggroupsa.com.ar\\\/wp-content\\\/uploads\\\/2020\\\/08\\\/pexels-thisisengineering-3862603.jpg\",\"width\":1280,\"height\":853},{\"@type\":\"BreadcrumbList\",\"@id\":\"https:\\\/\\\/consultinggroupsa.com.ar\\\/en\\\/integrated-quality-audits\\\/#breadcrumb\",\"itemListElement\":[{\"@type\":\"ListItem\",\"position\":1,\"name\":\"Home\",\"item\":\"https:\\\/\\\/consultinggroupsa.com.ar\\\/\"},{\"@type\":\"ListItem\",\"position\":2,\"name\":\"Auditorias Integradas de Calidad, Medio Ambiente y Salud, Seguridad Ocupacional\"}]},{\"@type\":\"WebSite\",\"@id\":\"https:\\\/\\\/consultinggroupsa.com.ar\\\/#website\",\"url\":\"https:\\\/\\\/consultinggroupsa.com.ar\\\/\",\"name\":\"\",\"description\":\"Un mundo de servicios\",\"publisher\":{\"@id\":\"https:\\\/\\\/consultinggroupsa.com.ar\\\/#organization\"},\"potentialAction\":[{\"@type\":\"SearchAction\",\"target\":{\"@type\":\"EntryPoint\",\"urlTemplate\":\"https:\\\/\\\/consultinggroupsa.com.ar\\\/?s={search_term_string}\"},\"query-input\":{\"@type\":\"PropertyValueSpecification\",\"valueRequired\":true,\"valueName\":\"search_term_string\"}}],\"inLanguage\":\"pt-BR\"},{\"@type\":\"Organization\",\"@id\":\"https:\\\/\\\/consultinggroupsa.com.ar\\\/#organization\",\"name\":\"Consulting Group SA\",\"url\":\"https:\\\/\\\/consultinggroupsa.com.ar\\\/\",\"logo\":{\"@type\":\"ImageObject\",\"inLanguage\":\"pt-BR\",\"@id\":\"https:\\\/\\\/consultinggroupsa.com.ar\\\/#\\\/schema\\\/logo\\\/image\\\/\",\"url\":\"https:\\\/\\\/consultinggroupsa.com.ar\\\/wp-content\\\/uploads\\\/2024\\\/06\\\/cropped-CG-Horizontal-con-Slogan-sin-fondo-RGB-40Aniv.png\",\"contentUrl\":\"https:\\\/\\\/consultinggroupsa.com.ar\\\/wp-content\\\/uploads\\\/2024\\\/06\\\/cropped-CG-Horizontal-con-Slogan-sin-fondo-RGB-40Aniv.png\",\"width\":2976,\"height\":990,\"caption\":\"Consulting Group SA\"},\"image\":{\"@id\":\"https:\\\/\\\/consultinggroupsa.com.ar\\\/#\\\/schema\\\/logo\\\/image\\\/\"}}]}<\/script>\n<!-- \/ Yoast SEO plugin. -->","yoast_head_json":{"title":"Auditorias Integradas de Calidad, Medio Ambiente y Salud, Seguridad Ocupacional -","description":"Auditorias Integradas de Qualidade, Meio Ambiente e Sa\u00fade, Inova\u00e7\u00e3o em Seguran\u00e7a do Trabalho, Compromisso, Objetividade e Especializa\u00e7\u00e3o Pra voc\u00ea o que deve","robots":{"index":"index","follow":"follow","max-snippet":"max-snippet:-1","max-image-preview":"max-image-preview:large","max-video-preview":"max-video-preview:-1"},"canonical":"https:\/\/consultinggroupsa.com.ar\/pt\/integrated-quality-audits\/","og_locale":"pt_BR","og_type":"article","og_title":"Auditorias Integradas de Calidad, Medio Ambiente y Salud, Seguridad Ocupacional -","og_description":"Auditorias Integradas de Calidad, Medio Ambiente y Salud, Seguridad Ocupacional Innovaci\u00f3n , Compromiso, Objetividad\u00a0y\u00a0Especializaci\u00f3n Para usted que debe","og_url":"https:\/\/consultinggroupsa.com.ar\/pt\/integrated-quality-audits\/","article_modified_time":"2020-10-08T14:21:15+00:00","og_image":[{"width":1280,"height":853,"url":"https:\/\/consultinggroupsa.com.ar\/wp-content\/uploads\/2020\/08\/pexels-thisisengineering-3862603.jpg","type":"image\/jpeg"}],"twitter_card":"summary_large_image","twitter_misc":{"Est. tempo de leitura":"1 minuto"},"schema":{"@context":"https:\/\/schema.org","@graph":[{"@type":"WebPage","@id":"https:\/\/consultinggroupsa.com.ar\/en\/integrated-quality-audits\/","url":"https:\/\/consultinggroupsa.com.ar\/en\/integrated-quality-audits\/","name":"Auditorias Integradas de Calidad, Medio Ambiente y Salud, Seguridad Ocupacional -","isPartOf":{"@id":"https:\/\/consultinggroupsa.com.ar\/#website"},"primaryImageOfPage":{"@id":"https:\/\/consultinggroupsa.com.ar\/en\/integrated-quality-audits\/#primaryimage"},"image":{"@id":"https:\/\/consultinggroupsa.com.ar\/en\/integrated-quality-audits\/#primaryimage"},"thumbnailUrl":"https:\/\/consultinggroupsa.com.ar\/wp-content\/uploads\/2020\/08\/pexels-thisisengineering-3862603.jpg","datePublished":"2020-08-30T17:54:21+00:00","dateModified":"2020-10-08T14:21:15+00:00","description":"Auditorias Integradas de Qualidade, Meio Ambiente e Sa\u00fade, Inova\u00e7\u00e3o em Seguran\u00e7a do Trabalho, Compromisso, Objetividade e Especializa\u00e7\u00e3o Pra voc\u00ea o que deve","breadcrumb":{"@id":"https:\/\/consultinggroupsa.com.ar\/en\/integrated-quality-audits\/#breadcrumb"},"inLanguage":"pt-BR","potentialAction":[{"@type":"ReadAction","target":["https:\/\/consultinggroupsa.com.ar\/en\/integrated-quality-audits\/"]}]},{"@type":"ImageObject","inLanguage":"pt-BR","@id":"https:\/\/consultinggroupsa.com.ar\/en\/integrated-quality-audits\/#primaryimage","url":"https:\/\/consultinggroupsa.com.ar\/wp-content\/uploads\/2020\/08\/pexels-thisisengineering-3862603.jpg","contentUrl":"https:\/\/consultinggroupsa.com.ar\/wp-content\/uploads\/2020\/08\/pexels-thisisengineering-3862603.jpg","width":1280,"height":853},{"@type":"BreadcrumbList","@id":"https:\/\/consultinggroupsa.com.ar\/en\/integrated-quality-audits\/#breadcrumb","itemListElement":[{"@type":"ListItem","position":1,"name":"Home","item":"https:\/\/consultinggroupsa.com.ar\/"},{"@type":"ListItem","position":2,"name":"Auditorias Integradas de Calidad, Medio Ambiente y Salud, Seguridad Ocupacional"}]},{"@type":"WebSite","@id":"https:\/\/consultinggroupsa.com.ar\/#website","url":"https:\/\/consultinggroupsa.com.ar\/","name":"","description":"Un mundo de servicios","publisher":{"@id":"https:\/\/consultinggroupsa.com.ar\/#organization"},"potentialAction":[{"@type":"SearchAction","target":{"@type":"EntryPoint","urlTemplate":"https:\/\/consultinggroupsa.com.ar\/?s={search_term_string}"},"query-input":{"@type":"PropertyValueSpecification","valueRequired":true,"valueName":"search_term_string"}}],"inLanguage":"pt-BR"},{"@type":"Organization","@id":"https:\/\/consultinggroupsa.com.ar\/#organization","name":"Consulting Group SA","url":"https:\/\/consultinggroupsa.com.ar\/","logo":{"@type":"ImageObject","inLanguage":"pt-BR","@id":"https:\/\/consultinggroupsa.com.ar\/#\/schema\/logo\/image\/","url":"https:\/\/consultinggroupsa.com.ar\/wp-content\/uploads\/2024\/06\/cropped-CG-Horizontal-con-Slogan-sin-fondo-RGB-40Aniv.png","contentUrl":"https:\/\/consultinggroupsa.com.ar\/wp-content\/uploads\/2024\/06\/cropped-CG-Horizontal-con-Slogan-sin-fondo-RGB-40Aniv.png","width":2976,"height":990,"caption":"Consulting Group SA"},"image":{"@id":"https:\/\/consultinggroupsa.com.ar\/#\/schema\/logo\/image\/"}}]}},"_links":{"self":[{"href":"https:\/\/consultinggroupsa.com.ar\/pt\/wp-json\/wp\/v2\/pages\/1799","targetHints":{"allow":["GET"]}}],"collection":[{"href":"https:\/\/consultinggroupsa.com.ar\/pt\/wp-json\/wp\/v2\/pages"}],"about":[{"href":"https:\/\/consultinggroupsa.com.ar\/pt\/wp-json\/wp\/v2\/types\/page"}],"author":[{"embeddable":true,"href":"https:\/\/consultinggroupsa.com.ar\/pt\/wp-json\/wp\/v2\/users\/1"}],"replies":[{"embeddable":true,"href":"https:\/\/consultinggroupsa.com.ar\/pt\/wp-json\/wp\/v2\/comments?post=1799"}],"version-history":[{"count":5,"href":"https:\/\/consultinggroupsa.com.ar\/pt\/wp-json\/wp\/v2\/pages\/1799\/revisions"}],"predecessor-version":[{"id":2822,"href":"https:\/\/consultinggroupsa.com.ar\/pt\/wp-json\/wp\/v2\/pages\/1799\/revisions\/2822"}],"wp:featuredmedia":[{"embeddable":true,"href":"https:\/\/consultinggroupsa.com.ar\/pt\/wp-json\/wp\/v2\/media\/1801"}],"wp:attachment":[{"href":"https:\/\/consultinggroupsa.com.ar\/pt\/wp-json\/wp\/v2\/media?parent=1799"}],"curies":[{"name":"wp","href":"https:\/\/api.w.org\/{rel}","templated":true}]}}