{"id":2712,"date":"2020-10-02T05:05:02","date_gmt":"2020-10-02T08:05:02","guid":{"rendered":"https:\/\/consultinggroupsa.com.ar\/?page_id=2712"},"modified":"2020-10-02T05:11:24","modified_gmt":"2020-10-02T08:11:24","slug":"politica-privacidad","status":"publish","type":"page","link":"https:\/\/consultinggroupsa.com.ar\/pt\/politica-de-privacidade\/","title":{"rendered":"Pol\u00edtica de privacidade"},"content":{"rendered":"<div data-elementor-type=\"wp-post\" data-elementor-id=\"2712\" class=\"elementor elementor-2712\" data-elementor-post-type=\"page\">\n\t\t\t\t\t\t<section class=\"elementor-section elementor-top-section elementor-element elementor-element-761c3b1 elementor-section-boxed elementor-section-height-default elementor-section-height-default\" data-id=\"761c3b1\" data-element_type=\"section\" data-settings=\"{&quot;background_background&quot;:&quot;classic&quot;}\">\n\t\t\t\t\t\t\t<div class=\"elementor-background-overlay\"><\/div>\n\t\t\t\t\t\t\t<div class=\"elementor-container elementor-column-gap-no\">\n\t\t\t\t\t<div class=\"elementor-column elementor-col-100 elementor-top-column elementor-element elementor-element-dcbabd2\" data-id=\"dcbabd2\" data-element_type=\"column\">\n\t\t\t<div class=\"elementor-widget-wrap elementor-element-populated\">\n\t\t\t\t\t\t<div class=\"elementor-element elementor-element-6ad5bf8 elementor-widget elementor-widget-heading\" data-id=\"6ad5bf8\" data-element_type=\"widget\" data-widget_type=\"heading.default\">\n\t\t\t\t<div class=\"elementor-widget-container\">\n\t\t\t<h1 class=\"elementor-heading-title elementor-size-default\">Pol\u00edtica de privacidade<\/h1>\t\t<\/div>\n\t\t\t\t<\/div>\n\t\t\t\t\t<\/div>\n\t\t<\/div>\n\t\t\t\t\t<\/div>\n\t\t<\/section>\n\t\t\t\t<section class=\"elementor-section elementor-top-section elementor-element elementor-element-673136e elementor-section-boxed elementor-section-height-default elementor-section-height-default\" data-id=\"673136e\" data-element_type=\"section\" data-settings=\"{&quot;background_background&quot;:&quot;classic&quot;}\">\n\t\t\t\t\t\t<div class=\"elementor-container elementor-column-gap-no\">\n\t\t\t\t\t<div class=\"elementor-column elementor-col-100 elementor-top-column elementor-element elementor-element-dc07cf0\" data-id=\"dc07cf0\" data-element_type=\"column\">\n\t\t\t<div class=\"elementor-widget-wrap elementor-element-populated\">\n\t\t\t\t\t\t<div class=\"elementor-element elementor-element-5791b96 elementor-widget elementor-widget-text-editor\" data-id=\"5791b96\" data-element_type=\"widget\" data-widget_type=\"text-editor.default\">\n\t\t\t\t<div class=\"elementor-widget-container\">\n\t\t\t\t\t\t\t<p>Esta Pol\u00edtica de Privacidade estabelece os termos em que Consulting Group SA usa e protege as informa\u00e7\u00f5es que s\u00e3o fornecidas por seus usu\u00e1rios durante a utiliza\u00e7\u00e3o de seu site. Esta empresa est\u00e1 comprometida com a seguran\u00e7a dos dados de seus usu\u00e1rios. Quando solicitamos que voc\u00ea preencha os campos de informa\u00e7\u00f5es pessoais com os quais voc\u00ea pode se identificar, fazemos isso garantindo que s\u00f3 ser\u00e3o utilizadas de acordo com os termos deste documento. No entanto, esta Pol\u00edtica de Privacidade pode mudar com o tempo ou ser atualizada, por isso recomendamos e enfatizamos que voc\u00ea analise continuamente esta p\u00e1gina para garantir que concorda com tais mudan\u00e7as.<\/p><p><strong>Informa\u00e7\u00f5es que s\u00e3o coletadas<\/strong><\/p><p>Nosso site pode coletar informa\u00e7\u00f5es pessoais como: Nome, informa\u00e7\u00f5es de contato, como endere\u00e7o de e-mail e informa\u00e7\u00f5es demogr\u00e1ficas. Da mesma forma, quando necess\u00e1rio, informa\u00e7\u00f5es espec\u00edficas podem ser exigidas para processar um pedido ou fazer uma entrega ou faturamento.<\/p><p><strong>Uso das informa\u00e7\u00f5es coletadas<\/strong><\/p><p>Nosso site usa as informa\u00e7\u00f5es para fornecer o melhor servi\u00e7o poss\u00edvel, especialmente para manter um registro de usu\u00e1rios, pedidos, se aplic\u00e1vel, e melhorar nossos produtos e servi\u00e7os. \u00c9 poss\u00edvel que emails sejam enviados periodicamente atrav\u00e9s do nosso site com ofertas especiais, novos produtos e outras informa\u00e7\u00f5es publicit\u00e1rias que consideramos relevantes para voc\u00ea ou que possam lhe trazer algum benef\u00edcio, esses emails ser\u00e3o enviados para o endere\u00e7o que voc\u00ea fornecer e poder\u00e3o ser cancelados em qualquer momento.<\/p><p>Consulting Group SA est\u00e1 altamente comprometido em cumprir o compromisso de manter suas informa\u00e7\u00f5es seguras. Utilizamos os sistemas mais avan\u00e7ados e os atualizamos constantemente para garantir que n\u00e3o haja acessos n\u00e3o autorizados.<\/p><p><strong>biscoitos<\/strong><\/p><p>Um cookie refere-se a um arquivo que \u00e9 enviado com o objetivo de solicitar permiss\u00e3o para ser armazenado em seu computador, ao aceitar o referido arquivo ele \u00e9 criado e o cookie serve ent\u00e3o para ter informa\u00e7\u00f5es sobre o tr\u00e1fego da web, al\u00e9m de facilitar futuras visitas a uma web recorrente. Outra fun\u00e7\u00e3o dos cookies \u00e9 que com eles a web pode reconhec\u00ea-lo individualmente e, portanto, fornecer-lhe o melhor servi\u00e7o personalizado de sua web.<\/p><p>Nosso site usa cookies para identificar as p\u00e1ginas visitadas e sua frequ\u00eancia. Essas informa\u00e7\u00f5es s\u00e3o usadas apenas para an\u00e1lise estat\u00edstica e, em seguida, as informa\u00e7\u00f5es s\u00e3o exclu\u00eddas permanentemente. Voc\u00ea pode excluir cookies a qualquer momento do seu computador. Por\u00e9m, os cookies ajudam a fornecer um melhor servi\u00e7o nos sites, voc\u00ea n\u00e3o d\u00e1 acesso \u00e0s informa\u00e7\u00f5es do seu computador ou de voc\u00ea, a menos que queira e forne\u00e7a-as diretamente. Voc\u00ea pode aceitar ou negar o uso de cookies, no entanto, a maioria dos navegadores aceita cookies automaticamente, pois serve para ter um melhor servi\u00e7o da web. Voc\u00ea tamb\u00e9m pode alterar as configura\u00e7\u00f5es do computador para recusar cookies. Se eles forem recusados, voc\u00ea pode n\u00e3o conseguir usar alguns de nossos servi\u00e7os.<\/p><p><strong>Links para terceiros<\/strong><\/p><p>Este site pode conter links para outros sites que podem ser do seu interesse. Depois de clicar nesses links e sair de nossa p\u00e1gina, n\u00e3o temos mais controle sobre o site para o qual voc\u00ea \u00e9 redirecionado e, portanto, n\u00e3o somos respons\u00e1veis pelos termos de privacidade ou pela prote\u00e7\u00e3o de seus dados nesses outros sites de terceiros. Esses sites est\u00e3o sujeitos \u00e0s suas pr\u00f3prias pol\u00edticas de privacidade, portanto, \u00e9 recomend\u00e1vel consult\u00e1-los para confirmar que concorda com eles.<\/p><p><strong>Controle de suas informa\u00e7\u00f5es pessoais<\/strong><\/p><p>A qualquer momento, voc\u00ea pode restringir a coleta ou uso de informa\u00e7\u00f5es pessoais fornecidas em nosso site. Cada vez que voc\u00ea \u00e9 solicitado a preencher um formul\u00e1rio, como registro de usu\u00e1rio, voc\u00ea pode marcar ou desmarcar a op\u00e7\u00e3o de receber informa\u00e7\u00f5es por e-mail. Caso tenha assinalado a op\u00e7\u00e3o de receber a nossa newsletter ou publicidade, pode cancel\u00e1-la a qualquer momento.<\/p><p>Esta empresa n\u00e3o vender\u00e1, ceder\u00e1 ou distribuir\u00e1 as informa\u00e7\u00f5es pessoais coletadas sem o seu consentimento, a menos que exigido por um juiz com ordem judicial.<\/p><p>Consulting Group SA reserva-se o direito de alterar os termos desta Pol\u00edtica de Privacidade a qualquer momento.<\/p>\t\t\t\t\t\t<\/div>\n\t\t\t\t<\/div>\n\t\t\t\t\t<\/div>\n\t\t<\/div>\n\t\t\t\t\t<\/div>\n\t\t<\/section>\n\t\t\t\t<\/div>","protected":false},"excerpt":{"rendered":"<p>Pol\u00edtica de Privacidad La presente Pol\u00edtica de Privacidad establece los t\u00e9rminos en que Consulting Group SA usa y protege la informaci\u00f3n que es proporcionada por sus usuarios al momento de utilizar su sitio web. Esta compa\u00f1\u00eda est\u00e1 comprometida con la seguridad de los datos de sus usuarios. Cuando le pedimos llenar los campos de informaci\u00f3n [&hellip;]<\/p>\n","protected":false},"author":1,"featured_media":0,"parent":0,"menu_order":0,"comment_status":"closed","ping_status":"closed","template":"","meta":{"site-sidebar-layout":"no-sidebar","site-content-layout":"page-builder","ast-site-content-layout":"default","site-content-style":"default","site-sidebar-style":"default","ast-global-header-display":"","ast-banner-title-visibility":"","ast-main-header-display":"","ast-hfb-above-header-display":"","ast-hfb-below-header-display":"","ast-hfb-mobile-header-display":"","site-post-title":"disabled","ast-breadcrumbs-content":"","ast-featured-img":"disabled","footer-sml-layout":"","ast-disable-related-posts":"","theme-transparent-header-meta":"enabled","adv-header-id-meta":"","stick-header-meta":"","header-above-stick-meta":"","header-main-stick-meta":"","header-below-stick-meta":"","astra-migrate-meta-layouts":"default","ast-page-background-enabled":"default","ast-page-background-meta":{"desktop":{"background-color":"var(--ast-global-color-4)","background-image":"","background-repeat":"repeat","background-position":"center center","background-size":"auto","background-attachment":"scroll","background-type":"","background-media":"","overlay-type":"","overlay-color":"","overlay-opacity":"","overlay-gradient":""},"tablet":{"background-color":"","background-image":"","background-repeat":"repeat","background-position":"center center","background-size":"auto","background-attachment":"scroll","background-type":"","background-media":"","overlay-type":"","overlay-color":"","overlay-opacity":"","overlay-gradient":""},"mobile":{"background-color":"","background-image":"","background-repeat":"repeat","background-position":"center center","background-size":"auto","background-attachment":"scroll","background-type":"","background-media":"","overlay-type":"","overlay-color":"","overlay-opacity":"","overlay-gradient":""}},"ast-content-background-meta":{"desktop":{"background-color":"var(--ast-global-color-5)","background-image":"","background-repeat":"repeat","background-position":"center center","background-size":"auto","background-attachment":"scroll","background-type":"","background-media":"","overlay-type":"","overlay-color":"","overlay-opacity":"","overlay-gradient":""},"tablet":{"background-color":"var(--ast-global-color-5)","background-image":"","background-repeat":"repeat","background-position":"center center","background-size":"auto","background-attachment":"scroll","background-type":"","background-media":"","overlay-type":"","overlay-color":"","overlay-opacity":"","overlay-gradient":""},"mobile":{"background-color":"var(--ast-global-color-5)","background-image":"","background-repeat":"repeat","background-position":"center center","background-size":"auto","background-attachment":"scroll","background-type":"","background-media":"","overlay-type":"","overlay-color":"","overlay-opacity":"","overlay-gradient":""}},"footnotes":""},"class_list":["post-2712","page","type-page","status-publish","hentry"],"yoast_head":"<!-- This site is optimized with the Yoast SEO plugin v27.4 - https:\/\/yoast.com\/product\/yoast-seo-wordpress\/ -->\n<title>Pol\u00edtica de privacidad -<\/title>\n<meta name=\"description\" content=\"Pol\u00edtica de Privacidad La presente Pol\u00edtica de Privacidad establece los t\u00e9rminos en que Consulting Group SA usa y protege la informaci\u00f3n que es\" \/>\n<meta name=\"robots\" content=\"index, follow, max-snippet:-1, max-image-preview:large, max-video-preview:-1\" \/>\n<link rel=\"canonical\" href=\"https:\/\/consultinggroupsa.com.ar\/pt\/politica-privacidad\/\" \/>\n<meta property=\"og:locale\" content=\"pt_BR\" \/>\n<meta property=\"og:type\" content=\"article\" \/>\n<meta property=\"og:title\" content=\"Pol\u00edtica de privacidad -\" \/>\n<meta property=\"og:description\" content=\"Pol\u00edtica de Privacidad La presente Pol\u00edtica de Privacidad establece los t\u00e9rminos en que Consulting Group SA usa y protege la informaci\u00f3n que es\" \/>\n<meta property=\"og:url\" content=\"https:\/\/consultinggroupsa.com.ar\/pt\/politica-privacidad\/\" \/>\n<meta property=\"article:modified_time\" content=\"2020-10-02T08:11:24+00:00\" \/>\n<meta name=\"twitter:card\" content=\"summary_large_image\" \/>\n<meta name=\"twitter:label1\" content=\"Est. tempo de leitura\" \/>\n\t<meta name=\"twitter:data1\" content=\"4 minutos\" \/>\n<script type=\"application\/ld+json\" class=\"yoast-schema-graph\">{\"@context\":\"https:\\\/\\\/schema.org\",\"@graph\":[{\"@type\":\"WebPage\",\"@id\":\"https:\\\/\\\/consultinggroupsa.com.ar\\\/politica-privacidad\\\/\",\"url\":\"https:\\\/\\\/consultinggroupsa.com.ar\\\/politica-privacidad\\\/\",\"name\":\"Pol\u00edtica de privacidad -\",\"isPartOf\":{\"@id\":\"https:\\\/\\\/consultinggroupsa.com.ar\\\/#website\"},\"datePublished\":\"2020-10-02T08:05:02+00:00\",\"dateModified\":\"2020-10-02T08:11:24+00:00\",\"description\":\"Pol\u00edtica de Privacidad La presente Pol\u00edtica de Privacidad establece los t\u00e9rminos en que Consulting Group SA usa y protege la informaci\u00f3n que es\",\"breadcrumb\":{\"@id\":\"https:\\\/\\\/consultinggroupsa.com.ar\\\/politica-privacidad\\\/#breadcrumb\"},\"inLanguage\":\"pt-BR\",\"potentialAction\":[{\"@type\":\"ReadAction\",\"target\":[\"https:\\\/\\\/consultinggroupsa.com.ar\\\/politica-privacidad\\\/\"]}]},{\"@type\":\"BreadcrumbList\",\"@id\":\"https:\\\/\\\/consultinggroupsa.com.ar\\\/politica-privacidad\\\/#breadcrumb\",\"itemListElement\":[{\"@type\":\"ListItem\",\"position\":1,\"name\":\"Home\",\"item\":\"https:\\\/\\\/consultinggroupsa.com.ar\\\/\"},{\"@type\":\"ListItem\",\"position\":2,\"name\":\"Pol\u00edtica de privacidad\"}]},{\"@type\":\"WebSite\",\"@id\":\"https:\\\/\\\/consultinggroupsa.com.ar\\\/#website\",\"url\":\"https:\\\/\\\/consultinggroupsa.com.ar\\\/\",\"name\":\"\",\"description\":\"Un mundo de servicios\",\"publisher\":{\"@id\":\"https:\\\/\\\/consultinggroupsa.com.ar\\\/#organization\"},\"potentialAction\":[{\"@type\":\"SearchAction\",\"target\":{\"@type\":\"EntryPoint\",\"urlTemplate\":\"https:\\\/\\\/consultinggroupsa.com.ar\\\/?s={search_term_string}\"},\"query-input\":{\"@type\":\"PropertyValueSpecification\",\"valueRequired\":true,\"valueName\":\"search_term_string\"}}],\"inLanguage\":\"pt-BR\"},{\"@type\":\"Organization\",\"@id\":\"https:\\\/\\\/consultinggroupsa.com.ar\\\/#organization\",\"name\":\"Consulting Group SA\",\"url\":\"https:\\\/\\\/consultinggroupsa.com.ar\\\/\",\"logo\":{\"@type\":\"ImageObject\",\"inLanguage\":\"pt-BR\",\"@id\":\"https:\\\/\\\/consultinggroupsa.com.ar\\\/#\\\/schema\\\/logo\\\/image\\\/\",\"url\":\"https:\\\/\\\/consultinggroupsa.com.ar\\\/wp-content\\\/uploads\\\/2024\\\/06\\\/cropped-CG-Horizontal-con-Slogan-sin-fondo-RGB-40Aniv.png\",\"contentUrl\":\"https:\\\/\\\/consultinggroupsa.com.ar\\\/wp-content\\\/uploads\\\/2024\\\/06\\\/cropped-CG-Horizontal-con-Slogan-sin-fondo-RGB-40Aniv.png\",\"width\":2976,\"height\":990,\"caption\":\"Consulting Group SA\"},\"image\":{\"@id\":\"https:\\\/\\\/consultinggroupsa.com.ar\\\/#\\\/schema\\\/logo\\\/image\\\/\"}}]}<\/script>\n<!-- \/ Yoast SEO plugin. -->","yoast_head_json":{"title":"Pol\u00edtica de privacidad -","description":"Pol\u00edtica de Privacidade Esta Pol\u00edtica de Privacidade estabelece os termos em que Consulting Group SA usa e protege as informa\u00e7\u00f5es que s\u00e3o","robots":{"index":"index","follow":"follow","max-snippet":"max-snippet:-1","max-image-preview":"max-image-preview:large","max-video-preview":"max-video-preview:-1"},"canonical":"https:\/\/consultinggroupsa.com.ar\/pt\/politica-privacidad\/","og_locale":"pt_BR","og_type":"article","og_title":"Pol\u00edtica de privacidad -","og_description":"Pol\u00edtica de Privacidad La presente Pol\u00edtica de Privacidad establece los t\u00e9rminos en que Consulting Group SA usa y protege la informaci\u00f3n que es","og_url":"https:\/\/consultinggroupsa.com.ar\/pt\/politica-privacidad\/","article_modified_time":"2020-10-02T08:11:24+00:00","twitter_card":"summary_large_image","twitter_misc":{"Est. tempo de leitura":"4 minutos"},"schema":{"@context":"https:\/\/schema.org","@graph":[{"@type":"WebPage","@id":"https:\/\/consultinggroupsa.com.ar\/politica-privacidad\/","url":"https:\/\/consultinggroupsa.com.ar\/politica-privacidad\/","name":"Pol\u00edtica de privacidad -","isPartOf":{"@id":"https:\/\/consultinggroupsa.com.ar\/#website"},"datePublished":"2020-10-02T08:05:02+00:00","dateModified":"2020-10-02T08:11:24+00:00","description":"Pol\u00edtica de Privacidade Esta Pol\u00edtica de Privacidade estabelece os termos em que Consulting Group SA usa e protege as informa\u00e7\u00f5es que s\u00e3o","breadcrumb":{"@id":"https:\/\/consultinggroupsa.com.ar\/politica-privacidad\/#breadcrumb"},"inLanguage":"pt-BR","potentialAction":[{"@type":"ReadAction","target":["https:\/\/consultinggroupsa.com.ar\/politica-privacidad\/"]}]},{"@type":"BreadcrumbList","@id":"https:\/\/consultinggroupsa.com.ar\/politica-privacidad\/#breadcrumb","itemListElement":[{"@type":"ListItem","position":1,"name":"Home","item":"https:\/\/consultinggroupsa.com.ar\/"},{"@type":"ListItem","position":2,"name":"Pol\u00edtica de privacidad"}]},{"@type":"WebSite","@id":"https:\/\/consultinggroupsa.com.ar\/#website","url":"https:\/\/consultinggroupsa.com.ar\/","name":"","description":"Un mundo de servicios","publisher":{"@id":"https:\/\/consultinggroupsa.com.ar\/#organization"},"potentialAction":[{"@type":"SearchAction","target":{"@type":"EntryPoint","urlTemplate":"https:\/\/consultinggroupsa.com.ar\/?s={search_term_string}"},"query-input":{"@type":"PropertyValueSpecification","valueRequired":true,"valueName":"search_term_string"}}],"inLanguage":"pt-BR"},{"@type":"Organization","@id":"https:\/\/consultinggroupsa.com.ar\/#organization","name":"Consulting Group SA","url":"https:\/\/consultinggroupsa.com.ar\/","logo":{"@type":"ImageObject","inLanguage":"pt-BR","@id":"https:\/\/consultinggroupsa.com.ar\/#\/schema\/logo\/image\/","url":"https:\/\/consultinggroupsa.com.ar\/wp-content\/uploads\/2024\/06\/cropped-CG-Horizontal-con-Slogan-sin-fondo-RGB-40Aniv.png","contentUrl":"https:\/\/consultinggroupsa.com.ar\/wp-content\/uploads\/2024\/06\/cropped-CG-Horizontal-con-Slogan-sin-fondo-RGB-40Aniv.png","width":2976,"height":990,"caption":"Consulting Group SA"},"image":{"@id":"https:\/\/consultinggroupsa.com.ar\/#\/schema\/logo\/image\/"}}]}},"_links":{"self":[{"href":"https:\/\/consultinggroupsa.com.ar\/pt\/wp-json\/wp\/v2\/pages\/2712","targetHints":{"allow":["GET"]}}],"collection":[{"href":"https:\/\/consultinggroupsa.com.ar\/pt\/wp-json\/wp\/v2\/pages"}],"about":[{"href":"https:\/\/consultinggroupsa.com.ar\/pt\/wp-json\/wp\/v2\/types\/page"}],"author":[{"embeddable":true,"href":"https:\/\/consultinggroupsa.com.ar\/pt\/wp-json\/wp\/v2\/users\/1"}],"replies":[{"embeddable":true,"href":"https:\/\/consultinggroupsa.com.ar\/pt\/wp-json\/wp\/v2\/comments?post=2712"}],"version-history":[{"count":3,"href":"https:\/\/consultinggroupsa.com.ar\/pt\/wp-json\/wp\/v2\/pages\/2712\/revisions"}],"predecessor-version":[{"id":2716,"href":"https:\/\/consultinggroupsa.com.ar\/pt\/wp-json\/wp\/v2\/pages\/2712\/revisions\/2716"}],"wp:attachment":[{"href":"https:\/\/consultinggroupsa.com.ar\/pt\/wp-json\/wp\/v2\/media?parent=2712"}],"curies":[{"name":"wp","href":"https:\/\/api.w.org\/{rel}","templated":true}]}}